{"id":138338,"date":"2025-01-04T04:14:08","date_gmt":"2025-01-09T20:34:40","guid":{"rendered":"https:\/\/staging.nbg.eu\/product\/area-419-remington-700-long-action-improved-scope-rail-isr-la\/"},"modified":"2025-01-09T20:36:56","modified_gmt":"2025-01-09T20:36:56","slug":"area-419-remington-700-long-action-uzlabota-temekla-sliede-isr-la","status":"publish","type":"product","link":"https:\/\/staging.nbg.eu\/lv\/product\/area-419-remington-700-long-action-uzlabota-temekla-sliede-isr-la\/","title":{"rendered":"Area 419 &#8211; Remington 700 Long Action uzlabota temekla sliede (ISR-LA)"},"content":{"rendered":"<div class=\"product-description\">\n<h2>Area 419 &#8211; Remington 700 gar\u0101s darb\u012bbas uzlabot\u0101 t\u0113mek\u013ca sliede (ISR-LA)<\/h2>\n<p>Area 419 ISR-LA t\u0113mek\u013ca sliede. Izgatavota no 7075 alum\u012bnija, \u0161ai sliedei ir \u0161\u0101das \u012bpa\u0161\u012bbas:<\/p>\n<ul>\n<li>Integr\u0113ta atsitiena m\u0113l\u012bte stabilit\u0101tei<\/li>\n<li>Pieejama piln\u012bb\u0101 rievota un ARC aug\u0161da\u013cas dizain\u0101<\/li>\n<li>Sader\u012bga ar #6 un #8 skr\u016bv\u0113m<\/li>\n<li>20 MOA le\u0146\u0137is<\/li>\n<li>Atbilst MIL-STD-1913 standartam<\/li>\n<li>III tipa melna anod\u0113ta apdare<\/li>\n<\/ul>\n<p>Komplekt\u0101 iek\u013cauta mont\u0101\u017eas aparat\u016bra un Torx T10 uzgrie\u017e\u0146u atsl\u0113ga. Izv\u0113lieties starp piln\u012bb\u0101 rievotu univers\u0101lai sader\u012bbai vai ARC aug\u0161da\u013cu. Izm\u0113ri: 8,25&#8243; \u00d7 1&#8243; \u00d7 1&#8243;, Svars: 0,2 m\u0101rci\u0146as.<\/p>\n<\/div>\n","protected":false},"excerpt":{"rendered":"<p>Prec\u012bzi izstr\u0101d\u0101ta 20 MOA optisk\u0101 sliede Remington 700 LA \u0161auten\u0113m.<\/p>\n","protected":false},"featured_media":111607,"template":"","meta":{"_acf_changed":false},"product_brand":[11043],"product_cat":[13827,13775],"product_tag":[],"class_list":{"0":"post-138338","1":"product","2":"type-product","3":"status-publish","4":"has-post-thumbnail","6":"product_brand-area-419","7":"product_cat-sautene","8":"product_cat-sliedes","10":"first","11":"instock","12":"taxable","13":"shipping-taxable","14":"purchasable","15":"product-type-variable","16":"wvs-archive-product-wrapper"},"acf":[],"_links":{"self":[{"href":"https:\/\/staging.nbg.eu\/lv\/wp-json\/wp\/v2\/product\/138338","targetHints":{"allow":["GET"]}}],"collection":[{"href":"https:\/\/staging.nbg.eu\/lv\/wp-json\/wp\/v2\/product"}],"about":[{"href":"https:\/\/staging.nbg.eu\/lv\/wp-json\/wp\/v2\/types\/product"}],"wp:featuredmedia":[{"embeddable":true,"href":"https:\/\/staging.nbg.eu\/lv\/wp-json\/wp\/v2\/media\/111607"}],"wp:attachment":[{"href":"https:\/\/staging.nbg.eu\/lv\/wp-json\/wp\/v2\/media?parent=138338"}],"wp:term":[{"taxonomy":"product_brand","embeddable":true,"href":"https:\/\/staging.nbg.eu\/lv\/wp-json\/wp\/v2\/product_brand?post=138338"},{"taxonomy":"product_cat","embeddable":true,"href":"https:\/\/staging.nbg.eu\/lv\/wp-json\/wp\/v2\/product_cat?post=138338"},{"taxonomy":"product_tag","embeddable":true,"href":"https:\/\/staging.nbg.eu\/lv\/wp-json\/wp\/v2\/product_tag?post=138338"}],"curies":[{"name":"wp","href":"https:\/\/api.w.org\/{rel}","templated":true}]}}