{"id":137788,"date":"2025-01-04T10:53:28","date_gmt":"2025-01-04T10:53:28","guid":{"rendered":"https:\/\/staging.nbg.eu\/product\/area-419-harris-bipod-adapter\/"},"modified":"2025-01-09T15:58:11","modified_gmt":"2025-01-09T15:58:11","slug":"area-419-harris-divkaja-adapteris","status":"publish","type":"product","link":"https:\/\/staging.nbg.eu\/lv\/product\/area-419-harris-divkaja-adapteris\/","title":{"rendered":"Area 419 &#8211; Harris divkaja adapteris"},"content":{"rendered":"<div class=\"product-description\">\n<h2>Area 419 &#8211; Harris Bipod Adapters<\/h2>\n<p>Area 419 Adapters ir paredz\u0113ts Harris groz\u0101majiem bipodam, kas izstr\u0101d\u0101ts &#8220;S&#8221; (groz\u0101m\u0101) tipa Harris bipodiem. \u0160is adapters \u013cauj piestiprin\u0101t bipodu pie ARCALOCK skavas pamatn\u0113m vai Atlas Bipod sliedes adapteriem.<\/p>\n<ul>\n<li>Aizst\u0101j ori\u0123in\u0101lo groz\u0101mo tapas mont\u0101\u017eas platformu<\/li>\n<li>Sader\u012bgs ar r\u016bpn\u012bcas spriego\u0161anas skr\u016bvi vai KMW Pod Loc<\/li>\n<li>Izgatavots no 6061-T6 alum\u012bnija<\/li>\n<li>III tipa melns cietais anod\u0113ts p\u0101rkl\u0101jums aizsardz\u012bbai<\/li>\n<li>Svars: 0,2 m\u0101rci\u0146as<\/li>\n<li>Izm\u0113rs: 1,5 \u00d7 1,5 \u00d7 1,5 collas<\/li>\n<\/ul>\n<p><strong>Piez\u012bme:<\/strong> Bipods un skava nav iek\u013cauti. Nav sader\u012bgs ar Barricade Stop.<\/p>\n<\/div>\n","protected":false},"excerpt":{"rendered":"<p>Piel\u0101gojiet Harris groz\u0101mos divk\u0101jus ARCALOCK vai Atlas slie\u017eu sist\u0113m\u0101m.<\/p>\n","protected":false},"featured_media":117895,"template":"","meta":{"_acf_changed":false},"product_brand":[11043],"product_cat":[13820,13827,13775],"product_tag":[],"class_list":{"0":"post-137788","1":"product","2":"type-product","3":"status-publish","4":"has-post-thumbnail","6":"product_brand-area-419","7":"product_cat-divkaji","8":"product_cat-sautene","9":"product_cat-sliedes","11":"first","12":"outofstock","13":"taxable","14":"shipping-taxable","15":"purchasable","16":"product-type-simple"},"acf":[],"_links":{"self":[{"href":"https:\/\/staging.nbg.eu\/lv\/wp-json\/wp\/v2\/product\/137788","targetHints":{"allow":["GET"]}}],"collection":[{"href":"https:\/\/staging.nbg.eu\/lv\/wp-json\/wp\/v2\/product"}],"about":[{"href":"https:\/\/staging.nbg.eu\/lv\/wp-json\/wp\/v2\/types\/product"}],"wp:featuredmedia":[{"embeddable":true,"href":"https:\/\/staging.nbg.eu\/lv\/wp-json\/wp\/v2\/media\/117895"}],"wp:attachment":[{"href":"https:\/\/staging.nbg.eu\/lv\/wp-json\/wp\/v2\/media?parent=137788"}],"wp:term":[{"taxonomy":"product_brand","embeddable":true,"href":"https:\/\/staging.nbg.eu\/lv\/wp-json\/wp\/v2\/product_brand?post=137788"},{"taxonomy":"product_cat","embeddable":true,"href":"https:\/\/staging.nbg.eu\/lv\/wp-json\/wp\/v2\/product_cat?post=137788"},{"taxonomy":"product_tag","embeddable":true,"href":"https:\/\/staging.nbg.eu\/lv\/wp-json\/wp\/v2\/product_tag?post=137788"}],"curies":[{"name":"wp","href":"https:\/\/api.w.org\/{rel}","templated":true}]}}