{"id":137424,"date":"2025-01-04T07:45:36","date_gmt":"2025-01-09T11:25:04","guid":{"rendered":"https:\/\/staging.nbg.eu\/product\/area-419-picatinny-1913-adapter-for-arcalock-clamps\/"},"modified":"2025-01-09T11:26:50","modified_gmt":"2025-01-09T11:26:50","slug":"area-419-picatinny1913-adapteris-arcalock-sknabstiem","status":"publish","type":"product","link":"https:\/\/staging.nbg.eu\/lv\/product\/area-419-picatinny1913-adapteris-arcalock-sknabstiem\/","title":{"rendered":"Area 419 &#8211; Picatinny\/1913 adapteris ARCALOCK sknabstiem"},"content":{"rendered":"<h2>Area 419 &#8211; Picatinny\/1913 adapteris ARCALOCK skav\u0101m<\/h2>\n<p>4 slotu Picatinny slie\u017eu adapteris, kas paredz\u0113ts lieto\u0161anai ar m\u016bsu ARCALOCK skavu. \u0160is adapteris \u013cauj izmantot jebkuru Picatinny sader\u012bgu divk\u0101ji ar j\u016bsu eso\u0161o apr\u012bkojumu.<\/p>\n<h2>Galven\u0101s \u012bpa\u0161\u012bbas:<\/h2>\n<ul>\n<li>Sader\u012bgs ar Atlas BT10 2 skr\u016bvju mode\u013ciem, Evo un citiem Picatinny sader\u012bgiem divk\u0101jiem<\/li>\n<li>Ra\u017eots uz vietas<\/li>\n<li>Integr\u0113ta ligzda siksnas piestiprin\u0101\u0161anai<\/li>\n<li>Viegls un kompakts dizains<\/li>\n<\/ul>\n<h2>Specifik\u0101cijas:<\/h2>\n<ul>\n<li>Svars: 0,2 m\u0101rci\u0146as<\/li>\n<li>Izm\u0113ri: 2&#8243; \u00d7 0,5&#8243; \u00d7 0,5&#8243;<\/li>\n<li>Ra\u017eot\u0101js: B&amp;T Industries<\/li>\n<\/ul>\n<p>Uzlabojiet savu ARCALOCK skavu ar \u0161o adapteri.<\/p>\n","protected":false},"excerpt":{"rendered":"<p>4 slotu Picatinny sliede ARCALOCK skavai, piem\u0113rota Atlas un Evo divk\u0101jiem.<\/p>\n","protected":false},"featured_media":115690,"template":"","meta":{"_acf_changed":false},"product_brand":[11043],"product_cat":[13827,13775,390],"product_tag":[],"class_list":{"0":"post-137424","1":"product","2":"type-product","3":"status-publish","4":"has-post-thumbnail","6":"product_brand-area-419","7":"product_cat-sautene","8":"product_cat-sliedes","9":"product_cat-aiming","11":"first","12":"instock","13":"taxable","14":"shipping-taxable","15":"purchasable","16":"product-type-simple"},"acf":[],"_links":{"self":[{"href":"https:\/\/staging.nbg.eu\/lv\/wp-json\/wp\/v2\/product\/137424","targetHints":{"allow":["GET"]}}],"collection":[{"href":"https:\/\/staging.nbg.eu\/lv\/wp-json\/wp\/v2\/product"}],"about":[{"href":"https:\/\/staging.nbg.eu\/lv\/wp-json\/wp\/v2\/types\/product"}],"wp:featuredmedia":[{"embeddable":true,"href":"https:\/\/staging.nbg.eu\/lv\/wp-json\/wp\/v2\/media\/115690"}],"wp:attachment":[{"href":"https:\/\/staging.nbg.eu\/lv\/wp-json\/wp\/v2\/media?parent=137424"}],"wp:term":[{"taxonomy":"product_brand","embeddable":true,"href":"https:\/\/staging.nbg.eu\/lv\/wp-json\/wp\/v2\/product_brand?post=137424"},{"taxonomy":"product_cat","embeddable":true,"href":"https:\/\/staging.nbg.eu\/lv\/wp-json\/wp\/v2\/product_cat?post=137424"},{"taxonomy":"product_tag","embeddable":true,"href":"https:\/\/staging.nbg.eu\/lv\/wp-json\/wp\/v2\/product_tag?post=137424"}],"curies":[{"name":"wp","href":"https:\/\/api.w.org\/{rel}","templated":true}]}}