{"id":137045,"date":"2024-01-30T18:18:15","date_gmt":"2024-01-30T18:18:15","guid":{"rendered":"https:\/\/staging.nbg.eu\/product\/geissele-gfr-6mm-arc-maritime-reconnaissance-18-rifle-ddc\/"},"modified":"2025-01-09T10:23:29","modified_gmt":"2025-01-09T10:23:29","slug":"geissele-gfr-6mm-arc-maritime-reconnaissance-18-sautene-ddc","status":"publish","type":"product","link":"https:\/\/staging.nbg.eu\/lv\/product\/geissele-gfr-6mm-arc-maritime-reconnaissance-18-sautene-ddc\/","title":{"rendered":"Geissele GFR 6MM ARC Maritime Reconnaissance, 18&#8243;, \u0161autene &#8211; DDC"},"content":{"rendered":"<div class=\"product-description\">\n<h2>Geissele GFR 6MM ARC J\u016bras izl\u016bko\u0161anas \u0161autene &#8211; DDC<\/h2>\n<p>Geissele Freedom Rifle (GFR) 18&#8243; J\u016bras izl\u016bko\u0161anas \u0161autene ir AR15 evol\u016bcijas produkts. \u0160is ierocis apvieno prec\u012bzu in\u017eenieriju un progres\u012bvu tehnolo\u0123iju.<\/p>\n<h2>Galven\u0101s iez\u012bmes:<\/h2>\n<ul>\n<li>18&#8243; ar hromu p\u0101rkl\u0101ts, auksti kalts stobrs (1:7.5 v\u012btne)<\/li>\n<li>6MM ARC kalibrs t\u0101l\u0161au\u0161anas precizit\u0101tei<\/li>\n<li>GFR-E trigera meh\u0101nisms ar Nanoweapon p\u0101rkl\u0101jumu<\/li>\n<li>Uzlabots aizsl\u0113ga nes\u0113js (REBCG) ar Nanoweapon p\u0101rkl\u0101jumu<\/li>\n<li>16.5&#8243; MK16 modul\u0101r\u0101 sliede ar centr\u0101lo izl\u012bdzin\u0101\u0161anas cilni<\/li>\n<li>HUXWRX liesmu sl\u0101p\u0113t\u0101js-QD 6MM ARC klusin\u0101t\u0101jam piem\u0113rota stobra ier\u012bce<\/li>\n<li>Geissele uzl\u0101des rokturis un j\u016bras aizsl\u0113ga aizturis<\/li>\n<li>Geissele SBS laides ar \u010detr\u0101m QD siksnas savienojumu ligzd\u0101m<\/li>\n<li>Super 42 bufera sist\u0113ma<\/li>\n<li>Smil\u0161u kr\u0101sas (DDC) apdare<\/li>\n<\/ul>\n<h2>Tehnisk\u0101 specifik\u0101cija:<\/h2>\n<ul>\n<li>Garums (saloc\u012bt\u0101 st\u0101vokl\u012b): 36 1\/8&#8243;<\/li>\n<li>Garums (izstiept\u0101 st\u0101vokl\u012b): 39 3\/8&#8243;<\/li>\n<li>Svars: Apm\u0113ram 7.8 m\u0101rci\u0146as<\/li>\n<li>G\u0101zes sist\u0113ma: \u0160autenes garums +1<\/li>\n<li>G\u0101zes bloks: Kompakts g\u0101zes bloks<\/li>\n<\/ul>\n<p>GFR J\u016bras izl\u016bko\u0161anas \u0161autenei ir Geissele Nanoweapon p\u0101rkl\u0101jums, kas nodro\u0161ina pretkorozijas, nodiluma un abraz\u012bvo iztur\u012bbu. \u0160\u012b virsma atvieglo t\u012br\u012b\u0161anu un nodro\u0161ina uzticamu darb\u012bbu ar minim\u0101lu e\u013c\u013co\u0161anu.<\/p>\n<p>Geissele GFR 6MM ARC J\u016bras izl\u016bko\u0161anas \u0161autene apvieno inov\u0101cijas un precizit\u0101ti.<\/p>\n<\/div>\n","protected":false},"excerpt":{"rendered":"<p>Prec\u012bzi izstr\u0101d\u0101ta 18 collu 6MM ARC \u0161autene ar uzlabot\u0101m funkcij\u0101m lieto\u0161anai j\u016bras apst\u0101k\u013cos.<\/p>\n","protected":false},"featured_media":81522,"template":"","meta":{"_acf_changed":false},"product_brand":[11383],"product_cat":[13827],"product_tag":[],"class_list":{"0":"post-137045","1":"product","2":"type-product","3":"status-publish","4":"has-post-thumbnail","6":"product_brand-geissele","7":"product_cat-sautene","9":"first","10":"instock","11":"taxable","12":"shipping-taxable","13":"product-type-simple"},"acf":[],"_links":{"self":[{"href":"https:\/\/staging.nbg.eu\/lv\/wp-json\/wp\/v2\/product\/137045","targetHints":{"allow":["GET"]}}],"collection":[{"href":"https:\/\/staging.nbg.eu\/lv\/wp-json\/wp\/v2\/product"}],"about":[{"href":"https:\/\/staging.nbg.eu\/lv\/wp-json\/wp\/v2\/types\/product"}],"wp:featuredmedia":[{"embeddable":true,"href":"https:\/\/staging.nbg.eu\/lv\/wp-json\/wp\/v2\/media\/81522"}],"wp:attachment":[{"href":"https:\/\/staging.nbg.eu\/lv\/wp-json\/wp\/v2\/media?parent=137045"}],"wp:term":[{"taxonomy":"product_brand","embeddable":true,"href":"https:\/\/staging.nbg.eu\/lv\/wp-json\/wp\/v2\/product_brand?post=137045"},{"taxonomy":"product_cat","embeddable":true,"href":"https:\/\/staging.nbg.eu\/lv\/wp-json\/wp\/v2\/product_cat?post=137045"},{"taxonomy":"product_tag","embeddable":true,"href":"https:\/\/staging.nbg.eu\/lv\/wp-json\/wp\/v2\/product_tag?post=137045"}],"curies":[{"name":"wp","href":"https:\/\/api.w.org\/{rel}","templated":true}]}}