{"id":136573,"date":"2024-11-26T10:16:42","date_gmt":"2024-11-26T10:16:42","guid":{"rendered":"https:\/\/staging.nbg.eu\/product\/geissele-alg-defense-barrel-nut-wrench\/"},"modified":"2025-01-09T09:20:58","modified_gmt":"2025-01-09T09:20:58","slug":"geissele-alg-defense-stobra-uzgriezna-atslega","status":"publish","type":"product","link":"https:\/\/staging.nbg.eu\/lv\/product\/geissele-alg-defense-stobra-uzgriezna-atslega\/","title":{"rendered":"Geissele ALG Defense stobra uzgriezna atslega"},"content":{"rendered":"<div class=\"product-description\">\n<h2>ALG Defense stobra uzgrie\u017e\u0146a atsl\u0113ga<\/h2>\n<p>ALG Defense stobra uzgrie\u017e\u0146a atsl\u0113ga ir instruments \u0161aujamiero\u010du entuziastiem un iero\u010dmeistariem. \u0160\u012b atsl\u0113ga \u013cauj jums:<\/p>\n<ul>\n<li>Pievilkt stobra uzgriezni ar pareizu griezes momentu<\/li>\n<li>Vienlaikus novietot stobra uzgriezni pret g\u0101zes cauruli<\/li>\n<li>Samont\u0113t ALG Defense slie\u017eu sist\u0113mas bez dinamometrisk\u0101s atsl\u0113gas<\/li>\n<\/ul>\n<p>\u0160\u012b atsl\u0113ga vienk\u0101r\u0161o uzst\u0101d\u012b\u0161anas procesu. T\u0101s dizains nodro\u0161ina konsekventus rezult\u0101tus, padarot to par svar\u012bgu papildin\u0101jumu j\u016bsu instrumentu komplektam.<\/p>\n<p>ALG Defense stobra uzgrie\u017e\u0146a atsl\u0113ga ir risin\u0101jums \u0161aujamiero\u010du mont\u0101\u017eai un apkopei.<\/p>\n<\/div>\n","protected":false},"excerpt":{"rendered":"<p>ALG Defense stobra uzgrie\u017e\u0146a atsl\u0113ga: Viegla griezes momenta pielik\u0161ana un pozicion\u0113\u0161ana, nav nepiecie\u0161ami papildu piederumi.<\/p>\n","protected":false},"featured_media":81242,"template":"","meta":{"_acf_changed":false},"product_brand":[11383],"product_cat":[13776],"product_tag":[],"class_list":{"0":"post-136573","1":"product","2":"type-product","3":"status-publish","4":"has-post-thumbnail","6":"product_brand-geissele","7":"product_cat-sautenes-uzlabojumi","9":"first","10":"instock","11":"taxable","12":"shipping-taxable","13":"product-type-simple"},"acf":[],"_links":{"self":[{"href":"https:\/\/staging.nbg.eu\/lv\/wp-json\/wp\/v2\/product\/136573","targetHints":{"allow":["GET"]}}],"collection":[{"href":"https:\/\/staging.nbg.eu\/lv\/wp-json\/wp\/v2\/product"}],"about":[{"href":"https:\/\/staging.nbg.eu\/lv\/wp-json\/wp\/v2\/types\/product"}],"wp:featuredmedia":[{"embeddable":true,"href":"https:\/\/staging.nbg.eu\/lv\/wp-json\/wp\/v2\/media\/81242"}],"wp:attachment":[{"href":"https:\/\/staging.nbg.eu\/lv\/wp-json\/wp\/v2\/media?parent=136573"}],"wp:term":[{"taxonomy":"product_brand","embeddable":true,"href":"https:\/\/staging.nbg.eu\/lv\/wp-json\/wp\/v2\/product_brand?post=136573"},{"taxonomy":"product_cat","embeddable":true,"href":"https:\/\/staging.nbg.eu\/lv\/wp-json\/wp\/v2\/product_cat?post=136573"},{"taxonomy":"product_tag","embeddable":true,"href":"https:\/\/staging.nbg.eu\/lv\/wp-json\/wp\/v2\/product_tag?post=136573"}],"curies":[{"name":"wp","href":"https:\/\/api.w.org\/{rel}","templated":true}]}}