{"id":134777,"date":"2024-11-26T10:13:16","date_gmt":"2024-11-26T10:13:16","guid":{"rendered":"https:\/\/staging.nbg.eu\/product\/geissele-ak-high-energy-main-spring\/"},"modified":"2025-01-08T19:00:27","modified_gmt":"2025-01-08T19:00:27","slug":"geissele-ak-augstas-energijas-galvena-atspere","status":"publish","type":"product","link":"https:\/\/staging.nbg.eu\/lv\/product\/geissele-ak-augstas-energijas-galvena-atspere\/","title":{"rendered":"Geissele AK augstas energijas galvena atspere"},"content":{"rendered":"<div class=\"product-description\">\n<h2>Geissele AK galven\u0101 atspere<\/h2>\n<p>Geissele AK galven\u0101 atspere AK47\/74 platformas \u0161auten\u0113m. \u0160\u012b aizvietojo\u0161\u0101 atspere pied\u0101v\u0101:<\/p>\n<ul>\n<li>Hroma sil\u012bcija vienas stieples konstrukcija<\/li>\n<li>Izgatavota atbilsto\u0161i ASTM A401 specifik\u0101cij\u0101m<\/li>\n<li>25% liel\u0101ks griezes moments nek\u0101 standarta r\u016bpn\u012bcas galvenaj\u0101m atsper\u0113m<\/li>\n<li>Samazin\u0101ts sl\u0113g\u0161anas laiks<\/li>\n<li>Uzlabota kapseles aizdedzes konsekvence<\/li>\n<\/ul>\n<p>Atspere paredz\u0113ta AK uzticam\u012bbas un rea\u0123\u0113tsp\u0113jas uzlabo\u0161anai. Geissele AK galven\u0101 atspere nodro\u0161ina past\u0101v\u012bgu darb\u012bbu.<\/p>\n<\/div>\n","protected":false},"excerpt":{"rendered":"<p>Uzlabojiet AK47\/74 veiktsp\u0113ju ar \u0161o augstas ener\u0123ijas nomai\u0146as atsperi.<\/p>\n","protected":false},"featured_media":81149,"template":"","meta":{"_acf_changed":false},"product_brand":[11383],"product_cat":[13761],"product_tag":[],"class_list":{"0":"post-134777","1":"product","2":"type-product","3":"status-publish","4":"has-post-thumbnail","6":"product_brand-geissele","7":"product_cat-ak-uzlabojumi","9":"first","10":"instock","11":"taxable","12":"shipping-taxable","13":"product-type-simple"},"acf":[],"_links":{"self":[{"href":"https:\/\/staging.nbg.eu\/lv\/wp-json\/wp\/v2\/product\/134777","targetHints":{"allow":["GET"]}}],"collection":[{"href":"https:\/\/staging.nbg.eu\/lv\/wp-json\/wp\/v2\/product"}],"about":[{"href":"https:\/\/staging.nbg.eu\/lv\/wp-json\/wp\/v2\/types\/product"}],"wp:featuredmedia":[{"embeddable":true,"href":"https:\/\/staging.nbg.eu\/lv\/wp-json\/wp\/v2\/media\/81149"}],"wp:attachment":[{"href":"https:\/\/staging.nbg.eu\/lv\/wp-json\/wp\/v2\/media?parent=134777"}],"wp:term":[{"taxonomy":"product_brand","embeddable":true,"href":"https:\/\/staging.nbg.eu\/lv\/wp-json\/wp\/v2\/product_brand?post=134777"},{"taxonomy":"product_cat","embeddable":true,"href":"https:\/\/staging.nbg.eu\/lv\/wp-json\/wp\/v2\/product_cat?post=134777"},{"taxonomy":"product_tag","embeddable":true,"href":"https:\/\/staging.nbg.eu\/lv\/wp-json\/wp\/v2\/product_tag?post=134777"}],"curies":[{"name":"wp","href":"https:\/\/api.w.org\/{rel}","templated":true}]}}