{"id":134232,"date":"2024-11-17T08:22:03","date_gmt":"2025-01-08T17:29:08","guid":{"rendered":"https:\/\/staging.nbg.eu\/product\/geissele-ak-recoil-spring\/"},"modified":"2025-01-08T17:31:06","modified_gmt":"2025-01-08T17:31:06","slug":"geissele-ak-atkulas-atspere","status":"publish","type":"product","link":"https:\/\/staging.nbg.eu\/lv\/product\/geissele-ak-atkulas-atspere\/","title":{"rendered":"Geissele AK atkulas atspere"},"content":{"rendered":"<div class=\"product-description\">\n<h2>Geissele AK atsitiena atspere<\/h2>\n<p>ALG AK atsitiena atspere. \u0160is dizains pied\u0101v\u0101 iztur\u012bbu un uzticam\u012bbu j\u016bsu ierocim.<\/p>\n<ul>\n<li>Izgatavota no hroma sil\u012bcija t\u0113rauda<\/li>\n<li>Iztur\u012bba pret trieciena \u0161oku un relaks\u0101ciju<\/li>\n<li>2-3 neakt\u012bvo vijumu dizains centr\u0101<\/li>\n<li>Nov\u0113r\u0161 harmonisko boj\u0101jumu un saglab\u0101 br\u012bvo garumu<\/li>\n<\/ul>\n<p>\u0160ai atsperei ir dizains, kas maina t\u0101s dabisko frekvenci, nodro\u0161inot konsekventu darb\u012bbu un ilg\u0101ku kalpo\u0161anas laiku. \u0160\u012b atsitiena atspere uzlabo \u0161au\u0161anas stabilit\u0101ti un samazina iero\u010da nodilumu.<\/p>\n<\/div>\n","protected":false},"excerpt":{"rendered":"<p>Geissele AK atsitiena atspere: Iztur\u012bga, triecieniztur\u012bga, harmonikas samazin\u0101\u0161ana.<\/p>\n","protected":false},"featured_media":81055,"template":"","meta":{"_acf_changed":false},"product_brand":[11383],"product_cat":[13761],"product_tag":[],"class_list":{"0":"post-134232","1":"product","2":"type-product","3":"status-publish","4":"has-post-thumbnail","6":"product_brand-geissele","7":"product_cat-ak-uzlabojumi","9":"first","10":"instock","11":"taxable","12":"shipping-taxable","13":"product-type-simple"},"acf":[],"_links":{"self":[{"href":"https:\/\/staging.nbg.eu\/lv\/wp-json\/wp\/v2\/product\/134232","targetHints":{"allow":["GET"]}}],"collection":[{"href":"https:\/\/staging.nbg.eu\/lv\/wp-json\/wp\/v2\/product"}],"about":[{"href":"https:\/\/staging.nbg.eu\/lv\/wp-json\/wp\/v2\/types\/product"}],"wp:featuredmedia":[{"embeddable":true,"href":"https:\/\/staging.nbg.eu\/lv\/wp-json\/wp\/v2\/media\/81055"}],"wp:attachment":[{"href":"https:\/\/staging.nbg.eu\/lv\/wp-json\/wp\/v2\/media?parent=134232"}],"wp:term":[{"taxonomy":"product_brand","embeddable":true,"href":"https:\/\/staging.nbg.eu\/lv\/wp-json\/wp\/v2\/product_brand?post=134232"},{"taxonomy":"product_cat","embeddable":true,"href":"https:\/\/staging.nbg.eu\/lv\/wp-json\/wp\/v2\/product_cat?post=134232"},{"taxonomy":"product_tag","embeddable":true,"href":"https:\/\/staging.nbg.eu\/lv\/wp-json\/wp\/v2\/product_tag?post=134232"}],"curies":[{"name":"wp","href":"https:\/\/api.w.org\/{rel}","templated":true}]}}