{"id":134099,"date":"2024-11-27T16:45:20","date_gmt":"2025-01-08T17:17:49","guid":{"rendered":"https:\/\/staging.nbg.eu\/product\/area-419-remington-700-short-action-improved-scope-rail-isr-sa\/"},"modified":"2025-01-08T17:19:50","modified_gmt":"2025-01-08T17:19:50","slug":"area-419-remington-700-isa-darbibas-uzlabota-temekla-sliede-isr-sa","status":"publish","type":"product","link":"https:\/\/staging.nbg.eu\/lv\/product\/area-419-remington-700-isa-darbibas-uzlabota-temekla-sliede-isr-sa\/","title":{"rendered":"Area 419 &#8211; Remington 700 \u012bs\u0101 darb\u012bbas uzlabot\u0101 t\u0113mek\u013ca sliede (ISR-SA)"},"content":{"rendered":"<div class=\"product-description\">\n<h2>Area 419 &#8211; Remington 700 \u012bs\u0101s darb\u012bbas uzlabot\u0101 t\u0113mek\u013ca sliede (ISR-SA)<\/h2>\n<p>Area 419 ISR-SA ir t\u0113mek\u013ca sliede Remington 700 \u012bs\u0101s darb\u012bbas \u0161auten\u0113m. Izgatavota no 7075 alum\u012bnija, \u0161ai sliedei ir \u0161\u0101das \u012bpa\u0161\u012bbas:<\/p>\n<ul>\n<li>Integr\u0113ta atsitiena aizturis stabilit\u0101tei<\/li>\n<li>Pieejama piln\u012bb\u0101 rievot\u0101 un ARC aug\u0161da\u013cas versij\u0101s<\/li>\n<li>Sader\u012bga ar #6 un #8 skr\u016bv\u0113m (iek\u013cautas)<\/li>\n<li>1:1 virsmas apstr\u0101de prec\u012bzai piel\u0101go\u0161anai<\/li>\n<li>Atbilst MIL-STD-1913 standartam<\/li>\n<li>III tipa ciet\u0101 meln\u0101 anod\u0113ta apdare<\/li>\n<li>Izgriezums izsvied\u0113ja atverei \u0113rtai aug\u0161\u0113jai iel\u0101dei<\/li>\n<\/ul>\n<p>Pieejamas 20 MOA un 30 MOA opcijas. Svars: 0,2 m\u0101rci\u0146as. Izm\u0113ri: 8,25 \u00d7 1 \u00d7 1 collas. Paredz\u0113ta Remington 700 \u0161auten\u0113m.<\/p>\n<\/div>\n","protected":false},"excerpt":{"rendered":"<p>Prec\u012bzi apstr\u0101d\u0101ta 7075 alum\u012bnija optisk\u0101 t\u0113mek\u013ca sliede Remington 700 SA<\/p>\n","protected":false},"featured_media":108106,"template":"","meta":{"_acf_changed":false},"product_brand":[11043],"product_cat":[13827,13775],"product_tag":[],"class_list":{"0":"post-134099","1":"product","2":"type-product","3":"status-publish","4":"has-post-thumbnail","6":"product_brand-area-419","7":"product_cat-sautene","8":"product_cat-sliedes","10":"first","11":"instock","12":"taxable","13":"shipping-taxable","14":"purchasable","15":"product-type-variable","16":"wvs-archive-product-wrapper"},"acf":[],"_links":{"self":[{"href":"https:\/\/staging.nbg.eu\/lv\/wp-json\/wp\/v2\/product\/134099","targetHints":{"allow":["GET"]}}],"collection":[{"href":"https:\/\/staging.nbg.eu\/lv\/wp-json\/wp\/v2\/product"}],"about":[{"href":"https:\/\/staging.nbg.eu\/lv\/wp-json\/wp\/v2\/types\/product"}],"wp:featuredmedia":[{"embeddable":true,"href":"https:\/\/staging.nbg.eu\/lv\/wp-json\/wp\/v2\/media\/108106"}],"wp:attachment":[{"href":"https:\/\/staging.nbg.eu\/lv\/wp-json\/wp\/v2\/media?parent=134099"}],"wp:term":[{"taxonomy":"product_brand","embeddable":true,"href":"https:\/\/staging.nbg.eu\/lv\/wp-json\/wp\/v2\/product_brand?post=134099"},{"taxonomy":"product_cat","embeddable":true,"href":"https:\/\/staging.nbg.eu\/lv\/wp-json\/wp\/v2\/product_cat?post=134099"},{"taxonomy":"product_tag","embeddable":true,"href":"https:\/\/staging.nbg.eu\/lv\/wp-json\/wp\/v2\/product_tag?post=134099"}],"curies":[{"name":"wp","href":"https:\/\/api.w.org\/{rel}","templated":true}]}}