{"id":131949,"date":"2025-01-01T20:52:41","date_gmt":"2025-01-07T16:59:03","guid":{"rendered":"https:\/\/staging.nbg.eu\/product\/area-419-match-scope-rings\/"},"modified":"2025-01-07T17:01:12","modified_gmt":"2025-01-07T17:01:12","slug":"area-419-match-temekla-gredzeni","status":"publish","type":"product","link":"https:\/\/staging.nbg.eu\/lv\/product\/area-419-match-temekla-gredzeni\/","title":{"rendered":"Area 419 MATCH t\u0113mek\u013ca gredzeni"},"content":{"rendered":"<div class=\"product-description\">\n<h2>Area 419 MATCH t\u0113mek\u013ca gredzeni<\/h2>\n<p>Area 419 MATCH t\u0113mek\u013ca gredzeni ir izstr\u0101d\u0101ti, lai nodro\u0161in\u0101tu dro\u0161u optisk\u0101 t\u0113mek\u013ca stiprin\u0101jumu.<\/p>\n<ul>\n<li>S\u0113rijas numur\u0113ti, p\u0113d\u0113j\u0101 urbuma saska\u0146oti gredzeni precizit\u0101tei<\/li>\n<li>Neapstr\u0101d\u0101ta alum\u012bnija iek\u0161\u0113j\u0101s da\u013cas lab\u0101kai sa\u0137erei ar optiku<\/li>\n<li>Prec\u012bzi urbti k\u0101 komplekti augstas klases apstr\u0101des centros<\/li>\n<li>Ar l\u0101zeru mar\u0137\u0113ti k\u0101 saska\u0146oti komplekti<\/li>\n<li>Izgatavoti no 7075 avi\u0101cijas klases billet alum\u012bnija<\/li>\n<li>3. tipa ciet\u0101 anod\u0113ts p\u0101rkl\u0101jums (neapstr\u0101d\u0101ta alum\u012bnija iek\u0161\u0113jais urbums)<\/li>\n<li>Pieejami 30mm, 34mm, 35mm un 36mm caurules diametriem<\/li>\n<li>Zems (24mm), vid\u0113js (28mm) un augsts (32mm) mont\u0101\u017eas augstums<\/li>\n<\/ul>\n<p>Area 419 MATCH t\u0113mek\u013ca gredzeni ir izstr\u0101d\u0101ti optisko t\u0113mek\u013cu mont\u0101\u017eai.<\/p>\n<\/div>\n","protected":false},"excerpt":{"rendered":"<p>Prec\u012bzi piel\u0101goti, numur\u0113ti t\u0113mek\u013ca gredzeni maksim\u0101lai optikas stabilit\u0101tei.<\/p>\n","protected":false},"featured_media":109093,"template":"","meta":{"_acf_changed":false},"product_brand":[11043],"product_cat":[13803],"product_tag":[],"class_list":{"0":"post-131949","1":"product","2":"type-product","3":"status-publish","4":"has-post-thumbnail","6":"product_brand-area-419","7":"product_cat-merkesana","9":"first","10":"instock","11":"taxable","12":"shipping-taxable","13":"purchasable","14":"product-type-variable","15":"wvs-archive-product-wrapper"},"acf":[],"_links":{"self":[{"href":"https:\/\/staging.nbg.eu\/lv\/wp-json\/wp\/v2\/product\/131949","targetHints":{"allow":["GET"]}}],"collection":[{"href":"https:\/\/staging.nbg.eu\/lv\/wp-json\/wp\/v2\/product"}],"about":[{"href":"https:\/\/staging.nbg.eu\/lv\/wp-json\/wp\/v2\/types\/product"}],"wp:featuredmedia":[{"embeddable":true,"href":"https:\/\/staging.nbg.eu\/lv\/wp-json\/wp\/v2\/media\/109093"}],"wp:attachment":[{"href":"https:\/\/staging.nbg.eu\/lv\/wp-json\/wp\/v2\/media?parent=131949"}],"wp:term":[{"taxonomy":"product_brand","embeddable":true,"href":"https:\/\/staging.nbg.eu\/lv\/wp-json\/wp\/v2\/product_brand?post=131949"},{"taxonomy":"product_cat","embeddable":true,"href":"https:\/\/staging.nbg.eu\/lv\/wp-json\/wp\/v2\/product_cat?post=131949"},{"taxonomy":"product_tag","embeddable":true,"href":"https:\/\/staging.nbg.eu\/lv\/wp-json\/wp\/v2\/product_tag?post=131949"}],"curies":[{"name":"wp","href":"https:\/\/api.w.org\/{rel}","templated":true}]}}