{"id":131042,"date":"2024-11-06T20:37:23","date_gmt":"2024-11-06T20:37:23","guid":{"rendered":"https:\/\/staging.nbg.eu\/product\/vortex-optics-impact-4000ballistic-laser-rangefinder\/"},"modified":"2025-10-01T16:16:03","modified_gmt":"2025-10-01T13:16:03","slug":"vortex-optics-impact-4000-balistiskais-lazera-attaluma-meritajs","status":"publish","type":"product","link":"https:\/\/staging.nbg.eu\/lv\/product\/vortex-optics-impact-4000-balistiskais-lazera-attaluma-meritajs\/","title":{"rendered":"Vortex Optics &#8211; Impact\u00ae 4000 balistiskais l\u0101zera att\u0101luma m\u0113r\u012bt\u0101js"},"content":{"rendered":"<div class=\"product-description\">\n<h2>Vortex Optics &#8211; Impact\u00ae 4000 balistiskais l\u0101zera t\u0101lm\u0113rs<\/h2>\n<p>\u0160is t\u0101lm\u0113rs un balistisko probl\u0113mu risin\u0101t\u0101js ir paredz\u0113ts t\u0101l\u0101s distances sacens\u012bbu dal\u012bbniekiem un medniekiem atkl\u0101t\u0101 apvid\u016b, nodro\u0161inot risin\u0101jumus, nen\u0101kot nost no iero\u010da.<\/p>\n<h2>Galven\u0101s funkcijas:<\/h2>\n<ul>\n<li><strong>Picatinny stiprin\u0101jums:<\/strong> Viegli piestiprin\u0101ms pie jebkura Picatinny stila sliedes vai gredzeniem.<\/li>\n<li><strong>\u0100tra un uzticama null\u0113\u0161ana:<\/strong> Viegli null\u0113jams un saglab\u0101 nulles punktu pat stipras atsitiena slodzes gad\u012bjum\u0101.<\/li>\n<li><strong>V\u0113ja\/krituma risin\u0101jumi:<\/strong> Skaidra v\u0113ja\/krituma risin\u0101jumu att\u0113lo\u0161ana ar t\u016bl\u012bt\u0113j\u0101m piel\u0101go\u0161anas iesp\u0113j\u0101m.<\/li>\n<li><strong>Integr\u0113ts GeoBallistics\u00ae risin\u0101t\u0101js:<\/strong> Apr\u012bkots ar prec\u012bzu risin\u0101t\u0101ju un pla\u0161u, atjaunin\u0101tu lo\u017eu bibliot\u0113ku.<\/li>\n<li><strong>Piel\u0101gojami balistiskie profili:<\/strong> Izveidojiet piel\u0101gotus profilus vai izv\u0113lieties no desmit iepriek\u0161 iel\u0101d\u0113tiem profiliem.<\/li>\n<li><strong>Ieb\u016bv\u0113ti vides sensori:<\/strong> Ietver kompasu un temperat\u016bras, spiediena un mitruma sensorus.<\/li>\n<li><strong>V\u0113ja virziena uztver\u0161anas re\u017e\u012bms:<\/strong> Funkcija v\u0113ja \u0101truma un virziena manu\u0101lai ievad\u012b\u0161anai.<\/li>\n<li><strong>Ieb\u016bv\u0113ts att\u0101luma kartes \u0123enerators:<\/strong> Izveidojiet un saglab\u0101jiet l\u012bdz desmit att\u0101luma kart\u0113m.<\/li>\n<li><strong>Vortex Relay\u2122 savienojam\u012bba:<\/strong> Savienojiet ar GeoBallistics\u00ae lietotni un iek\u013cauto Bluetooth\u00ae t\u0101lvad\u012bbas pulti.<\/li>\n<li><strong>Sader\u012bba ar tre\u0161o pu\u0161u ier\u012bc\u0113m:<\/strong> Savienojas ar laika apst\u0101k\u013cu ier\u012bc\u0113m vai viet\u0113j\u0101m laika stacij\u0101m.<\/li>\n<\/ul>\n<h2>Specifik\u0101cijas:<\/h2>\n<table>\n<tbody>\n<tr>\n<td>T\u012bklojums:<\/td>\n<td>HCD kori\u0123\u0113ts \u0161au\u0161anas att\u0101lums<\/td>\n<\/tr>\n<tr>\n<td>Diapazons (atstarojo\u0161s):<\/td>\n<td>L\u012bdz 4000 jardiem<\/td>\n<\/tr>\n<tr>\n<td>Diapazons (koks):<\/td>\n<td>L\u012bdz 2500 jardiem<\/td>\n<\/tr>\n<tr>\n<td>Diapazons (briedis):<\/td>\n<td>L\u012bdz 1500 jardiem<\/td>\n<\/tr>\n<tr>\n<td>Minim\u0101lais diapazons:<\/td>\n<td>5 jardi<\/td>\n<\/tr>\n<tr>\n<td>Precizit\u0101te:<\/td>\n<td>\u00b10,5 jardi @ 100 jardiem<\/td>\n<\/tr>\n<tr>\n<td>Izm\u0113ri:<\/td>\n<td>4,6&#8243; (G) x 2,5&#8243; (A) x 3,2&#8243; (P)<\/td>\n<\/tr>\n<tr>\n<td>Svars:<\/td>\n<td>16,0 unces<\/td>\n<\/tr>\n<\/tbody>\n<\/table>\n<p>Vortex Optics Impact\u00ae 4000 balistiskais l\u0101zera t\u0101lm\u0113rs nodro\u0161ina prec\u012bzu att\u0101luma m\u0113r\u012b\u0161anu un balistiskos risin\u0101jumus da\u017e\u0101dos apst\u0101k\u013cos. Picatinny stiprin\u0101jums \u013cauj \u0101tri piestiprin\u0101t ier\u012bci pie iero\u010da, bet v\u0113ja virziena uztver\u0161anas re\u017e\u012bms un ieb\u016bv\u0113tais att\u0101luma kartes \u0123enerators pied\u0101v\u0101 daudzpus\u012bgu pielietojumu.<\/p>\n<p>&nbsp;<\/p>\n<\/div>\n","protected":false},"excerpt":{"rendered":"<p>T\u0101l\u0101s distances prec\u012bzs t\u0101lm\u0113rs ar ballistisko kalkulatoru. 3658 metru diapazons, uzst\u0101d\u0101ms uz sliedes.<\/p>\n","protected":false},"featured_media":78270,"template":"","meta":{"_acf_changed":false},"product_brand":[11959],"product_cat":[13791,13803],"product_tag":[],"class_list":{"0":"post-131042","1":"product","2":"type-product","3":"status-publish","4":"has-post-thumbnail","6":"product_brand-vortex","7":"product_cat-attaluma-meritajs","8":"product_cat-merkesana","10":"first","11":"outofstock","12":"taxable","13":"shipping-taxable","14":"purchasable","15":"product-type-simple"},"acf":[],"_links":{"self":[{"href":"https:\/\/staging.nbg.eu\/lv\/wp-json\/wp\/v2\/product\/131042","targetHints":{"allow":["GET"]}}],"collection":[{"href":"https:\/\/staging.nbg.eu\/lv\/wp-json\/wp\/v2\/product"}],"about":[{"href":"https:\/\/staging.nbg.eu\/lv\/wp-json\/wp\/v2\/types\/product"}],"wp:featuredmedia":[{"embeddable":true,"href":"https:\/\/staging.nbg.eu\/lv\/wp-json\/wp\/v2\/media\/78270"}],"wp:attachment":[{"href":"https:\/\/staging.nbg.eu\/lv\/wp-json\/wp\/v2\/media?parent=131042"}],"wp:term":[{"taxonomy":"product_brand","embeddable":true,"href":"https:\/\/staging.nbg.eu\/lv\/wp-json\/wp\/v2\/product_brand?post=131042"},{"taxonomy":"product_cat","embeddable":true,"href":"https:\/\/staging.nbg.eu\/lv\/wp-json\/wp\/v2\/product_cat?post=131042"},{"taxonomy":"product_tag","embeddable":true,"href":"https:\/\/staging.nbg.eu\/lv\/wp-json\/wp\/v2\/product_tag?post=131042"}],"curies":[{"name":"wp","href":"https:\/\/api.w.org\/{rel}","templated":true}]}}