{"id":130617,"date":"2024-11-02T06:44:40","date_gmt":"2025-01-07T14:08:33","guid":{"rendered":"https:\/\/staging.nbg.eu\/product\/sons-of-liberty-gun-worksar-15-castle-nuts\/"},"modified":"2025-01-07T14:10:19","modified_gmt":"2025-01-07T14:10:19","slug":"sons-of-liberty-gun-works-ar-15-pils-uzgriezni","status":"publish","type":"product","link":"https:\/\/staging.nbg.eu\/lv\/product\/sons-of-liberty-gun-works-ar-15-pils-uzgriezni\/","title":{"rendered":"SONS OF LIBERTY GUN WORKS AR-15 pils uzgrie\u017e\u0146i"},"content":{"rendered":"<div class=\"product-description\">\n<h2>SONS OF LIBERTY GUN WORKS AR-15 Uzgrie\u017e\u0146i<\/h2>\n<p>SONS OF LIBERTY GUN WORKS (SOLGW) AR-15 uzgrie\u017e\u0146i. \u0160\u012bs rezerves da\u013cas ir b\u016btiskas \u0161aujamiero\u010da optim\u0101lai darb\u012bbai.<\/p>\n<ul>\n<li>Ra\u017eoti ar prec\u012bz\u0101m pielaides norm\u0101m<\/li>\n<li>Sader\u012bgi ar visiem AR-15 mode\u013ciem<\/li>\n<li>Nodro\u0161ina pareizu mont\u0101\u017eu un uzticam\u012bbu<\/li>\n<li>Viegla, 28 gramu svars<\/li>\n<li>Kompakts 2,54 cm dizains<\/li>\n<\/ul>\n<p>SOLGW ra\u017eo \u0161os iztur\u012bgos uzgrie\u017e\u0146us. SOLGW pied\u0101v\u0101 rezerves da\u013cas, kas atbilst augstiem standartiem.<\/p>\n<p><strong>Padoms:<\/strong> Atcerieties nostiprin\u0101t uzgrie\u017e\u0146us, lai palielin\u0101tu dro\u0161\u012bbu un kalpo\u0161anas ilgumu!<\/p>\n<\/div>\n","protected":false},"excerpt":{"rendered":"<p>Prec\u012bzi izgatavots AR-15 uzgrieznis (Castle Nut). Iztur\u012bgs, univers\u0101li piem\u0113rots. 1 collas izm\u0113rs.<\/p>\n","protected":false},"featured_media":76419,"template":"","meta":{"_acf_changed":false},"product_brand":[],"product_cat":[13776],"product_tag":[],"class_list":{"0":"post-130617","1":"product","2":"type-product","3":"status-publish","4":"has-post-thumbnail","6":"product_cat-sautenes-uzlabojumi","8":"first","9":"instock","10":"taxable","11":"shipping-taxable","12":"purchasable","13":"product-type-simple"},"acf":[],"_links":{"self":[{"href":"https:\/\/staging.nbg.eu\/lv\/wp-json\/wp\/v2\/product\/130617","targetHints":{"allow":["GET"]}}],"collection":[{"href":"https:\/\/staging.nbg.eu\/lv\/wp-json\/wp\/v2\/product"}],"about":[{"href":"https:\/\/staging.nbg.eu\/lv\/wp-json\/wp\/v2\/types\/product"}],"wp:featuredmedia":[{"embeddable":true,"href":"https:\/\/staging.nbg.eu\/lv\/wp-json\/wp\/v2\/media\/76419"}],"wp:attachment":[{"href":"https:\/\/staging.nbg.eu\/lv\/wp-json\/wp\/v2\/media?parent=130617"}],"wp:term":[{"taxonomy":"product_brand","embeddable":true,"href":"https:\/\/staging.nbg.eu\/lv\/wp-json\/wp\/v2\/product_brand?post=130617"},{"taxonomy":"product_cat","embeddable":true,"href":"https:\/\/staging.nbg.eu\/lv\/wp-json\/wp\/v2\/product_cat?post=130617"},{"taxonomy":"product_tag","embeddable":true,"href":"https:\/\/staging.nbg.eu\/lv\/wp-json\/wp\/v2\/product_tag?post=130617"}],"curies":[{"name":"wp","href":"https:\/\/api.w.org\/{rel}","templated":true}]}}