{"id":129153,"date":"2025-01-01T20:36:12","date_gmt":"2025-01-07T10:13:39","guid":{"rendered":"https:\/\/staging.nbg.eu\/product\/high-profile-red-dot-plates-for-area-419-tactical-mounts\/"},"modified":"2025-01-07T10:15:46","modified_gmt":"2025-01-07T10:15:46","slug":"augsta-profila-sarkana-punkta-plaksnes-area-419-taktiskajiem-stiprinajumiem","status":"publish","type":"product","link":"https:\/\/staging.nbg.eu\/lv\/product\/augsta-profila-sarkana-punkta-plaksnes-area-419-taktiskajiem-stiprinajumiem\/","title":{"rendered":"Augst\u0101 profila sarkan\u0101 punkta pl\u0101ksnes Area 419 taktiskajiem stiprin\u0101jumiem"},"content":{"rendered":"<h2>Augsta profila sarkano punktu pl\u0101ksnes Area 419 taktiskajiem stiprin\u0101jumiem<\/h2>\n<p>Augsta profila sarkano punktu pl\u0101ksnes, kas paredz\u0113tas taktiskajam viengabala t\u0113mek\u013ca stiprin\u0101jumam.<\/p>\n<h2>Galven\u0101s \u012bpa\u0161\u012bbas:<\/h2>\n<ul>\n<li>Patent\u0113ta divk\u0101r\u0161a konusa mont\u0101\u017eas sist\u0113ma dro\u0161ai piestiprin\u0101\u0161anai<\/li>\n<li>Sader\u012bga ar l\u012bme\u0146r\u0101\u017eiem, ball\u012b\u0161u kart\u0113m, sarkanajiem punktiem un l\u0101zera t\u0101lm\u0113riem<\/li>\n<li>Iztur\u012bba un stingr\u012bba nodro\u0161ina prec\u012bzu atgrie\u0161anos nulles poz\u012bcij\u0101<\/li>\n<li>Pieejamas standarta un zem\u0101 augstuma opcijas<\/li>\n<li>CNC fr\u0113z\u0113tas Amerik\u0101 no 7075 alum\u012bnija<\/li>\n<li>III tipa ciet\u0101 anod\u0113ta melna apdare<\/li>\n<\/ul>\n<p>Izv\u0113lieties starp standarta (1,11 collas augstu) un zemo (0,70 collas augstu) augstumu. Ab\u0101m ir MIL-STD-1913 specifik\u0101cijas sliedes un fiks\u0113jo\u0161as mont\u0101\u017eas skr\u016bves.<\/p>\n<p>Svars: 1 m\u0101rci\u0146a<br \/>\nIzm\u0113ri: 6 \u00d7 3,5 \u00d7 2 collas<\/p>\n","protected":false},"excerpt":{"rendered":"<p>Dro\u0161a, daudzpus\u012bga sliede sarkano punktu t\u0113mek\u013ciem un aksesu\u0101riem uz taktiskajiem stiprin\u0101jumiem.<\/p>\n","protected":false},"featured_media":108716,"template":"","meta":{"_acf_changed":false},"product_brand":[11043],"product_cat":[13803,13760],"product_tag":[],"class_list":{"0":"post-129153","1":"product","2":"type-product","3":"status-publish","4":"has-post-thumbnail","6":"product_brand-area-419","7":"product_cat-merkesana","8":"product_cat-merkesanas-aksesuari","10":"first","11":"instock","12":"taxable","13":"shipping-taxable","14":"purchasable","15":"product-type-variable","16":"wvs-archive-product-wrapper"},"acf":[],"_links":{"self":[{"href":"https:\/\/staging.nbg.eu\/lv\/wp-json\/wp\/v2\/product\/129153","targetHints":{"allow":["GET"]}}],"collection":[{"href":"https:\/\/staging.nbg.eu\/lv\/wp-json\/wp\/v2\/product"}],"about":[{"href":"https:\/\/staging.nbg.eu\/lv\/wp-json\/wp\/v2\/types\/product"}],"wp:featuredmedia":[{"embeddable":true,"href":"https:\/\/staging.nbg.eu\/lv\/wp-json\/wp\/v2\/media\/108716"}],"wp:attachment":[{"href":"https:\/\/staging.nbg.eu\/lv\/wp-json\/wp\/v2\/media?parent=129153"}],"wp:term":[{"taxonomy":"product_brand","embeddable":true,"href":"https:\/\/staging.nbg.eu\/lv\/wp-json\/wp\/v2\/product_brand?post=129153"},{"taxonomy":"product_cat","embeddable":true,"href":"https:\/\/staging.nbg.eu\/lv\/wp-json\/wp\/v2\/product_cat?post=129153"},{"taxonomy":"product_tag","embeddable":true,"href":"https:\/\/staging.nbg.eu\/lv\/wp-json\/wp\/v2\/product_tag?post=129153"}],"curies":[{"name":"wp","href":"https:\/\/api.w.org\/{rel}","templated":true}]}}