{"id":128286,"date":"2025-01-01T20:24:58","date_gmt":"2025-01-07T09:38:14","guid":{"rendered":"https:\/\/staging.nbg.eu\/product\/area-419-tikka-t3-standard-action-improved-scope-rail\/"},"modified":"2025-01-14T13:40:46","modified_gmt":"2025-01-14T13:40:46","slug":"area-419-tikka-t3-standarta-darbibas-uzlabota-temekla-sliede","status":"publish","type":"product","link":"https:\/\/staging.nbg.eu\/lv\/product\/area-419-tikka-t3-standarta-darbibas-uzlabota-temekla-sliede\/","title":{"rendered":"Area 419 &#8211; Tikka T3 standarta darb\u012bbas uzlabot\u0101 t\u0113mek\u013ca sliede"},"content":{"rendered":"<div class=\"product-description\">\n<h2>Area 419 &#8211; Tikka T3 standarta darb\u012bbas uzlabot\u0101 t\u0113mek\u013ca sliede<\/h2>\n<p>Area 419 t\u0113mek\u013ca sliede Tikka T3 vai T3X. Izgatavota no 7075 alum\u012bnija, \u0161ai sliedei ir \u0161\u0101das \u012bpa\u0161\u012bbas:<\/p>\n<ul>\n<li>20 MOA le\u0146\u0137is palielin\u0101tam att\u0101lumam<\/li>\n<li>Atbilst MIL-STD-1913 standartam<\/li>\n<li>Noapa\u013cotas malas<\/li>\n<li>III tipa melna anod\u0113ta apdare<\/li>\n<li>Ner\u016bs\u0113jo\u0161\u0101 t\u0113rauda atsitiena tapa stabilit\u0101tei<\/li>\n<li>Vien\u0101da izm\u0113ra T10 Torx skr\u016bves uzst\u0101d\u012b\u0161anai<\/li>\n<\/ul>\n<p>Svars 0,2 m\u0101rci\u0146as, izm\u0113ri 8,25 \u00d7 1 \u00d7 1 collas, piln\u012bb\u0101 rievota sliede. Iek\u013cauta T10 Torx atsl\u0113ga.<\/p>\n<\/div>\n","protected":false},"excerpt":{"rendered":"<p>I apologize, but there is no product description provided in your message for me to translate. If you&#8217;d like me to translate a specific product description to Latvian, please provide the text you want translated, and I&#8217;ll be happy to assist you.<\/p>\n","protected":false},"featured_media":108206,"template":"","meta":{"_acf_changed":false},"product_brand":[11043],"product_cat":[13827,13775],"product_tag":[],"class_list":{"0":"post-128286","1":"product","2":"type-product","3":"status-publish","4":"has-post-thumbnail","6":"product_brand-area-419","7":"product_cat-sautene","8":"product_cat-sliedes","10":"first","11":"instock","12":"taxable","13":"shipping-taxable","14":"purchasable","15":"product-type-simple"},"acf":[],"_links":{"self":[{"href":"https:\/\/staging.nbg.eu\/lv\/wp-json\/wp\/v2\/product\/128286","targetHints":{"allow":["GET"]}}],"collection":[{"href":"https:\/\/staging.nbg.eu\/lv\/wp-json\/wp\/v2\/product"}],"about":[{"href":"https:\/\/staging.nbg.eu\/lv\/wp-json\/wp\/v2\/types\/product"}],"wp:featuredmedia":[{"embeddable":true,"href":"https:\/\/staging.nbg.eu\/lv\/wp-json\/wp\/v2\/media\/108206"}],"wp:attachment":[{"href":"https:\/\/staging.nbg.eu\/lv\/wp-json\/wp\/v2\/media?parent=128286"}],"wp:term":[{"taxonomy":"product_brand","embeddable":true,"href":"https:\/\/staging.nbg.eu\/lv\/wp-json\/wp\/v2\/product_brand?post=128286"},{"taxonomy":"product_cat","embeddable":true,"href":"https:\/\/staging.nbg.eu\/lv\/wp-json\/wp\/v2\/product_cat?post=128286"},{"taxonomy":"product_tag","embeddable":true,"href":"https:\/\/staging.nbg.eu\/lv\/wp-json\/wp\/v2\/product_tag?post=128286"}],"curies":[{"name":"wp","href":"https:\/\/api.w.org\/{rel}","templated":true}]}}