{"id":106797,"date":"2024-11-16T10:23:45","date_gmt":"2024-12-30T09:55:33","guid":{"rendered":"https:\/\/staging.nbg.eu\/product\/sai-optics-model-sai-6-1x-6x\/"},"modified":"2024-12-30T09:58:04","modified_gmt":"2024-12-30T09:58:04","slug":"sai-optics-modelis-sai-6-1x-6x","status":"publish","type":"product","link":"https:\/\/staging.nbg.eu\/lv\/product\/sai-optics-modelis-sai-6-1x-6x\/","title":{"rendered":"SAI Optics\u2122 modelis SAI 6\u2122 &#8211; 1x-6x"},"content":{"rendered":"<h2>SAI Optics\u2122 Modelis SAI 6\u2122 &#8211; 1x-6x<\/h2>\n<p>SAI\u2122 6 s\u0113rijas optiskais t\u0113meklis pied\u0101v\u0101 risin\u0101jumu main\u012bgai palielin\u0101juma vajadz\u012bbai. Tas ietver LED apgaismotu pirm\u0101s fok\u0101l\u0101s plaknes t\u012bklojumu, nodro\u0161inot prec\u012bzu att\u0101luma noteik\u0161anu un balistisko korekciju jebkur\u0101 palielin\u0101jum\u0101. T\u012bklojums un redzes lauks uzlabo efektivit\u0101ti tuv\u0101 distanc\u0113.<\/p>\n<h2>Galven\u0101s iez\u012bmes:<\/h2>\n<ul>\n<li>Palielin\u0101jums: 1x-6x<\/li>\n<li>Iztur\u012bgs cauru\u013cveida dizains modul\u0101rai mont\u0101\u017eai<\/li>\n<li>LED apgaismots t\u012bklojums ar 10 iestat\u012bjumiem<\/li>\n<li>Pieejamie t\u012bklojumi: 5.56 BDC, 6.8 BDC, 7.62 BDC<\/li>\n<li>\u016adensiztur\u012bba: 2 stundas 3 metru dzi\u013cum\u0101<\/li>\n<li>Triecieniztur\u012bba: 1000g 10,000 ciklos<\/li>\n<\/ul>\n<h2>T\u012bklojumi:<\/h2>\n<ul>\n<li>5.56 BDC t\u012bklojums<\/li>\n<li>6.8 BDC t\u012bklojums<\/li>\n<li>7.62 BDC t\u012bklojums<\/li>\n<\/ul>\n<h2>Specifik\u0101cijas:<\/h2>\n<ul>\n<li>Garums: 256mm (10.07 collas)<\/li>\n<li>Svars: 510g (18.0 unces)<\/li>\n<li>Caurules diametrs: 30mm<\/li>\n<li>Redzes lauks pie 1x: 22 gr\u0101di (38.8m 100m att\u0101lum\u0101)<\/li>\n<li>Acu atstatums: 90mm (3.54 collas) nomin\u0101lais<\/li>\n<li>Baterijas tips: CR2032 3v litija<\/li>\n<\/ul>\n<h2>Standarta piederumi:<\/h2>\n<ul>\n<li>Tenebraex\u00ae objekt\u012bva v\u0101ci\u0146i<\/li>\n<li>Tenebraex\u00ae atstarojuma nov\u0113r\u0161anas ier\u012bce<\/li>\n<li>Regul\u0113\u0161anas v\u0101ci\u0146a saglab\u0101\u0161anas aukla<\/li>\n<li>Baterijas iz\u0146em\u0161anas disks<\/li>\n<\/ul>\n<p>SAI\u2122 6 s\u0113rija ir paredz\u0113ta optiskai veiktsp\u0113jai iztur\u012bg\u0101 vid\u0113, atbalstot papildin\u0101jumus, piem\u0113ram, p\u0101rsegus, l\u0101zera filtrus un polarizatorus.<\/p>\n","protected":false},"excerpt":{"rendered":"<p>SAI 6\u2122: Iztur\u012bgs 1x-6x LED t\u0113meklis ar FFP t\u012bkli\u0146u un pla\u0161u redzam\u012bbas lauku.<\/p>\n","protected":false},"featured_media":79691,"template":"","meta":{"_acf_changed":false},"product_brand":[11710],"product_cat":[13803,13771],"product_tag":[],"class_list":{"0":"post-106797","1":"product","2":"type-product","3":"status-publish","4":"has-post-thumbnail","6":"product_brand-sai-optics","7":"product_cat-merkesana","8":"product_cat-palielinosa-optika","10":"first","11":"instock","12":"taxable","13":"shipping-taxable","14":"purchasable","15":"product-type-variable","16":"wvs-archive-product-wrapper"},"acf":[],"_links":{"self":[{"href":"https:\/\/staging.nbg.eu\/lv\/wp-json\/wp\/v2\/product\/106797","targetHints":{"allow":["GET"]}}],"collection":[{"href":"https:\/\/staging.nbg.eu\/lv\/wp-json\/wp\/v2\/product"}],"about":[{"href":"https:\/\/staging.nbg.eu\/lv\/wp-json\/wp\/v2\/types\/product"}],"wp:featuredmedia":[{"embeddable":true,"href":"https:\/\/staging.nbg.eu\/lv\/wp-json\/wp\/v2\/media\/79691"}],"wp:attachment":[{"href":"https:\/\/staging.nbg.eu\/lv\/wp-json\/wp\/v2\/media?parent=106797"}],"wp:term":[{"taxonomy":"product_brand","embeddable":true,"href":"https:\/\/staging.nbg.eu\/lv\/wp-json\/wp\/v2\/product_brand?post=106797"},{"taxonomy":"product_cat","embeddable":true,"href":"https:\/\/staging.nbg.eu\/lv\/wp-json\/wp\/v2\/product_cat?post=106797"},{"taxonomy":"product_tag","embeddable":true,"href":"https:\/\/staging.nbg.eu\/lv\/wp-json\/wp\/v2\/product_tag?post=106797"}],"curies":[{"name":"wp","href":"https:\/\/api.w.org\/{rel}","templated":true}]}}