{"id":106620,"date":"2024-01-30T18:13:57","date_gmt":"2024-12-30T09:39:02","guid":{"rendered":"https:\/\/staging.nbg.eu\/product\/tangent-theta-tt735p-7-35x56mm-professional\/"},"modified":"2024-12-30T09:40:51","modified_gmt":"2024-12-30T09:40:51","slug":"tangent-theta-tt735p-7-35x56mm-profesionalais","status":"publish","type":"product","link":"https:\/\/staging.nbg.eu\/lv\/product\/tangent-theta-tt735p-7-35x56mm-profesionalais\/","title":{"rendered":"Tangent Theta TT735P (7-35x56mm profesion\u0101lais)"},"content":{"rendered":"<div class=\"product-description\">\n<p>Tangent Theta tika dibin\u0101ts 2013. gad\u0101 Novaskotij\u0101, Kan\u0101d\u0101 ar m\u0113r\u0137i ra\u017eot lab\u0101kos \u0161autenes t\u0113mek\u013cus pasaul\u0113. T\u0113mek\u013ci tiek mont\u0113ti ar rok\u0101m, individu\u0101li test\u0113ti un p\u0101rbaud\u012bti komand\u0101, kur\u0101 ietilpst optiskie dizaineri, meh\u0101niskie in\u017eenieri un starptautiska l\u012bme\u0146a t\u0101l\u0101s \u0161au\u0161anas sportisti.<\/p>\n<h2>Tangent Theta TT735P 7-35x56mm Profesion\u0101lais \u0161autenes teleskops<\/h2>\n<p>Tangent Theta TT735P ir 7-35x56mm \u0161autenes teleskops profesion\u0101liem \u0161\u0101v\u0113jiem. \u0160is t\u0113meklis apvieno jaun\u0101ko tehnolo\u0123iju ar iztur\u012bbu, lai nodro\u0161in\u0101tu veiktsp\u0113ju pras\u012bgos apst\u0101k\u013cos.<\/p>\n<h2>Galven\u0101s iez\u012bmes:<\/h2>\n<ul>\n<li>7-35x palielin\u0101juma diapazons m\u0113r\u0137a identific\u0113\u0161anai liel\u0101 att\u0101lum\u0101<\/li>\n<li>56mm objekt\u012bva l\u0113ca gaismas uztver\u0161anai<\/li>\n<li>36mm galvenais caurules diametrs struktur\u0101lajai integrit\u0101tei un regul\u0113\u0161anas diapazonam<\/li>\n<li>Paralakses regul\u0113\u0161ana l\u012bdz 10 metriem<\/li>\n<li>11 t\u012bklojuma apgaismojuma iestat\u012bjumi<\/li>\n<li>TOOL-LESS RE-ZERO\u00ae funkcija \u0101trai null\u0113\u0161anai (ASV Patents # 10,591,253)<\/li>\n<li>Netransform\u0113jo\u0161\u0101s pogas ar augstuma nulles aizturi<\/li>\n<li>Divk\u0101r\u0161a pagrieziena augstuma regul\u0113\u0161ana ar apgrieziena indikatoru<\/li>\n<li>Blo\u0137\u0113jams \u0101tri regul\u0113jams dioptrijs<\/li>\n<\/ul>\n<h2>Kvalit\u0101te:<\/h2>\n<p>Izgatavots Kan\u0101d\u0101, TT735P ir p\u0101rbaud\u012bts iztur\u0113t vides apst\u0101k\u013cus. Tam ir II tipa anod\u0113ts mat\u0113ts p\u0101rkl\u0101jums, 4 stundu \u016bdensiztur\u012bba 10 metru dzi\u013cum\u0101 un 700g triecieniztur\u012bba 10 000 ciklos.<\/p>\n<\/div>\n<h2>T\u012bklojumi:<\/h2>\n<ol>\n<li data-line-height=\"xs\">Horus Tremor3 t\u012bklojums<\/li>\n<li data-line-height=\"xs\">JTAC<\/li>\n<li data-line-height=\"xs\">Gen 3 XR Fine<\/li>\n<\/ol>\n<div class=\"product-description\">\n<h2>Optika:<\/h2>\n<p>Pieejami tr\u012bs t\u012bklojuma varianti: Horus Tremor3, JTAC vai Gen 3 XR Fine. TT735P pied\u0101v\u0101 90mm acs att\u0101lumu un redzes lauku no 5,41m pie 100m (7x) l\u012bdz 1,08m pie 100m (35x).<\/p>\n<h2>Profesion\u0101la l\u012bme\u0146a regul\u0113\u0161ana:<\/h2>\n<p>0,1 mrad regul\u0113\u0161anas iz\u0161\u0137irtsp\u0113ja, 30 mrad kop\u0113jais augstuma diapazons un 14 mrad kop\u0113jais v\u0113ja diapazons. S\u0101nu paralakses regul\u0113\u0161ana un blo\u0137\u0113jams dioptrijs nodro\u0161ina skaidru att\u0113lu jebkur\u0101 att\u0101lum\u0101.<\/p>\n<p>Tangent Theta TT735P ir paredz\u0113ts \u0161\u0101v\u0113jiem, kuri pieprasa augst\u0101ko kvalit\u0101ti.<\/p>\n<\/div>\n","protected":false},"excerpt":{"rendered":"<p>Tangent Theta 7-35x56mm Professional ir optiskais t\u0113meklis, ko izv\u0113laties \u0161au\u0161anai \u012bpa\u0161i t\u0101l\u0101s distanc\u0113s.<\/p>\n","protected":false},"featured_media":81000,"template":"","meta":{"_acf_changed":false},"product_brand":[11895],"product_cat":[13803,13771],"product_tag":[],"class_list":{"0":"post-106620","1":"product","2":"type-product","3":"status-publish","4":"has-post-thumbnail","6":"product_brand-tangent-theta","7":"product_cat-merkesana","8":"product_cat-palielinosa-optika","10":"first","11":"instock","12":"taxable","13":"shipping-taxable","14":"purchasable","15":"product-type-variable","16":"wvs-archive-product-wrapper"},"acf":[],"_links":{"self":[{"href":"https:\/\/staging.nbg.eu\/lv\/wp-json\/wp\/v2\/product\/106620","targetHints":{"allow":["GET"]}}],"collection":[{"href":"https:\/\/staging.nbg.eu\/lv\/wp-json\/wp\/v2\/product"}],"about":[{"href":"https:\/\/staging.nbg.eu\/lv\/wp-json\/wp\/v2\/types\/product"}],"wp:featuredmedia":[{"embeddable":true,"href":"https:\/\/staging.nbg.eu\/lv\/wp-json\/wp\/v2\/media\/81000"}],"wp:attachment":[{"href":"https:\/\/staging.nbg.eu\/lv\/wp-json\/wp\/v2\/media?parent=106620"}],"wp:term":[{"taxonomy":"product_brand","embeddable":true,"href":"https:\/\/staging.nbg.eu\/lv\/wp-json\/wp\/v2\/product_brand?post=106620"},{"taxonomy":"product_cat","embeddable":true,"href":"https:\/\/staging.nbg.eu\/lv\/wp-json\/wp\/v2\/product_cat?post=106620"},{"taxonomy":"product_tag","embeddable":true,"href":"https:\/\/staging.nbg.eu\/lv\/wp-json\/wp\/v2\/product_tag?post=106620"}],"curies":[{"name":"wp","href":"https:\/\/api.w.org\/{rel}","templated":true}]}}