{"id":84542,"date":"2024-11-17T07:25:58","date_gmt":"2024-12-18T10:04:51","guid":{"rendered":"https:\/\/staging.nbg.eu\/product\/tangent-theta-tt315m-3-15x50mm-marksman\/"},"modified":"2024-12-30T08:45:16","modified_gmt":"2024-12-30T08:45:16","slug":"tangent-theta-tt315m-3-15x50mm-marksman","status":"publish","type":"product","link":"https:\/\/staging.nbg.eu\/lt\/produktas\/tangent-theta-tt315m-3-15x50mm-marksman\/","title":{"rendered":"Tangent Theta TT315M (3-15x50mm Marksman)"},"content":{"rendered":"<div class=\"product-description\">\n<p>Tangent Theta \u012fkurta 2013 metais Naujojoje \u0160kotijoje, Kanadoje, siekiant gaminti geriausius \u0161autuv\u0173 taikiklius pasaulyje. Taikikliai yra surenkami rankomis, individualiai i\u0161bandomi ir tikrinami komandos, kuri\u0105 sudaro optikos dizaineriai, mechanikos in\u017einieriai ir tarptautinio lygio ilg\u0173 nuotoli\u0173 \u0161auliai.<\/p>\n<h2>Tangent Theta TT315M 3-15x50mm \u0161autuvo taikiklis<\/h2>\n<p>Tangent Theta TT315M yra vidutinio nuotolio taikiklis, skirtas policijos ir saugumo \u0161auliams. \u0160is lengvesnis profesionalus \u0161autuvo taikiklis apjungia naujausias technologijas su auk\u0161tos kokyb\u0117s optika.<\/p>\n<h2>Pagrindin\u0117s savyb\u0117s:<\/h2>\n<ul>\n<li>50mm objektyvo l\u0119\u0161is geresniam \u0161viesos surinkimui<\/li>\n<li>30mm pagrindinis vamzdis didesniam patvarumui<\/li>\n<li>Mechaninis \u0161oninio v\u0117jo krypties indikatorius<\/li>\n<li>11 tinklelio ap\u0161vietimo nustatym\u0173 \u012fvairioms ap\u0161vietimo s\u0105lygoms<\/li>\n<li>\u0160oninis paralakso reguliavimas tiksliam fokusavimui<\/li>\n<li>Nesisukin\u0117jantys reguliatoriai su auk\u0161\u010dio nulio stabdikliu<\/li>\n<li>Dvigubas auk\u0161\u010dio sukimas su apsisukimo ir \u0161oninio v\u0117jo krypties indikatoriumi<\/li>\n<li>3-15x didinimo diapazonas<\/li>\n<li>U\u017erakinamas greitai reguliuojamas dioptrijas<\/li>\n<\/ul>\n<h2>Optin\u0117 kokyb\u0117:<\/h2>\n<p>TT315M turi optimizuot\u0105 optin\u012f keli\u0105, u\u017etikrinant\u012f auk\u0161t\u0105 vaizdo kokyb\u0119. Tai leid\u017eia \u0161auliams matyti smulkias taikinio detales ir ilgai i\u0161laikyti taikin\u012f be aki\u0173 nuovargio.<\/p>\n<h2>Tiksl\u016bs reguliavimai:<\/h2>\n<p>TT315M turi tikslius reguliavimo mechanizmus su nulio stabdikliais, mechaniniu apsisukimo ir \u0161oninio v\u0117jo krypties indikatoriais, kas padeda i\u0161vengti reguliavimo klaid\u0173 ir u\u017etikrina tikslum\u0105 kritin\u0117se situacijose.<\/p>\n<h2>Tinklelio variantai:<\/h2>\n<ul>\n<li>Gen 2XR<\/li>\n<li>MoA<\/li>\n<li>Gen 2 Mil-Dot<\/li>\n<li>Gen 3XR<\/li>\n<\/ul>\n<h2>Technin\u0117s specifikacijos:<\/h2>\n<ul>\n<li>Ilgis: 351mm<\/li>\n<li>Svoris: 786g<\/li>\n<li>Reg\u0117jimo laukas @ 3x: 7.3 laipsniai (12.8m @ 100m)<\/li>\n<li>Reg\u0117jimo laukas @ 15x: 1.6 laipsniai (2.8m @ 100m)<\/li>\n<li>Akies atstumas: 90mm<\/li>\n<li>Bendras auk\u0161\u010dio reguliavimo diapazonas: 18 mrad (60 MoA)<\/li>\n<li>Bendras \u0161oninio reguliavimo diapazonas: +\/- 12 mrad (+\/-40 MoA)<\/li>\n<li>Reguliavimo tikslumas: 0.1 mrad arba 1\/4 MoA<\/li>\n<li>Paralakso reguliavimo diapazonas: nuo 50m iki begalyb\u0117s<\/li>\n<\/ul>\n<h2>Patvarumas:<\/h2>\n<p>TT315M yra atsparus sunkioms s\u0105lygoms, vandeniui atsparus 4 valandas 10 metr\u0173 gylyje ir atsparus sm\u016bgiams iki 700g 10,000 cikl\u0173. I\u0161or\u0117 padengta II tipo anoduotu matiniu pavir\u0161iumi papildomai apsaugai.<\/p>\n<h2>Pridedami priedai:<\/h2>\n<p>Tenebraex l\u0119\u0161i\u0173 dangteliai ir ARD (atspind\u017ei\u0173 ma\u017einimo \u012ftaisas) pridedami kaip standartiniai priedai.<\/p>\n<\/div>\n","protected":false},"excerpt":{"rendered":"<p>Tikslus 3-15x50mm taikinys \u0161auliams. Optimalus vaizdas, nulio stabdymas, ap\u0161viestas.<\/p>\n","protected":false},"featured_media":167618,"template":"","meta":{"_acf_changed":false},"product_brand":[11898],"product_cat":[13685,13717],"product_tag":[],"class_list":{"0":"post-84542","1":"product","2":"type-product","3":"status-publish","4":"has-post-thumbnail","6":"product_brand-tangent-theta","7":"product_cat-padidinta-optika","8":"product_cat-taikymas","10":"first","11":"instock","12":"taxable","13":"shipping-taxable","14":"purchasable","15":"product-type-variable","16":"wvs-archive-product-wrapper"},"acf":[],"_links":{"self":[{"href":"https:\/\/staging.nbg.eu\/lt\/wp-json\/wp\/v2\/product\/84542","targetHints":{"allow":["GET"]}}],"collection":[{"href":"https:\/\/staging.nbg.eu\/lt\/wp-json\/wp\/v2\/product"}],"about":[{"href":"https:\/\/staging.nbg.eu\/lt\/wp-json\/wp\/v2\/types\/product"}],"wp:featuredmedia":[{"embeddable":true,"href":"https:\/\/staging.nbg.eu\/lt\/wp-json\/wp\/v2\/media\/167618"}],"wp:attachment":[{"href":"https:\/\/staging.nbg.eu\/lt\/wp-json\/wp\/v2\/media?parent=84542"}],"wp:term":[{"taxonomy":"product_brand","embeddable":true,"href":"https:\/\/staging.nbg.eu\/lt\/wp-json\/wp\/v2\/product_brand?post=84542"},{"taxonomy":"product_cat","embeddable":true,"href":"https:\/\/staging.nbg.eu\/lt\/wp-json\/wp\/v2\/product_cat?post=84542"},{"taxonomy":"product_tag","embeddable":true,"href":"https:\/\/staging.nbg.eu\/lt\/wp-json\/wp\/v2\/product_tag?post=84542"}],"curies":[{"name":"wp","href":"https:\/\/api.w.org\/{rel}","templated":true}]}}