{"id":83648,"date":"2024-11-02T06:43:16","date_gmt":"2024-11-02T06:43:16","guid":{"rendered":"https:\/\/staging.nbg.eu\/product\/sons-of-liberty-gun-works-ar-15-buffer-h3\/"},"modified":"2024-12-17T13:05:40","modified_gmt":"2024-12-17T13:05:40","slug":"sons-of-liberty-gun-works-ar-15-buferis-h3","status":"publish","type":"product","link":"https:\/\/staging.nbg.eu\/lt\/produktas\/sons-of-liberty-gun-works-ar-15-buferis-h3\/","title":{"rendered":"Sons of Liberty Gun Works &#8211; AR 15 Buferis H3"},"content":{"rendered":"<div class=\"product-description\">\n<h2>Sons of Liberty Gun Works &#8211; AR 15 Buferis H3<\/h2>\n<p>SOLGW H3 buferis yra pagamintas AR-15 \u0161autuvui. \u0160i atsargin\u0117 dalis u\u017etikrina optimal\u0173 ginklo veikim\u0105.<\/p>\n<ul>\n<li>Tinka visiems AR-15 modeliams<\/li>\n<li>Svoris: 5.4 uncijos<\/li>\n<li>Matmenys: 1 colis<\/li>\n<li>Ai\u0161kiai pa\u017eym\u0117tas svoris<\/li>\n<\/ul>\n<p>H3 buferis suma\u017eina atatrank\u0105 ir pagerina \u0161autuvo veikim\u0105.<\/p>\n<p>Sons of Liberty Gun Works gamina kokybi\u0161kas dalis.<\/p>\n<\/div>\n","protected":false},"excerpt":{"rendered":"<p>\u201eSons of Liberty H3 AR-15&#8243; buferis: tikslus, patvarus, 5.4 uncij\u0173 svorio.<\/p>\n","protected":false},"featured_media":76327,"template":"","meta":{"_acf_changed":false},"product_brand":[],"product_cat":[13690],"product_tag":[],"class_list":{"0":"post-83648","1":"product","2":"type-product","3":"status-publish","4":"has-post-thumbnail","6":"product_cat-sautuvo-derinimas","8":"first","9":"outofstock","10":"taxable","11":"shipping-taxable","12":"purchasable","13":"product-type-simple"},"acf":[],"_links":{"self":[{"href":"https:\/\/staging.nbg.eu\/lt\/wp-json\/wp\/v2\/product\/83648","targetHints":{"allow":["GET"]}}],"collection":[{"href":"https:\/\/staging.nbg.eu\/lt\/wp-json\/wp\/v2\/product"}],"about":[{"href":"https:\/\/staging.nbg.eu\/lt\/wp-json\/wp\/v2\/types\/product"}],"wp:featuredmedia":[{"embeddable":true,"href":"https:\/\/staging.nbg.eu\/lt\/wp-json\/wp\/v2\/media\/76327"}],"wp:attachment":[{"href":"https:\/\/staging.nbg.eu\/lt\/wp-json\/wp\/v2\/media?parent=83648"}],"wp:term":[{"taxonomy":"product_brand","embeddable":true,"href":"https:\/\/staging.nbg.eu\/lt\/wp-json\/wp\/v2\/product_brand?post=83648"},{"taxonomy":"product_cat","embeddable":true,"href":"https:\/\/staging.nbg.eu\/lt\/wp-json\/wp\/v2\/product_cat?post=83648"},{"taxonomy":"product_tag","embeddable":true,"href":"https:\/\/staging.nbg.eu\/lt\/wp-json\/wp\/v2\/product_tag?post=83648"}],"curies":[{"name":"wp","href":"https:\/\/api.w.org\/{rel}","templated":true}]}}