{"id":83560,"date":"2024-11-27T08:27:04","date_gmt":"2024-12-17T12:02:55","guid":{"rendered":"https:\/\/staging.nbg.eu\/product\/geissele-ak-trigger-enhanced-with-lightning-bow-akt-el\/"},"modified":"2024-12-17T12:05:00","modified_gmt":"2024-12-17T12:05:00","slug":"geissele-ak-gaidukas-patobulintas-su-lightning-bow-akt-el","status":"publish","type":"product","link":"https:\/\/staging.nbg.eu\/lt\/produktas\/geissele-ak-gaidukas-patobulintas-su-lightning-bow-akt-el\/","title":{"rendered":"Geissele AK Gaidukas Patobulintas su Lightning Bow (AKT-EL)"},"content":{"rendered":"<div class=\"product-description\">\n<h2>Geissele AK gaidukas su Lightning Bow (AKT-EL)<\/h2>\n<p>AKT-EL yra vieno etapo gaidukas AK47\/AK74 \u0161autuvams. Jis si\u016blo:<\/p>\n<ul>\n<li>Trumpesn\u012f gaiduko paspaudim\u0105<\/li>\n<li>Pagamintas i\u0161 ginklo kokyb\u0117s plieno lydinio<\/li>\n<li>Mangano fosfato apdaila apsaugai nuo korozijos<\/li>\n<li>Lightning Bow\u00ae dizainas geresniam gaiduko valdymui<\/li>\n<li>Pagaminta JAV (North Wales, PA)<\/li>\n<li>Prisideda prie 922(r) atitikties trimis dalimis<\/li>\n<\/ul>\n<p><strong>Pastaba:<\/strong> Nesuderinamas su 12 kalibro ir 308 \/ 7.62x54r variantais. Rekomenduojama profesionali instaliacija.<\/p>\n<\/div>\n","protected":false},"excerpt":{"rendered":"<p>Patobulintas AK gaidukas su \u201eLightning Bow&#8221; technologija, u\u017etikrinantis sklandesn\u012f ir trumpesn\u012f nuspaudim\u0105.<\/p>\n","protected":false},"featured_media":82125,"template":"","meta":{"_acf_changed":false},"product_brand":[11386],"product_cat":[13675,13678,13690],"product_tag":[],"class_list":{"0":"post-83560","1":"product","2":"type-product","3":"status-publish","4":"has-post-thumbnail","6":"product_brand-geissele","7":"product_cat-ak-derinimas","8":"product_cat-gaidukai","9":"product_cat-sautuvo-derinimas","11":"first","12":"instock","13":"taxable","14":"shipping-taxable","15":"product-type-simple"},"acf":[],"_links":{"self":[{"href":"https:\/\/staging.nbg.eu\/lt\/wp-json\/wp\/v2\/product\/83560","targetHints":{"allow":["GET"]}}],"collection":[{"href":"https:\/\/staging.nbg.eu\/lt\/wp-json\/wp\/v2\/product"}],"about":[{"href":"https:\/\/staging.nbg.eu\/lt\/wp-json\/wp\/v2\/types\/product"}],"wp:featuredmedia":[{"embeddable":true,"href":"https:\/\/staging.nbg.eu\/lt\/wp-json\/wp\/v2\/media\/82125"}],"wp:attachment":[{"href":"https:\/\/staging.nbg.eu\/lt\/wp-json\/wp\/v2\/media?parent=83560"}],"wp:term":[{"taxonomy":"product_brand","embeddable":true,"href":"https:\/\/staging.nbg.eu\/lt\/wp-json\/wp\/v2\/product_brand?post=83560"},{"taxonomy":"product_cat","embeddable":true,"href":"https:\/\/staging.nbg.eu\/lt\/wp-json\/wp\/v2\/product_cat?post=83560"},{"taxonomy":"product_tag","embeddable":true,"href":"https:\/\/staging.nbg.eu\/lt\/wp-json\/wp\/v2\/product_tag?post=83560"}],"curies":[{"name":"wp","href":"https:\/\/api.w.org\/{rel}","templated":true}]}}