{"id":83538,"date":"2024-11-27T07:42:23","date_gmt":"2024-11-27T07:42:23","guid":{"rendered":"https:\/\/staging.nbg.eu\/product\/geissele-30-round-6mm-arc-magazine-black\/"},"modified":"2024-12-17T11:54:50","modified_gmt":"2024-12-17T11:54:50","slug":"geissele-30-soviniu-6mm-arc-detuve-juoda","status":"publish","type":"product","link":"https:\/\/staging.nbg.eu\/lt\/produktas\/geissele-30-soviniu-6mm-arc-detuve-juoda\/","title":{"rendered":"Geissele 30 soviniu 6mm ARC Detuve \u2013 Juoda"},"content":{"rendered":"<h2>Geissele 30 \u0161ovini\u0173 6mm ARC d\u0117tuv\u0117 \u2013 Juoda<\/h2>\n<p>Geissele 6mm ARC d\u0117tuv\u0117. \u0160i JAV pagaminta d\u0117tuv\u0117 yra skirta specialiai 6mm ARC \u0161oviniams, u\u017etikrinant patikim\u0105 tiekim\u0105 ir veikim\u0105.<\/p>\n<h3>Pagrindin\u0117s savyb\u0117s:<\/h3>\n<ul>\n<li>30 \u0161ovini\u0173 talpa<\/li>\n<li>Patobulinta vientisa konstrukcija<\/li>\n<li>Lazeriu suvirinta<\/li>\n<li>410 ner\u016bdijan\u010dio plieno korpusas su juodu nitrido padengimu<\/li>\n<li>Sekiklis, apsaugantis nuo pakreipimo<\/li>\n<li>Atspari korozijai konstrukcija<\/li>\n<li>Ner\u016bdijan\u010dio plieno kvadratin\u0117 spyruokl\u0117<\/li>\n<li>Bendras ilgis: 8,1 colio<\/li>\n<\/ul>\n<p>\u0160i d\u0117tuv\u0117 yra pagaminta i\u0161 auk\u0161tos kokyb\u0117s med\u017eiag\u0173. Skirta 6mm ARC \u0161audymui.<\/p>\n","protected":false},"excerpt":{"rendered":"<p>Patvari 30 \u0161ovini\u0173 6mm ARC d\u0117tuv\u0117. Pagaminta i\u0161 ner\u016bdijan\u010dio plieno, su nuo pasvyrimo apsaugan\u010diu st\u016bmokliu.<\/p>\n","protected":false},"featured_media":81894,"template":"","meta":{"_acf_changed":false},"product_brand":[11386],"product_cat":[13741,13724],"product_tag":[],"class_list":{"0":"post-83538","1":"product","2":"type-product","3":"status-publish","4":"has-post-thumbnail","6":"product_brand-geissele","7":"product_cat-sautuvas","8":"product_cat-sautuvu-detuves","10":"first","11":"instock","12":"taxable","13":"shipping-taxable","14":"product-type-simple"},"acf":[],"_links":{"self":[{"href":"https:\/\/staging.nbg.eu\/lt\/wp-json\/wp\/v2\/product\/83538","targetHints":{"allow":["GET"]}}],"collection":[{"href":"https:\/\/staging.nbg.eu\/lt\/wp-json\/wp\/v2\/product"}],"about":[{"href":"https:\/\/staging.nbg.eu\/lt\/wp-json\/wp\/v2\/types\/product"}],"wp:featuredmedia":[{"embeddable":true,"href":"https:\/\/staging.nbg.eu\/lt\/wp-json\/wp\/v2\/media\/81894"}],"wp:attachment":[{"href":"https:\/\/staging.nbg.eu\/lt\/wp-json\/wp\/v2\/media?parent=83538"}],"wp:term":[{"taxonomy":"product_brand","embeddable":true,"href":"https:\/\/staging.nbg.eu\/lt\/wp-json\/wp\/v2\/product_brand?post=83538"},{"taxonomy":"product_cat","embeddable":true,"href":"https:\/\/staging.nbg.eu\/lt\/wp-json\/wp\/v2\/product_cat?post=83538"},{"taxonomy":"product_tag","embeddable":true,"href":"https:\/\/staging.nbg.eu\/lt\/wp-json\/wp\/v2\/product_tag?post=83538"}],"curies":[{"name":"wp","href":"https:\/\/api.w.org\/{rel}","templated":true}]}}