{"id":83448,"date":"2024-11-16T09:53:46","date_gmt":"2024-12-16T10:51:18","guid":{"rendered":"https:\/\/staging.nbg.eu\/product\/elcan-specterdr-1x-4x\/"},"modified":"2024-12-16T10:53:39","modified_gmt":"2024-12-16T10:53:39","slug":"elcan-specterdr-1x4x","status":"publish","type":"product","link":"https:\/\/staging.nbg.eu\/lt\/produktas\/elcan-specterdr-1x4x\/","title":{"rendered":"ELCAN SpecterDR 1x\/4x"},"content":{"rendered":"<h2>ELCAN SpecterDR 1x\/4x dvigubo vaidmens optinis taikiklis<\/h2>\n<p>Pristatome 2024 m. ELCAN SpecterDR 1x\/4x \u2013 dvigubo matymo lauko optin\u012f taikikl\u012f.<\/p>\n<h2>Pagrindin\u0117s savyb\u0117s:<\/h2>\n<ul>\n<li>Integruoti Picatinny b\u0117geliai<\/li>\n<li>Abipusiai didinimo svirtel\u0117s<\/li>\n<li>Patobulinti baterij\u0173 dangteliai<\/li>\n<li>CERAKOTE\u00ae apdaila juoda arba plok\u0161\u010dia tamsi \u017eem\u0117s spalva (FDE)<\/li>\n<li>Greitas perjungimas tarp 4x didinimo ir 1x CQB re\u017eim\u0173<\/li>\n<li>Optimizuotas optinis kelias ir vienodas akies atstumas abiejuose re\u017eimuose<\/li>\n<li>Ap\u0161viestas kry\u017eminis tinklelis arba raudonas ta\u0161kas centre<\/li>\n<li>Did\u017eiausias matymo laukas 1x re\u017eime<\/li>\n<li>Ai\u0161kus vaizdas 4x re\u017eime<\/li>\n<\/ul>\n<h2>Tinkleliai:<\/h2>\n<ul>\n<li>5.56 (CX5395)<\/li>\n<li>7.62 (CX5396)<\/li>\n<\/ul>\n<h2>Technin\u0117s specifikacijos:<\/h2>\n<ul>\n<li>Didinimas: 4x \/ 1x<\/li>\n<li>Matmenys: 153mm x 68mm x 72mm (nominal\u016bs)<\/li>\n<li>Svoris: 655g (nominalus)<\/li>\n<li>Tinklelis: Dvigubo storio balistinis kry\u017eminis tinklelis su pasirenkamu raudonu ta\u0161ku<\/li>\n<li>Matymo laukas: 26\u00b0 @ 1x, 6.5\u00b0 @ 4x<\/li>\n<li>Akies atstumas: 70mm<\/li>\n<li>Baterija: CR2032 (3v li\u010dio)<\/li>\n<li>Baterijos veikimo laikas: Iki 1730 valand\u0173<\/li>\n<li>Reguliavimo diapazonas: 120 kampini\u0173 minu\u010di\u0173<\/li>\n<\/ul>\n<h2>Pasirenkamas XOPTEK\u2122 mikro refleksinis taikiklis<\/h2>\n<p>Papildykite savo SpecterDR 1-4 su XOPTEK\u2122 mikro refleksiniu taiklikliu, lengvu greito taikymo prietaisu, skirtu artimoms ir vidutinio nuotolio taikiniams.<\/p>\n<p>ELCAN SpecterDR 1x\/4x yra sukurtas atlaikyti \u0161iuolaikinio profesionalaus naudojimo s\u0105lygas, tinkamas vidutinio nuotolio ir CQB situacijoms. \u0160is optinis taikiklis si\u016blo universalum\u0105 ir tikslum\u0105.<\/p>\n","protected":false},"excerpt":{"rendered":"<p>ELCAN SpecterDR 1x\/4x: Dvigubos paskirties taikinys su momentinio didinimo perjungimu.<\/p>\n","protected":false},"featured_media":79344,"template":"","meta":{"_acf_changed":false},"product_brand":[11299],"product_cat":[13685,13717],"product_tag":[],"class_list":{"0":"post-83448","1":"product","2":"type-product","3":"status-publish","4":"has-post-thumbnail","6":"product_brand-elcan","7":"product_cat-padidinta-optika","8":"product_cat-taikymas","10":"first","11":"instock","12":"taxable","13":"shipping-taxable","14":"purchasable","15":"product-type-variable","16":"wvs-archive-product-wrapper"},"acf":[],"_links":{"self":[{"href":"https:\/\/staging.nbg.eu\/lt\/wp-json\/wp\/v2\/product\/83448","targetHints":{"allow":["GET"]}}],"collection":[{"href":"https:\/\/staging.nbg.eu\/lt\/wp-json\/wp\/v2\/product"}],"about":[{"href":"https:\/\/staging.nbg.eu\/lt\/wp-json\/wp\/v2\/types\/product"}],"wp:featuredmedia":[{"embeddable":true,"href":"https:\/\/staging.nbg.eu\/lt\/wp-json\/wp\/v2\/media\/79344"}],"wp:attachment":[{"href":"https:\/\/staging.nbg.eu\/lt\/wp-json\/wp\/v2\/media?parent=83448"}],"wp:term":[{"taxonomy":"product_brand","embeddable":true,"href":"https:\/\/staging.nbg.eu\/lt\/wp-json\/wp\/v2\/product_brand?post=83448"},{"taxonomy":"product_cat","embeddable":true,"href":"https:\/\/staging.nbg.eu\/lt\/wp-json\/wp\/v2\/product_cat?post=83448"},{"taxonomy":"product_tag","embeddable":true,"href":"https:\/\/staging.nbg.eu\/lt\/wp-json\/wp\/v2\/product_tag?post=83448"}],"curies":[{"name":"wp","href":"https:\/\/api.w.org\/{rel}","templated":true}]}}