{"id":83402,"date":"2024-11-05T08:15:55","date_gmt":"2024-12-16T10:06:18","guid":{"rendered":"https:\/\/staging.nbg.eu\/product\/tinck-arms-semi-automatic-carbine-perun-x17-16\/"},"modified":"2024-12-16T10:08:29","modified_gmt":"2024-12-16T10:08:29","slug":"tinck-arms-pusiau-automatinis-karabinas-perun-x17-16","status":"publish","type":"product","link":"https:\/\/staging.nbg.eu\/lt\/produktas\/tinck-arms-pusiau-automatinis-karabinas-perun-x17-16\/","title":{"rendered":"Tinck Arms Pusiau Automatinis Karabinas Perun X17 &#8211; 16&#8243;"},"content":{"rendered":"<div class=\"product-description\">\n<h2>Tinck Arms Perun X17 &#8211; 16&#8243; Pusiau automatinis karabinas<\/h2>\n<p>Perun X17 yra \u0161aunam\u0173j\u0173 ginkl\u0173 technologijos evoliucija, skirta sportininkams, teis\u0117saugos ir kariuomen\u0117s personalui visame pasaulyje. \u0160i platforma pagr\u012fsta AR10 sistema, \u012ftraukiant naujas funkcijas ir patentuot\u0105 veikimo sistem\u0105, kuri nustato naujus patikimumo ir prie\u017ei\u016bros standartus.<\/p>\n<h2>Pagrindin\u0117s savyb\u0117s:<\/h2>\n<ul>\n<li>Balansas ir valdymas tikslumui greitai \u0161audant<\/li>\n<li>Sklandus \u0161audymas gerina bendr\u0105 veikim\u0105<\/li>\n<li>Modulin\u0117 sistema ir suderinamumas su AR10 platformos dalimis<\/li>\n<li>Abipusiai valdymo elementai<\/li>\n<li>Sulankstoma buo\u017e\u0117 mobilumui<\/li>\n<\/ul>\n<h2>Technin\u0117s specifikacijos:<\/h2>\n<table>\n<tr>\n<td>Kalibras:<\/td>\n<td>7.62 x 51mm .308Win, 6.5 Creedmoor<\/td>\n<\/tr>\n<tr>\n<td>Veikimo sistema:<\/td>\n<td>U\u017erakinta besisukanti spyna, hibridin\u0117 DI ir trumpo eigos<\/td>\n<\/tr>\n<tr>\n<td>Veikimas:<\/td>\n<td>Pusiau automatinis<\/td>\n<\/tr>\n<tr>\n<td>Ilgis (min\/maks):<\/td>\n<td>605mm \/ 1040mm<\/td>\n<\/tr>\n<tr>\n<td>Plotis:<\/td>\n<td>56mm (64mm su u\u017etaisymo rankena)<\/td>\n<\/tr>\n<tr>\n<td>Auk\u0161tis:<\/td>\n<td>210mm (su 10 \u0161ovini\u0173 d\u0117tuve)<\/td>\n<\/tr>\n<tr>\n<td>Vamzd\u017eio ilgis:<\/td>\n<td>16&#8243; (Standartinis AR10 suderinamas)<\/td>\n<\/tr>\n<tr>\n<td>Grai\u017etv\u0173 \u017eingsnis:<\/td>\n<td>1:12<\/td>\n<\/tr>\n<tr>\n<td>Svoris:<\/td>\n<td>3.7kg (su 20 \u0161ovini\u0173 d\u0117tuve)<\/td>\n<\/tr>\n<tr>\n<td>Taikymo sistema:<\/td>\n<td>Atlenkiamas atsarginis taikiklis (antrinis)<\/td>\n<\/tr>\n<tr>\n<td>Taikiklio ilgis:<\/td>\n<td>300mm, 340mm<\/td>\n<\/tr>\n<tr>\n<td>Slopintuvo jungtis:<\/td>\n<td>5\/8 x 24 sriegis integruotas \u012f laibgal\u012f<\/td>\n<\/tr>\n<tr>\n<td>Laibgalis:<\/td>\n<td>3 kamer\u0173 laibgalis<\/td>\n<\/tr>\n<tr>\n<td>NAR b\u0117geliai:<\/td>\n<td>1+3<\/td>\n<\/tr>\n<tr>\n<td>U\u017etaisymo rankena:<\/td>\n<td>Nejudanti<\/td>\n<\/tr>\n<tr>\n<td>D\u0117tuv\u0117s talpa:<\/td>\n<td>10, 20, 25 \u0161oviniai (polimerinis)<\/td>\n<\/tr>\n<tr>\n<td>Buo\u017e\u0117s variantai:<\/td>\n<td>\n","protected":false},"excerpt":{"rendered":"<p>Universalus, patikimas 7,62&#215;51 mm karabinas su 41 cm vamzd\u017eiu. Skland\u017eiai \u0161audantis, modulinis AR10 platformos ginklas.<\/p>\n","protected":false},"featured_media":77489,"template":"","meta":{"_acf_changed":false},"product_brand":[11919],"product_cat":[13738,13741],"product_tag":[],"class_list":{"0":"post-83402","1":"product","2":"type-product","3":"status-publish","4":"has-post-thumbnail","6":"product_brand-tinck-arms","7":"product_cat-karabinai","8":"product_cat-sautuvas","10":"first","11":"instock","12":"taxable","13":"shipping-taxable","14":"purchasable","15":"product-type-simple"},"acf":[],"_links":{"self":[{"href":"https:\/\/staging.nbg.eu\/lt\/wp-json\/wp\/v2\/product\/83402","targetHints":{"allow":["GET"]}}],"collection":[{"href":"https:\/\/staging.nbg.eu\/lt\/wp-json\/wp\/v2\/product"}],"about":[{"href":"https:\/\/staging.nbg.eu\/lt\/wp-json\/wp\/v2\/types\/product"}],"wp:featuredmedia":[{"embeddable":true,"href":"https:\/\/staging.nbg.eu\/lt\/wp-json\/wp\/v2\/media\/77489"}],"wp:attachment":[{"href":"https:\/\/staging.nbg.eu\/lt\/wp-json\/wp\/v2\/media?parent=83402"}],"wp:term":[{"taxonomy":"product_brand","embeddable":true,"href":"https:\/\/staging.nbg.eu\/lt\/wp-json\/wp\/v2\/product_brand?post=83402"},{"taxonomy":"product_cat","embeddable":true,"href":"https:\/\/staging.nbg.eu\/lt\/wp-json\/wp\/v2\/product_cat?post=83402"},{"taxonomy":"product_tag","embeddable":true,"href":"https:\/\/staging.nbg.eu\/lt\/wp-json\/wp\/v2\/product_tag?post=83402"}],"curies":[{"name":"wp","href":"https:\/\/api.w.org\/{rel}","templated":true}]}}