{"id":83380,"date":"2024-11-01T13:52:15","date_gmt":"2024-11-01T13:52:15","guid":{"rendered":"https:\/\/staging.nbg.eu\/product\/daa-target-bag-classic-ipsc-target\/"},"modified":"2024-12-16T09:55:51","modified_gmt":"2024-12-16T09:55:51","slug":"daa-taikiniu-krepsys-klasikinis-ipsc-taikinys","status":"publish","type":"product","link":"https:\/\/staging.nbg.eu\/lt\/produktas\/daa-taikiniu-krepsys-klasikinis-ipsc-taikinys\/","title":{"rendered":"DAA Taikiniu Krepsys, Klasikinis (IPSC) taikinys"},"content":{"rendered":"<h2>DAA taikini\u0173 krep\u0161ys, klasikinis (IPSC)<\/h2>\n<p>DAA taikini\u0173 krep\u0161ys yra skirtas taikini\u0173 transportavimui. \u0160is gaminys \u0161auliams turi:<\/p>\n<ul>\n<li>D6000 tekstil\u0117s konstrukcija<\/li>\n<li>Pagrindinis skyrius talpina daugiau nei 20 pilno dyd\u017eio klasikini\u0173 IPSC taikini\u0173<\/li>\n<li>Trys i\u0161orin\u0117s ki\u0161en\u0117s:\n<ul>\n<li>Ki\u0161en\u0117 greito taisymo aplikatoriui<\/li>\n<li>Ki\u0161en\u0117 kab\u0117ms<\/li>\n<li>Bendroji ki\u0161en\u0117 juostai, kab\u0117ms ir \u012frankiams<\/li>\n<\/ul>\n<\/li>\n<li>Du reguliuojami dir\u017eeliai metaliniams taikini\u0173 kabliams<\/li>\n<li>Peties dir\u017eelis ir pamink\u0161tinta rankena<\/li>\n<\/ul>\n<p>Krep\u0161ys leid\u017eia organizuoti vis\u0105 su taikiniais susijusi\u0105 \u012frang\u0105 vienoje vietoje. Jis palengvina \u012frangos ne\u0161im\u0105.<\/p>\n","protected":false},"excerpt":{"rendered":"<p>DAA taikini\u0173 krep\u0161ys: Lengvai organizuokite ir ne\u0161kite IPSC taikinius.<\/p>\n","protected":false},"featured_media":76233,"template":"","meta":{"_acf_changed":false},"product_brand":[11275],"product_cat":[13708,13754],"product_tag":[],"class_list":{"0":"post-83380","1":"product","2":"type-product","3":"status-publish","4":"has-post-thumbnail","6":"product_brand-doublealpha","7":"product_cat-iranga","8":"product_cat-saudyklos-krepsiai","10":"first","11":"outofstock","12":"taxable","13":"shipping-taxable","14":"purchasable","15":"product-type-simple"},"acf":[],"_links":{"self":[{"href":"https:\/\/staging.nbg.eu\/lt\/wp-json\/wp\/v2\/product\/83380","targetHints":{"allow":["GET"]}}],"collection":[{"href":"https:\/\/staging.nbg.eu\/lt\/wp-json\/wp\/v2\/product"}],"about":[{"href":"https:\/\/staging.nbg.eu\/lt\/wp-json\/wp\/v2\/types\/product"}],"wp:featuredmedia":[{"embeddable":true,"href":"https:\/\/staging.nbg.eu\/lt\/wp-json\/wp\/v2\/media\/76233"}],"wp:attachment":[{"href":"https:\/\/staging.nbg.eu\/lt\/wp-json\/wp\/v2\/media?parent=83380"}],"wp:term":[{"taxonomy":"product_brand","embeddable":true,"href":"https:\/\/staging.nbg.eu\/lt\/wp-json\/wp\/v2\/product_brand?post=83380"},{"taxonomy":"product_cat","embeddable":true,"href":"https:\/\/staging.nbg.eu\/lt\/wp-json\/wp\/v2\/product_cat?post=83380"},{"taxonomy":"product_tag","embeddable":true,"href":"https:\/\/staging.nbg.eu\/lt\/wp-json\/wp\/v2\/product_tag?post=83380"}],"curies":[{"name":"wp","href":"https:\/\/api.w.org\/{rel}","templated":true}]}}