{"id":78603,"date":"2024-01-30T18:15:03","date_gmt":"2024-01-30T18:15:03","guid":{"rendered":"https:\/\/staging.nbg.eu\/product\/kmr-w-02-umbra-x\/"},"modified":"2025-02-19T16:16:12","modified_gmt":"2025-02-19T16:16:12","slug":"kmr-w-02-umbra-x","status":"publish","type":"product","link":"https:\/\/staging.nbg.eu\/lt\/produktas\/kmr-w-02-umbra-x\/","title":{"rendered":"KMR W-02 Umbra X"},"content":{"rendered":"<div class=\"product-description\">\n<h2>KMR W-02 Umbra X: IDPA divizijos<\/h2>\n<p>KMR W-02 Umbra X yra lengvas, bet galingas pistoletas, skirtas sportiniam ir laisvalaikio \u0161audymui. Tinka svorio ribojamoms disciplinoms, tokioms kaip IDPA, \u0161is kompakti\u0161kas \u0161aunamasis ginklas u\u017etikrina ger\u0105 veikim\u0105 ir tikslum\u0105.<\/p>\n<h2>Pagrindin\u0117s savyb\u0117s:<\/h2>\n<ul>\n<li>4,5&#8243; sunkus, griovelinis, nitridintas vamzdis su BRS (vamzd\u017eio stabilizavimo sistema)<\/li>\n<li>Optikos montavimo s\u0105saja (OR) pritaikymui<\/li>\n<li>CNC apdirbtas plieninis r\u0117mas ilgaam\u017ei\u0161kumui<\/li>\n<li>SA\/DA gaiduko mechanizmas su trumpu atkry\u010diu<\/li>\n<li>16+1 \u0161ovini\u0173 d\u0117tuv\u0117s talpa<\/li>\n<li>WAVES duraliuminio rankenos tamsiai raudonos spalvos<\/li>\n<li>Reguliuojamas duraliuminio d\u0117tuv\u0117s atlaisvinimo mygtukas<\/li>\n<li>\u0160viesolaidinis priekinis taikiklis (1 mm) ir reguliuojamas OR galinis taikiklis<\/li>\n<li>Nitridintas r\u0117mas ir spyna juodos spalvos<\/li>\n<\/ul>\n<h2>Specifikacijos:<\/h2>\n<ul>\n<li>Kalibras: 9&#215;19, 9&#215;21<\/li>\n<li>Bendras ilgis: 208 mm<\/li>\n<li>Vamzd\u017eio ilgis: 114 mm<\/li>\n<li>Svoris su tu\u0161\u010dia d\u0117tuve: 1210 g<\/li>\n<li>Gaiduko pasiprie\u0161inimas: 17,5 N (SA) \/ 45 N (DA)<\/li>\n<\/ul>\n<p>KMR W-02 Umbra X tiekiamas su KMR priedais. \u0160is pistoletas tinka tiek patyrusiems \u0161auliams, tiek entuziastams.<\/p>\n<p>\u012e komplekt\u0105 \u012feina: 3 d\u0117tuv\u0117s, KMR pistoleto d\u0117klas, valymo rinkinys, KMR alyva, BRS montavimo adapteris, galinio taikiklio reguliavimo raktas, naudotojo vadovas ir garantijos kortel\u0117.<\/p>\n<p><strong>KMR W-02 Umbra X \u2013 \u0161audymo tikslumui.<\/strong><\/p>\n<\/div>\n","protected":false},"excerpt":{"rendered":"<p>I apologize, but there is no product description provided in your request for me to translate. In order to translate a product description to Lithuanian, I would need the original text in English or another language. If you can provide the product description you&#8217;d like translated, I&#8217;d be happy to assist you with the translation to Lithuanian.<\/p>\n","protected":false},"featured_media":76069,"template":"","meta":{"_acf_changed":false},"product_brand":[11496],"product_cat":[13688,13698],"product_tag":[],"class_list":{"0":"post-78603","1":"product","2":"type-product","3":"status-publish","4":"has-post-thumbnail","6":"product_brand-kmr-precision","7":"product_cat-pistoletai","8":"product_cat-pistoletas","10":"first","11":"outofstock","12":"taxable","13":"shipping-taxable","14":"product-type-simple"},"acf":[],"_links":{"self":[{"href":"https:\/\/staging.nbg.eu\/lt\/wp-json\/wp\/v2\/product\/78603","targetHints":{"allow":["GET"]}}],"collection":[{"href":"https:\/\/staging.nbg.eu\/lt\/wp-json\/wp\/v2\/product"}],"about":[{"href":"https:\/\/staging.nbg.eu\/lt\/wp-json\/wp\/v2\/types\/product"}],"wp:featuredmedia":[{"embeddable":true,"href":"https:\/\/staging.nbg.eu\/lt\/wp-json\/wp\/v2\/media\/76069"}],"wp:attachment":[{"href":"https:\/\/staging.nbg.eu\/lt\/wp-json\/wp\/v2\/media?parent=78603"}],"wp:term":[{"taxonomy":"product_brand","embeddable":true,"href":"https:\/\/staging.nbg.eu\/lt\/wp-json\/wp\/v2\/product_brand?post=78603"},{"taxonomy":"product_cat","embeddable":true,"href":"https:\/\/staging.nbg.eu\/lt\/wp-json\/wp\/v2\/product_cat?post=78603"},{"taxonomy":"product_tag","embeddable":true,"href":"https:\/\/staging.nbg.eu\/lt\/wp-json\/wp\/v2\/product_tag?post=78603"}],"curies":[{"name":"wp","href":"https:\/\/api.w.org\/{rel}","templated":true}]}}