{"id":77441,"date":"2024-11-01T07:33:05","date_gmt":"2024-11-01T07:33:05","guid":{"rendered":"https:\/\/staging.nbg.eu\/product\/kmr-l-02-emiq\/"},"modified":"2024-11-04T13:34:03","modified_gmt":"2024-11-04T13:34:03","slug":"kmr-l-02-emiq","status":"publish","type":"product","link":"https:\/\/staging.nbg.eu\/lt\/produktas\/kmr-l-02-emiq\/","title":{"rendered":"KMR L-02 EMIQ"},"content":{"rendered":"<div class=\"product-description\">\n<h2>KMR L-02 EMIQ: Paruo\u0161tas var\u017eyboms<\/h2>\n<p>KMR L-02 EMIQ yra pistoletas, skirtas praktinio \u0161audymo var\u017eyboms. \u0160is ginklas apjungia tiksli\u0105 in\u017einerij\u0105 su pa\u017eangiausiais priedais, u\u017etikrinan\u010diais tikslum\u0105 ir greit\u012f.<\/p>\n<h2>Pagrindin\u0117s savyb\u0117s:<\/h2>\n<ul>\n<li>5&#8243; sunkus, grioveliais i\u0161rai\u017eytas, nitridintas vamzdis tikslumui ir \u0161ilumos i\u0161sklaidymui<\/li>\n<li>3+1 kompensatorius vamzd\u017eio kilimui suma\u017einti ir greitesniems paskesniems \u0161\u016bviams<\/li>\n<li>CNC apdirbtas plieninis r\u0117mas patvarumui ir stabilumui<\/li>\n<li>Raudonojo ta\u0161kinio taikiklio tvirtinimas su apsauginiu skydeliu<\/li>\n<li>Reguliuojamas SA gaiduko mechanizmas su dantytu plok\u0161\u010diu gaiduku<\/li>\n<li>Didel\u0117s talpos d\u0117tuv\u0117s: 19+1 arba 26+1 \u0161ovini\u0173 (9&#215;19, 9\u00d721)<\/li>\n<li>KMR priedai ir BRS vamzd\u017eio stabilizavimo sistema optimaliam veikimui<\/li>\n<\/ul>\n<h2>Specifikacijos:<\/h2>\n<ul>\n<li>Kalibras: 9&#215;19, 9&#215;21<\/li>\n<li>Bendras ilgis: 261 mm \/ 10,3 colio<\/li>\n<li>Vamzd\u017eio ilgis: 127 mm \/ 5 coliai<\/li>\n<li>Svoris (be d\u0117tuv\u0117s): 1260 g \/ 44 uncijos<\/li>\n<li>Gaiduko traukimo j\u0117ga: &gt; 13,5 N<\/li>\n<\/ul>\n<p>KMR L-02 EMIQ gaminamas m\u016bs\u0173 ginklakali\u0173, u\u017etikrinant individual\u0173 d\u0117mes\u012f detal\u0117ms. Su pa\u017eangiomis savyb\u0117mis ir ergonominiu dizainu, \u0161is pistoletas leid\u017eia pranokti konkurentus var\u017eybose.<\/p>\n<p>Pasirinkite KMR L-02 EMIQ ir b\u016bkite pasiruo\u0161\u0119 var\u017eyboms.<\/p>\n<\/div>\n","protected":false},"excerpt":{"rendered":"<p>Auk\u0161tos kokyb\u0117s sportinis pistoletas su kompensatoriumi var\u017eyboms.<\/p>\n","protected":false},"featured_media":75838,"template":"","meta":{"_acf_changed":false},"product_brand":[11496],"product_cat":[13688,13698],"product_tag":[],"class_list":{"0":"post-77441","1":"product","2":"type-product","3":"status-publish","4":"has-post-thumbnail","6":"product_brand-kmr-precision","7":"product_cat-pistoletai","8":"product_cat-pistoletas","10":"first","11":"outofstock","12":"taxable","13":"shipping-taxable","14":"product-type-simple"},"acf":[],"_links":{"self":[{"href":"https:\/\/staging.nbg.eu\/lt\/wp-json\/wp\/v2\/product\/77441","targetHints":{"allow":["GET"]}}],"collection":[{"href":"https:\/\/staging.nbg.eu\/lt\/wp-json\/wp\/v2\/product"}],"about":[{"href":"https:\/\/staging.nbg.eu\/lt\/wp-json\/wp\/v2\/types\/product"}],"wp:featuredmedia":[{"embeddable":true,"href":"https:\/\/staging.nbg.eu\/lt\/wp-json\/wp\/v2\/media\/75838"}],"wp:attachment":[{"href":"https:\/\/staging.nbg.eu\/lt\/wp-json\/wp\/v2\/media?parent=77441"}],"wp:term":[{"taxonomy":"product_brand","embeddable":true,"href":"https:\/\/staging.nbg.eu\/lt\/wp-json\/wp\/v2\/product_brand?post=77441"},{"taxonomy":"product_cat","embeddable":true,"href":"https:\/\/staging.nbg.eu\/lt\/wp-json\/wp\/v2\/product_cat?post=77441"},{"taxonomy":"product_tag","embeddable":true,"href":"https:\/\/staging.nbg.eu\/lt\/wp-json\/wp\/v2\/product_tag?post=77441"}],"curies":[{"name":"wp","href":"https:\/\/api.w.org\/{rel}","templated":true}]}}