{"id":75435,"date":"2024-10-30T18:55:52","date_gmt":"2024-11-01T09:40:53","guid":{"rendered":"https:\/\/staging.nbg.eu\/product\/rhh-201-iwb-magazine\/"},"modified":"2024-11-01T09:46:00","modified_gmt":"2024-11-01T09:46:00","slug":"rhh-201-iwb-detuve","status":"publish","type":"product","link":"https:\/\/staging.nbg.eu\/lt\/produktas\/rhh-201-iwb-detuve\/","title":{"rendered":"Rhh .201 IWB Detuve"},"content":{"rendered":"<div class=\"product-description\">\n<h2>Rhh .201 IWB d\u0117tuv\u0117s d\u0117klas<\/h2>\n<p>Rhh .201 IWB d\u0117tuv\u0117s d\u0117klas, skirtas ne\u0161ioti viduje kelni\u0173. \u0160io d\u0117klo savyb\u0117s:<\/p>\n<ul>\n<li>Pagamintas i\u0161 presunto kydex&#8217;o<\/li>\n<li>Rankomis nu\u0161lifuoti kra\u0161tai<\/li>\n<li>Reguliuojamas sulaikymas<\/li>\n<li>Paprasta valyti<\/li>\n<li>2 mm storio kydex med\u017eiaga<\/li>\n<li>Galima ne\u0161ioti \u012fvairiose juosmens vietose<\/li>\n<li>Tinka naudoti visus metus, ypa\u010d vasar\u0105<\/li>\n<li>Galima rinktis 40 mm ir 45 mm plieninius spaustukus<\/li>\n<li>Pasirenkama apsauga nuo prakaito<\/li>\n<\/ul>\n<p>Skirtas pasl\u0117ptam ne\u0161iojimui. Tinka de\u0161iniarankiams, ne\u0161iojant 9 valandos pad\u0117tyje.<\/p>\n<\/div>\n","protected":false},"excerpt":{"rendered":"<p>Plonas, pasl\u0117piamas IWB d\u0117tuv\u0117s d\u0117klas su reguliuojama rankena ir apsauga nuo prakaito.<\/p>\n","protected":false},"featured_media":74449,"template":"","meta":{"_acf_changed":false},"product_brand":[11639],"product_cat":[13695,13684],"product_tag":[],"class_list":{"0":"post-75435","1":"product","2":"type-product","3":"status-publish","4":"has-post-thumbnail","6":"product_brand-rh-holsters","7":"product_cat-deklas","8":"product_cat-detuviu-laikikliai","9":"pa_belt-size-40mm-lt","10":"pa_model-glock-17-22-31-lt","11":"pa_model-glock-19-23-32-lt","12":"pa_model-glock-26-27-lt","13":"pa_strong-hand-right-lt","15":"first","16":"instock","17":"taxable","18":"shipping-taxable","19":"purchasable","20":"product-type-variable","21":"wvs-archive-product-wrapper"},"acf":[],"_links":{"self":[{"href":"https:\/\/staging.nbg.eu\/lt\/wp-json\/wp\/v2\/product\/75435","targetHints":{"allow":["GET"]}}],"collection":[{"href":"https:\/\/staging.nbg.eu\/lt\/wp-json\/wp\/v2\/product"}],"about":[{"href":"https:\/\/staging.nbg.eu\/lt\/wp-json\/wp\/v2\/types\/product"}],"wp:featuredmedia":[{"embeddable":true,"href":"https:\/\/staging.nbg.eu\/lt\/wp-json\/wp\/v2\/media\/74449"}],"wp:attachment":[{"href":"https:\/\/staging.nbg.eu\/lt\/wp-json\/wp\/v2\/media?parent=75435"}],"wp:term":[{"taxonomy":"product_brand","embeddable":true,"href":"https:\/\/staging.nbg.eu\/lt\/wp-json\/wp\/v2\/product_brand?post=75435"},{"taxonomy":"product_cat","embeddable":true,"href":"https:\/\/staging.nbg.eu\/lt\/wp-json\/wp\/v2\/product_cat?post=75435"},{"taxonomy":"product_tag","embeddable":true,"href":"https:\/\/staging.nbg.eu\/lt\/wp-json\/wp\/v2\/product_tag?post=75435"}],"curies":[{"name":"wp","href":"https:\/\/api.w.org\/{rel}","templated":true}]}}