{"id":75367,"date":"2024-10-30T18:50:16","date_gmt":"2024-11-01T09:26:49","guid":{"rendered":"https:\/\/staging.nbg.eu\/product\/rhh-081-owb-magazine\/"},"modified":"2024-11-01T09:29:00","modified_gmt":"2024-11-01T09:29:00","slug":"rhh-081-owb-detuve","status":"publish","type":"product","link":"https:\/\/staging.nbg.eu\/lt\/produktas\/rhh-081-owb-detuve\/","title":{"rendered":"Rhh .081 OWB Detuve"},"content":{"rendered":"<div class=\"product-description\">\n<h2>Rhh .081 OWB d\u0117tuv\u0117s d\u0117klas<\/h2>\n<p>Rhh .081 OWB d\u0117tuv\u0117s d\u0117klas yra Kydex d\u0117klas, skirtas patogumui ir funkcionalumui. Pagrindin\u0117s savyb\u0117s:<\/p>\n<ul>\n<li>2 mm storio Kydex konstrukcija<\/li>\n<li>Auk\u0161to sl\u0117gio formavimas d\u0117tuv\u0117s talpinimui<\/li>\n<li>Ry\u0161k\u016bs \u012fdubimai su lygiais rankomis nupjautais kra\u0161tais<\/li>\n<li>Pasirenkamos spalvos<\/li>\n<li>\u012evairios ne\u0161iojimo pad\u0117tys (9-7 valandos de\u0161iniarankiams)<\/li>\n<li>Tinka \u0161audykloms, mokymo kursams ir var\u017eyboms<\/li>\n<li>Kelios dir\u017eo tvirtinimo galimyb\u0117s: klasikin\u0117s kilpos, SpeedLoops arba MOLLE s\u0105var\u017eos<\/li>\n<li>Pasirenkama apsauga nuo prakaito<\/li>\n<li>Reguliuojamas su\u0117mimo \u012ftempimas<\/li>\n<\/ul>\n<p>Rhh .081 OWB d\u0117tuv\u0117s d\u0117klas u\u017etikrina ger\u0105 sulaikym\u0105 ir lengv\u0105 naudojim\u0105.<\/p>\n<\/div>\n","protected":false},"excerpt":{"rendered":"<p>Patvarus Kydex OWB d\u0117klas 2 d\u0117tuv\u0117ms. Pritaikomas, saugiai priglunda.<\/p>\n","protected":false},"featured_media":74400,"template":"","meta":{"_acf_changed":false},"product_brand":[11639],"product_cat":[13695,13684],"product_tag":[],"class_list":{"0":"post-75367","1":"product","2":"type-product","3":"status-publish","4":"has-post-thumbnail","6":"product_brand-rh-holsters","7":"product_cat-deklas","8":"product_cat-detuviu-laikikliai","9":"pa_belt-size-40mm-lt","10":"pa_model-1911-lt-2","11":"pa_model-beretta-92x-lt","12":"pa_model-beretta-m9a3-lt","13":"pa_model-glock-17-22-31-lt","14":"pa_model-glock-19-23-32-lt","15":"pa_model-glock-26-27-lt","16":"pa_model-hk45-lt","17":"pa_model-sig-sauer-p226-bez-railu-lt","18":"pa_strong-hand-right-lt","20":"first","21":"instock","22":"taxable","23":"shipping-taxable","24":"purchasable","25":"product-type-variable","26":"wvs-archive-product-wrapper"},"acf":[],"_links":{"self":[{"href":"https:\/\/staging.nbg.eu\/lt\/wp-json\/wp\/v2\/product\/75367","targetHints":{"allow":["GET"]}}],"collection":[{"href":"https:\/\/staging.nbg.eu\/lt\/wp-json\/wp\/v2\/product"}],"about":[{"href":"https:\/\/staging.nbg.eu\/lt\/wp-json\/wp\/v2\/types\/product"}],"wp:featuredmedia":[{"embeddable":true,"href":"https:\/\/staging.nbg.eu\/lt\/wp-json\/wp\/v2\/media\/74400"}],"wp:attachment":[{"href":"https:\/\/staging.nbg.eu\/lt\/wp-json\/wp\/v2\/media?parent=75367"}],"wp:term":[{"taxonomy":"product_brand","embeddable":true,"href":"https:\/\/staging.nbg.eu\/lt\/wp-json\/wp\/v2\/product_brand?post=75367"},{"taxonomy":"product_cat","embeddable":true,"href":"https:\/\/staging.nbg.eu\/lt\/wp-json\/wp\/v2\/product_cat?post=75367"},{"taxonomy":"product_tag","embeddable":true,"href":"https:\/\/staging.nbg.eu\/lt\/wp-json\/wp\/v2\/product_tag?post=75367"}],"curies":[{"name":"wp","href":"https:\/\/api.w.org\/{rel}","templated":true}]}}