{"id":75333,"date":"2024-10-30T20:07:58","date_gmt":"2024-10-30T20:07:58","guid":{"rendered":"https:\/\/staging.nbg.eu\/product\/daa-hard-case-large-430\/"},"modified":"2024-11-01T09:08:00","modified_gmt":"2024-11-01T09:08:00","slug":"daa-kietas-deklas-large-430","status":"publish","type":"product","link":"https:\/\/staging.nbg.eu\/lt\/produktas\/daa-kietas-deklas-large-430\/","title":{"rendered":"DAA kietas d\u0117klas Large-430"},"content":{"rendered":"<div class=\"product-description\">\n<h2>DAA Kietas D\u0117klas Didelis-430<\/h2>\n<p>IP67 sertifikuotas DAA Kietas D\u0117klas Didelis-430 suteikia apsaug\u0105 j\u016bs\u0173 vertingiems daiktams. Tinka \u0161aunamiesiems ginklams, fotografijos \u012frangai, j\u016brinei \u012frangai ir kitiems daiktams.<\/p>\n<ul>\n<li>Vandeniui atsparus sandariklis ir automatinis sl\u0117gio i\u0161leidimo vo\u017etuvas<\/li>\n<li>Lengvai atidaromi dvigubi u\u017eraktai ir spynos skylut\u0117s<\/li>\n<li>Sukraunama blokuojanti sistema su papildomais tvirtinimo ta\u0161kais<\/li>\n<li>\u012eeina 4 dali\u0173 putplas\u010dio rinkinys pritaikomam vidui<\/li>\n<li>Galima \u012fsigyti juodos arba oran\u017ein\u0117s spalvos<\/li>\n<\/ul>\n<p>I\u0161oriniai matmenys: 464 x 366 x 176 mm (18,27 x 14,41 x 6,93 coli\u0173)<br \/>\n  Vidiniai matmenys: 426 x 290 x 159 mm (16,77 x 11,41 x 6,26 coli\u0173)<br \/>\n  Svoris: 3,1 kg<\/p>\n<\/div>\n","protected":false},"excerpt":{"rendered":"<p>Patvari, nepralaidi vandeniui d\u0117\u017e\u0117 vertingai \u012frangai. IP67 sertifikuota, universali.<\/p>\n","protected":false},"featured_media":74475,"template":"","meta":{"_acf_changed":false},"product_brand":[11275],"product_cat":[13708,13730],"product_tag":[],"class_list":{"0":"post-75333","1":"product","2":"type-product","3":"status-publish","4":"has-post-thumbnail","6":"product_brand-doublealpha","7":"product_cat-iranga","8":"product_cat-nesimo-deklai","10":"first","11":"outofstock","12":"taxable","13":"shipping-taxable","14":"purchasable","15":"product-type-simple"},"acf":[],"_links":{"self":[{"href":"https:\/\/staging.nbg.eu\/lt\/wp-json\/wp\/v2\/product\/75333","targetHints":{"allow":["GET"]}}],"collection":[{"href":"https:\/\/staging.nbg.eu\/lt\/wp-json\/wp\/v2\/product"}],"about":[{"href":"https:\/\/staging.nbg.eu\/lt\/wp-json\/wp\/v2\/types\/product"}],"wp:featuredmedia":[{"embeddable":true,"href":"https:\/\/staging.nbg.eu\/lt\/wp-json\/wp\/v2\/media\/74475"}],"wp:attachment":[{"href":"https:\/\/staging.nbg.eu\/lt\/wp-json\/wp\/v2\/media?parent=75333"}],"wp:term":[{"taxonomy":"product_brand","embeddable":true,"href":"https:\/\/staging.nbg.eu\/lt\/wp-json\/wp\/v2\/product_brand?post=75333"},{"taxonomy":"product_cat","embeddable":true,"href":"https:\/\/staging.nbg.eu\/lt\/wp-json\/wp\/v2\/product_cat?post=75333"},{"taxonomy":"product_tag","embeddable":true,"href":"https:\/\/staging.nbg.eu\/lt\/wp-json\/wp\/v2\/product_tag?post=75333"}],"curies":[{"name":"wp","href":"https:\/\/api.w.org\/{rel}","templated":true}]}}