{"id":75311,"date":"2024-10-30T20:55:00","date_gmt":"2024-11-01T09:05:04","guid":{"rendered":"https:\/\/staging.nbg.eu\/product\/daa-hard-case-xl-505\/"},"modified":"2024-11-01T09:06:48","modified_gmt":"2024-11-01T09:06:48","slug":"daa-kietas-deklas-xl-505","status":"publish","type":"product","link":"https:\/\/staging.nbg.eu\/lt\/produktas\/daa-kietas-deklas-xl-505\/","title":{"rendered":"DAA kietas d\u0117klas XL-505"},"content":{"rendered":"<div class=\"product-description\">\n<h2>DAA Kietas D\u0117klas XL-505<\/h2>\n<p>IP67 sertifikuotas DAA kietas d\u0117klas XL-505 skirtas verting\u0173 daikt\u0173 apsaugai. Tinka \u0161aunamiesiems ginklams, fotografijos \u012frangai, j\u016brinei \u012frangai ir kitiems daiktams. D\u0117klas sukurtas atlaikyti sunkias s\u0105lygas.<\/p>\n<ul>\n<li>Atsparus vandeniui ir dulk\u0117ms<\/li>\n<li>Atsparus sm\u016bgiams<\/li>\n<li>Automatinis sl\u0117gio i\u0161leidimo vo\u017etuvas<\/li>\n<li>Keturi lengvai atidaromi dvigubo u\u017erakto fiksatoriai<\/li>\n<li>Mink\u0161ta rankena ir dvi skyl\u0117s spynoms<\/li>\n<li>D\u0117klai gali b\u016bti kraunami vienas ant kito<\/li>\n<li>Pritaikoma putplas\u010dio vidaus dalis<\/li>\n<\/ul>\n<p>XL-505 gaminamas juodos arba oran\u017ein\u0117s spalvos. I\u0161oriniai matmenys: 555 x 428 x 211 mm, svoris: 4,1 kg. D\u0117klas skirtas \u012frangos apsaugai \u012fvairioje aplinkoje.<\/p>\n<\/div>\n","protected":false},"excerpt":{"rendered":"<p>Tvirtas, atsparus vandeniui d\u0117klas vertingai \u012frangai. Pritaikomas vidinis putplas\u010dio \u012fd\u0117klas.<\/p>\n","protected":false},"featured_media":74706,"template":"","meta":{"_acf_changed":false},"product_brand":[11275],"product_cat":[13708,13730],"product_tag":[],"class_list":{"0":"post-75311","1":"product","2":"type-product","3":"status-publish","4":"has-post-thumbnail","6":"product_brand-doublealpha","7":"product_cat-iranga","8":"product_cat-nesimo-deklai","10":"first","11":"instock","12":"taxable","13":"shipping-taxable","14":"purchasable","15":"product-type-simple"},"acf":[],"_links":{"self":[{"href":"https:\/\/staging.nbg.eu\/lt\/wp-json\/wp\/v2\/product\/75311","targetHints":{"allow":["GET"]}}],"collection":[{"href":"https:\/\/staging.nbg.eu\/lt\/wp-json\/wp\/v2\/product"}],"about":[{"href":"https:\/\/staging.nbg.eu\/lt\/wp-json\/wp\/v2\/types\/product"}],"wp:featuredmedia":[{"embeddable":true,"href":"https:\/\/staging.nbg.eu\/lt\/wp-json\/wp\/v2\/media\/74706"}],"wp:attachment":[{"href":"https:\/\/staging.nbg.eu\/lt\/wp-json\/wp\/v2\/media?parent=75311"}],"wp:term":[{"taxonomy":"product_brand","embeddable":true,"href":"https:\/\/staging.nbg.eu\/lt\/wp-json\/wp\/v2\/product_brand?post=75311"},{"taxonomy":"product_cat","embeddable":true,"href":"https:\/\/staging.nbg.eu\/lt\/wp-json\/wp\/v2\/product_cat?post=75311"},{"taxonomy":"product_tag","embeddable":true,"href":"https:\/\/staging.nbg.eu\/lt\/wp-json\/wp\/v2\/product_tag?post=75311"}],"curies":[{"name":"wp","href":"https:\/\/api.w.org\/{rel}","templated":true}]}}