{"id":74928,"date":"2024-10-21T09:31:15","date_gmt":"2024-10-31T11:15:45","guid":{"rendered":"https:\/\/staging.nbg.eu\/product\/grips-kmr-s-dotmatrix-ergo-silver\/"},"modified":"2024-10-31T11:17:21","modified_gmt":"2024-10-31T11:17:21","slug":"rankenos-kmr-s-dotmatrix-ergo-sidabrines","status":"publish","type":"product","link":"https:\/\/staging.nbg.eu\/lt\/produktas\/rankenos-kmr-s-dotmatrix-ergo-sidabrines\/","title":{"rendered":"Rankenos KMR S DotMatrix &#8211; Ergo sidabrin\u0117s"},"content":{"rendered":"<h2>GRIPS KMR S DotMatrix &#8211; Ergo Sidabrin\u0117s<\/h2>\n<p>KMR S-02 pistoletui skirti DotMatrix ranken\u0173 antd\u0117klai. Pagaminti i\u0161 anodizuoto duraliuminio, \u0161ie ilgo dyd\u017eio antd\u0117klai turi ergonomi\u0161k\u0105 dizain\u0105 ir golfo kamuoliuko ra\u0161t\u0105 geresniam sukibimui ir valdymui.<\/p>\n<ul>\n<li>Suderinami tik su KMR S-02 r\u0117mu (26 mm plo\u010dio)<\/li>\n<li>Pagaminti i\u0161 anodizuoto duraliuminio<\/li>\n<li>Ergonomi\u0161kas dizainas<\/li>\n<li>Golfo kamuoliuko ra\u0161to tekst\u016bra<\/li>\n<li>Sidabrin\u0117 apdaila su KMR logotipu<\/li>\n<li>Komplekte yra torx var\u017etai montavimui<\/li>\n<\/ul>\n<p>\u0160ie ranken\u0173 antd\u0117klai skirti KMR S-02 .22 LR pistoletui. Nesuderinami su W-02 ar L-02 r\u0117m\u0173 dyd\u017eiais.<\/p>\n<dl class=\"data-sheet\">\n<dt class=\"name\">KMR ginklams<\/dt>\n<dd class=\"value\">KMR S-01 LANCE (OR)<br \/>\nKMR S-02 IKI 2023<\/dd>\n<dt class=\"name\">CZ ginkl\u0173 pasirinkimas<\/dt>\n<dd class=\"value\">CZ SHADOW 1<br \/>\nCZ SHADOW 2<br \/>\nCZ SHADOW 2 (OR)<br \/>\nCZ SP-01<\/dd>\n<\/dl>\n","protected":false},"excerpt":{"rendered":"<p>Ergonomi\u0161kos sidabrin\u0117s rankenos KMR S-02 pistoletams.<br \/>\n0611-03001-0102<\/p>\n","protected":false},"featured_media":73850,"template":"","meta":{"_acf_changed":false},"product_brand":[11496],"product_cat":[13693],"product_tag":[],"class_list":{"0":"post-74928","1":"product","2":"type-product","3":"status-publish","4":"has-post-thumbnail","6":"product_brand-kmr-precision","7":"product_cat-kmr-dalys","9":"first","10":"instock","11":"taxable","12":"shipping-taxable","13":"purchasable","14":"product-type-simple"},"acf":[],"_links":{"self":[{"href":"https:\/\/staging.nbg.eu\/lt\/wp-json\/wp\/v2\/product\/74928","targetHints":{"allow":["GET"]}}],"collection":[{"href":"https:\/\/staging.nbg.eu\/lt\/wp-json\/wp\/v2\/product"}],"about":[{"href":"https:\/\/staging.nbg.eu\/lt\/wp-json\/wp\/v2\/types\/product"}],"wp:featuredmedia":[{"embeddable":true,"href":"https:\/\/staging.nbg.eu\/lt\/wp-json\/wp\/v2\/media\/73850"}],"wp:attachment":[{"href":"https:\/\/staging.nbg.eu\/lt\/wp-json\/wp\/v2\/media?parent=74928"}],"wp:term":[{"taxonomy":"product_brand","embeddable":true,"href":"https:\/\/staging.nbg.eu\/lt\/wp-json\/wp\/v2\/product_brand?post=74928"},{"taxonomy":"product_cat","embeddable":true,"href":"https:\/\/staging.nbg.eu\/lt\/wp-json\/wp\/v2\/product_cat?post=74928"},{"taxonomy":"product_tag","embeddable":true,"href":"https:\/\/staging.nbg.eu\/lt\/wp-json\/wp\/v2\/product_tag?post=74928"}],"curies":[{"name":"wp","href":"https:\/\/api.w.org\/{rel}","templated":true}]}}