{"id":74840,"date":"2024-10-21T09:33:36","date_gmt":"2024-10-31T10:58:59","guid":{"rendered":"https:\/\/staging.nbg.eu\/product\/grips-kmr-s-dotmatrix-silver\/"},"modified":"2024-10-31T11:00:35","modified_gmt":"2024-10-31T11:00:35","slug":"rankenos-kmr-s-dotmatrix-sidabrines","status":"publish","type":"product","link":"https:\/\/staging.nbg.eu\/lt\/produktas\/rankenos-kmr-s-dotmatrix-sidabrines\/","title":{"rendered":"Rankenos KMR S DotMatrix &#8211; sidabrin\u0117s"},"content":{"rendered":"<div class=\"product-description\">\n<h2>GRIPS KMR S DotMatrix &#8211; Sidabriniai<\/h2>\n<p>GRIPS KMR S DotMatrix sidabro spalvos. \u0160ios ilgos rankenos pagamintos i\u0161 anoduoto duraliuminio, su golfo kamuoliuko ra\u0161to tekst\u016bra geresniam sukibimui.<\/p>\n<ul>\n<li>Skirta KMR S-02 modeliams su 26 mm plo\u010dio aliuminio r\u0117mais<\/li>\n<li>Tekst\u016bra u\u017etikrina tvirt\u0105 laikym\u0105<\/li>\n<li>Tinka esam\u0173 pistolet\u0173 atnaujinimui arba var\u017eybiniams ginklams<\/li>\n<li>Be d\u0117tuv\u0117s kreiptuvo<\/li>\n<li>Komplekte yra torx var\u017etai montavimui<\/li>\n<li>Su KMR logotipu<\/li>\n<\/ul>\n<p>Pastaba: \u0160ios rankenos suderinamos tik su KMR S-02 r\u0117m\u0173 dyd\u017eiais ir netinka W-02 ar L-02 modeliams. Prie\u0161 montuojant patikrinkite vidin\u012f \u017eym\u0117jim\u0105 (S).<\/p>\n<\/div>\n<dl class=\"data-sheet\">\n<dt class=\"name\">Skirti ginklams KMR<\/dt>\n<dd class=\"value\">KMR S-01 LANCE (OR)<br \/>\nKMR S-02 IKI 2023<\/dd>\n<dt class=\"name\">Tinka ginklams CZ<\/dt>\n<dd class=\"value\">CZ SHADOW 1<br \/>\nCZ SHADOW 2<br \/>\nCZ SHADOW 2 (OR)<br \/>\nCZ SP-01<\/dd>\n<\/dl>\n","protected":false},"excerpt":{"rendered":"<p>Patvar\u016bs sidabriniai ranken\u0117l\u0117s su agresyviu reljefiniu pavir\u0161iumi u\u017etikrinantys patikim\u0105 valdym\u0105.<br \/>\n 0611-02801-0102<\/p>\n","protected":false},"featured_media":73874,"template":"","meta":{"_acf_changed":false},"product_brand":[11496],"product_cat":[369],"product_tag":[],"class_list":{"0":"post-74840","1":"product","2":"type-product","3":"status-publish","4":"has-post-thumbnail","6":"product_brand-kmr-precision","7":"product_cat-uncategorized","9":"first","10":"instock","11":"taxable","12":"shipping-taxable","13":"purchasable","14":"product-type-simple"},"acf":[],"_links":{"self":[{"href":"https:\/\/staging.nbg.eu\/lt\/wp-json\/wp\/v2\/product\/74840","targetHints":{"allow":["GET"]}}],"collection":[{"href":"https:\/\/staging.nbg.eu\/lt\/wp-json\/wp\/v2\/product"}],"about":[{"href":"https:\/\/staging.nbg.eu\/lt\/wp-json\/wp\/v2\/types\/product"}],"wp:featuredmedia":[{"embeddable":true,"href":"https:\/\/staging.nbg.eu\/lt\/wp-json\/wp\/v2\/media\/73874"}],"wp:attachment":[{"href":"https:\/\/staging.nbg.eu\/lt\/wp-json\/wp\/v2\/media?parent=74840"}],"wp:term":[{"taxonomy":"product_brand","embeddable":true,"href":"https:\/\/staging.nbg.eu\/lt\/wp-json\/wp\/v2\/product_brand?post=74840"},{"taxonomy":"product_cat","embeddable":true,"href":"https:\/\/staging.nbg.eu\/lt\/wp-json\/wp\/v2\/product_cat?post=74840"},{"taxonomy":"product_tag","embeddable":true,"href":"https:\/\/staging.nbg.eu\/lt\/wp-json\/wp\/v2\/product_tag?post=74840"}],"curies":[{"name":"wp","href":"https:\/\/api.w.org\/{rel}","templated":true}]}}