{"id":74370,"date":"2024-10-19T08:43:18","date_gmt":"2024-10-19T08:43:18","guid":{"rendered":"https:\/\/staging.nbg.eu\/product\/sg-timer-go\/"},"modified":"2025-10-01T15:36:45","modified_gmt":"2025-10-01T12:36:45","slug":"sg-laikmatis-go","status":"publish","type":"product","link":"https:\/\/staging.nbg.eu\/lt\/produktas\/sg-laikmatis-go\/","title":{"rendered":"SG laikmatis Go"},"content":{"rendered":"<h2>SG Timer Go: Laikmatis<\/h2>\n<p>SG Timer Go yra kompakti\u0161kas ir patogus naudoti prietaisas su pa\u017eangiomis technologijomis. Jis turi tok\u012f pat\u012f i\u0161man\u0173j\u012f jutikl\u012f ir atpa\u017einimo algoritmus kaip ir ankstesnis modelis.<\/p>\n<h2>Pagrindin\u0117s savyb\u0117s:<\/h2>\n<ul>\n<li>Bluetooth ry\u0161ys<\/li>\n<li>Suderinamumas su pratim\u0173 program\u0117le<\/li>\n<li>Sauso \u0161\u016bvio aptikimas su gr\u012f\u017etamuoju ry\u0161iu<\/li>\n<li>Aido filtravimas tiksliam \u0161\u016bvio aptikimui<\/li>\n<li>Integruota atmintis 1 000 000 \u0161\u016bvi\u0173<\/li>\n<li>Pritaikomi PAR laikai<\/li>\n<li>Reguliuojamas jautrumas visiems kalibrams<\/li>\n<li>Kintamas garso valdymas (5-100)<\/li>\n<li>&#8222;\u0160nip\u0173 re\u017eimas&#8221; sinchronizavimui su kitais laikma\u010diais<\/li>\n<\/ul>\n<h2>Patogus naudoti dizainas:<\/h2>\n<ul>\n<li>Vir\u0161uje montuojamas ekranas<\/li>\n<li>Supaprastinta 2 mygtuk\u0173 s\u0105saja<\/li>\n<li>Greitai nuimamas dir\u017eo spaustukas<\/li>\n<li>Ki\u0161eninis spaustukas \u012fvairiems ne\u0161iojimo b\u016bdams<\/li>\n<\/ul>\n<h2>Ilgalaikis veikimas:<\/h2>\n<p>Su vienu \u012fkrovimu veikia iki 80 valand\u0173, turi USB-C prievad\u0105.<\/p>\n<p>SG Timer Go yra \u0161audymo laikmatis su paprastomis ir pa\u017eangiomis funkcijomis.<\/p>\n","protected":false},"excerpt":{"rendered":"<p>Kompakti\u0161kas i\u0161manusis \u0161audymo laikmatis su \u201eBluetooth&#8221; funkcija, pa\u017eangiomis savyb\u0117mis ir ilgai veikian\u010dia baterija.<\/p>\n","protected":false},"featured_media":73222,"template":"","meta":{"_acf_changed":false},"product_brand":[11802],"product_cat":[13708,13721],"product_tag":[],"class_list":{"0":"post-74370","1":"product","2":"type-product","3":"status-publish","4":"has-post-thumbnail","6":"product_brand-shooters-global","7":"product_cat-iranga","8":"product_cat-suviu-laikmaciai","10":"first","11":"outofstock","12":"taxable","13":"shipping-taxable","14":"purchasable","15":"product-type-simple"},"acf":[],"_links":{"self":[{"href":"https:\/\/staging.nbg.eu\/lt\/wp-json\/wp\/v2\/product\/74370","targetHints":{"allow":["GET"]}}],"collection":[{"href":"https:\/\/staging.nbg.eu\/lt\/wp-json\/wp\/v2\/product"}],"about":[{"href":"https:\/\/staging.nbg.eu\/lt\/wp-json\/wp\/v2\/types\/product"}],"wp:featuredmedia":[{"embeddable":true,"href":"https:\/\/staging.nbg.eu\/lt\/wp-json\/wp\/v2\/media\/73222"}],"wp:attachment":[{"href":"https:\/\/staging.nbg.eu\/lt\/wp-json\/wp\/v2\/media?parent=74370"}],"wp:term":[{"taxonomy":"product_brand","embeddable":true,"href":"https:\/\/staging.nbg.eu\/lt\/wp-json\/wp\/v2\/product_brand?post=74370"},{"taxonomy":"product_cat","embeddable":true,"href":"https:\/\/staging.nbg.eu\/lt\/wp-json\/wp\/v2\/product_cat?post=74370"},{"taxonomy":"product_tag","embeddable":true,"href":"https:\/\/staging.nbg.eu\/lt\/wp-json\/wp\/v2\/product_tag?post=74370"}],"curies":[{"name":"wp","href":"https:\/\/api.w.org\/{rel}","templated":true}]}}