{"id":74303,"date":"2024-10-18T19:29:44","date_gmt":"2024-10-30T09:18:23","guid":{"rendered":"https:\/\/staging.nbg.eu\/product\/nitehog-viper-50-next-thermal-clip-on\/"},"modified":"2024-10-30T09:20:21","modified_gmt":"2024-10-30T09:20:21","slug":"nitehog-viper-50-next-siluminis-prisegamas-prietaisas","status":"publish","type":"product","link":"https:\/\/staging.nbg.eu\/lt\/produktas\/nitehog-viper-50-next-siluminis-prisegamas-prietaisas\/","title":{"rendered":"NiteHog Viper 50 Next \u0161iluminis prisegamas prietaisas"},"content":{"rendered":"<h2>NiteHog Viper 50 Next termovizinis priedas<\/h2>\n<p>Viper 50 Next yra kompakti\u0161kas ir lengvas priedas, kuris pagerina j\u016bs\u0173 optik\u0105.<\/p>\n<h2>Pagrindin\u0117s savyb\u0117s:<\/h2>\n<ul>\n<li>50 mm fokusinis nuotolis aptikimui ir atpa\u017einimui<\/li>\n<li>60 Hz realaus laiko vaizdas<\/li>\n<li>Kompakti\u0161kas dizainas, svoris tik 295 gramai<\/li>\n<li>Lengvas tvirtinimas ant dienin\u0117s optikos<\/li>\n<li>Aptikimo nuotolis iki 2160 metr\u0173<\/li>\n<li>A-Core modulis vaizdo kokybei gerinti<\/li>\n<li>1024&#215;768 pikseli\u0173 rai\u0161kos ekranas<\/li>\n<li>IP66 atsparumo vandeniui sertifikatas<\/li>\n<li>5 valand\u0173 baterijos veikimo laikas su standartine 18650 baterija<\/li>\n<li>Keli vaizdo re\u017eimai: baltas kar\u0161tas, juodas kar\u0161tas, raudonas kar\u0161tas, automatinis izoterma, izoterma, vaivoryk\u0161t\u0117 ir gele\u017eies lankas<\/li>\n<\/ul>\n<p>Viper 50 Next apjungia tiksl\u0173 in\u017einerin\u012f projektavim\u0105 ir technologijas, u\u017etikrinan\u010dias tikslum\u0105 sud\u0117tingomis s\u0105lygomis. Jo germanio objektyvas ir 12 mikron\u0173 pikseli\u0173 \u017eingsnio jutiklis u\u017etikrina ger\u0105 vaizdo kokyb\u0119, o naudotojo s\u0105saja yra paprasta naudoti.<\/p>\n<p>NiteHog Viper 50 Next yra skirtas profesionalams ir entuziastams.<\/p>\n","protected":false},"excerpt":{"rendered":"<p>Kompakti\u0161kas termovizinis priedas su 50 mm objektyvu, skirtas aptikimui dideliu atstumu.<\/p>\n","protected":false},"featured_media":72035,"template":"","meta":{"_acf_changed":false},"product_brand":[11595],"product_cat":[13717,13672],"product_tag":[],"class_list":{"0":"post-74303","1":"product","2":"type-product","3":"status-publish","4":"has-post-thumbnail","6":"product_brand-nitehog","7":"product_cat-taikymas","8":"product_cat-terminis","10":"first","11":"instock","12":"taxable","13":"shipping-taxable","14":"purchasable","15":"product-type-simple"},"acf":[],"_links":{"self":[{"href":"https:\/\/staging.nbg.eu\/lt\/wp-json\/wp\/v2\/product\/74303","targetHints":{"allow":["GET"]}}],"collection":[{"href":"https:\/\/staging.nbg.eu\/lt\/wp-json\/wp\/v2\/product"}],"about":[{"href":"https:\/\/staging.nbg.eu\/lt\/wp-json\/wp\/v2\/types\/product"}],"wp:featuredmedia":[{"embeddable":true,"href":"https:\/\/staging.nbg.eu\/lt\/wp-json\/wp\/v2\/media\/72035"}],"wp:attachment":[{"href":"https:\/\/staging.nbg.eu\/lt\/wp-json\/wp\/v2\/media?parent=74303"}],"wp:term":[{"taxonomy":"product_brand","embeddable":true,"href":"https:\/\/staging.nbg.eu\/lt\/wp-json\/wp\/v2\/product_brand?post=74303"},{"taxonomy":"product_cat","embeddable":true,"href":"https:\/\/staging.nbg.eu\/lt\/wp-json\/wp\/v2\/product_cat?post=74303"},{"taxonomy":"product_tag","embeddable":true,"href":"https:\/\/staging.nbg.eu\/lt\/wp-json\/wp\/v2\/product_tag?post=74303"}],"curies":[{"name":"wp","href":"https:\/\/api.w.org\/{rel}","templated":true}]}}