{"id":74280,"date":"2024-10-20T10:20:59","date_gmt":"2024-10-30T09:03:27","guid":{"rendered":"https:\/\/staging.nbg.eu\/product\/fully-adjustable-rear-sight-kmr\/"},"modified":"2024-10-30T09:05:09","modified_gmt":"2024-10-30T09:05:09","slug":"pilnai-reguliuojamas-galinis-taikymosi-itaisas-kmr","status":"publish","type":"product","link":"https:\/\/staging.nbg.eu\/lt\/produktas\/pilnai-reguliuojamas-galinis-taikymosi-itaisas-kmr\/","title":{"rendered":"Pilnai reguliuojamas galinis taikymosi \u012ftaisas KMR"},"content":{"rendered":"<div class=\"product-description\">\n<h2>Pilnai reguliuojamas galinis taikiklis KMR<\/h2>\n<p>Galinis taikiklis, skirtas KMR ir CZ modeliams. \u0160is taikiklis si\u016blo:<\/p>\n<ul>\n<li>Suderinamum\u0105 su CZ SP01 Shadow 1 ir CZ Shadow 2<\/li>\n<li>Tinka priekiniams taikikliams, kuri\u0173 auk\u0161tis 7,5-8,0 mm<\/li>\n<li>Tikslius reguliavimus<\/li>\n<li>Patvari konstrukcija<\/li>\n<\/ul>\n<p>Atnaujinkite savo \u0161aunamojo ginklo taikymo sistem\u0105. Pastaba: \u0160is taikiklis nesuderinamas su CZ 75 TS modeliais.<\/p>\n<p>Pilnai reguliuojamas galinis taikiklis &#8211; priedas j\u016bs\u0173 KMR ar CZ pistoletui.<\/p>\n<\/div>\n","protected":false},"excerpt":{"rendered":"<p>Tikslus taikiklis skirtas KMR ir CZ.<\/p>\n","protected":false},"featured_media":73524,"template":"","meta":{"_acf_changed":false},"product_brand":[],"product_cat":[13693],"product_tag":[],"class_list":{"0":"post-74280","1":"product","2":"type-product","3":"status-publish","4":"has-post-thumbnail","6":"product_cat-kmr-dalys","8":"first","9":"instock","10":"taxable","11":"shipping-taxable","12":"purchasable","13":"product-type-simple"},"acf":[],"_links":{"self":[{"href":"https:\/\/staging.nbg.eu\/lt\/wp-json\/wp\/v2\/product\/74280","targetHints":{"allow":["GET"]}}],"collection":[{"href":"https:\/\/staging.nbg.eu\/lt\/wp-json\/wp\/v2\/product"}],"about":[{"href":"https:\/\/staging.nbg.eu\/lt\/wp-json\/wp\/v2\/types\/product"}],"wp:featuredmedia":[{"embeddable":true,"href":"https:\/\/staging.nbg.eu\/lt\/wp-json\/wp\/v2\/media\/73524"}],"wp:attachment":[{"href":"https:\/\/staging.nbg.eu\/lt\/wp-json\/wp\/v2\/media?parent=74280"}],"wp:term":[{"taxonomy":"product_brand","embeddable":true,"href":"https:\/\/staging.nbg.eu\/lt\/wp-json\/wp\/v2\/product_brand?post=74280"},{"taxonomy":"product_cat","embeddable":true,"href":"https:\/\/staging.nbg.eu\/lt\/wp-json\/wp\/v2\/product_cat?post=74280"},{"taxonomy":"product_tag","embeddable":true,"href":"https:\/\/staging.nbg.eu\/lt\/wp-json\/wp\/v2\/product_tag?post=74280"}],"curies":[{"name":"wp","href":"https:\/\/api.w.org\/{rel}","templated":true}]}}