{"id":74258,"date":"2024-10-18T20:29:49","date_gmt":"2024-10-18T20:29:49","guid":{"rendered":"https:\/\/staging.nbg.eu\/product\/sg-pulse-electronic-level-picatinny-m-lok\/"},"modified":"2024-10-30T09:03:20","modified_gmt":"2024-10-30T09:03:20","slug":"sg-pulse-elektroninis-lygis-picatinny-m-lok","status":"publish","type":"product","link":"https:\/\/staging.nbg.eu\/lt\/produktas\/sg-pulse-elektroninis-lygis-picatinny-m-lok\/","title":{"rendered":"SG PULSE elektroninis lygis PICATINNY + M-LOK"},"content":{"rendered":"<h2>SG PULSE ELEKTRONINIS LYGIS PICATINNY + M-LOK<\/h2>\n<p>SG PULSE ELEKTRONINIS LYGIS padeda tiksliau \u0161audyti. \u0160is prietaisas u\u017etikrina tinkam\u0105 vertikal\u0173 i\u0161lygiavim\u0105, pa\u0161alindamas horizontal\u0173 nuokryp\u012f. Jame yra ry\u0161k\u016bs \u0161viesos diodai periferinio matymo gr\u012f\u017etamajam ry\u0161iui ir pasirinktinio kalibravimo galimyb\u0117s.<\/p>\n<ul>\n<li>Skaitmeninis lygis vertikaliam i\u0161lygiavimui<\/li>\n<li>Stabilumo re\u017eimas rodo MOA gaiduko paspaudimo laikui<\/li>\n<li>Kosinuso indikacija \u0161\u016bviams \u012f kaln\u0105 ir nuo kalno<\/li>\n<li>Vieno prisilietimo taikiklio i\u0161lyginimas<\/li>\n<li>Per\u0117jimo laiko steb\u0117jimas rezultat\u0173 analizei<\/li>\n<li>Kompakti\u0161kas ir patvarus dizainas<\/li>\n<li>\u012evairios montavimo galimyb\u0117s (Picatinny ir M-LOK)<\/li>\n<\/ul>\n<p>Suderinamas su Drills program\u0117le i\u0161samiai stabilumo ir vamzd\u017eio trajektorijos analizei. SG PULSE ELEKTRONINIS LYGIS pagerina \u0161autuvo s\u0105rank\u0105 ir tikslum\u0105.<\/p>\n","protected":false},"excerpt":{"rendered":"<p>SG PULSE: Tikslus elektroninis guls\u010diukas tobulam \u0161autuvo sulygiavimui.<\/p>\n","protected":false},"featured_media":72663,"template":"","meta":{"_acf_changed":false},"product_brand":[],"product_cat":[13708],"product_tag":[],"class_list":{"0":"post-74258","1":"product","2":"type-product","3":"status-publish","4":"has-post-thumbnail","6":"product_cat-iranga","8":"first","9":"instock","10":"taxable","11":"shipping-taxable","12":"purchasable","13":"product-type-simple"},"acf":[],"_links":{"self":[{"href":"https:\/\/staging.nbg.eu\/lt\/wp-json\/wp\/v2\/product\/74258","targetHints":{"allow":["GET"]}}],"collection":[{"href":"https:\/\/staging.nbg.eu\/lt\/wp-json\/wp\/v2\/product"}],"about":[{"href":"https:\/\/staging.nbg.eu\/lt\/wp-json\/wp\/v2\/types\/product"}],"wp:featuredmedia":[{"embeddable":true,"href":"https:\/\/staging.nbg.eu\/lt\/wp-json\/wp\/v2\/media\/72663"}],"wp:attachment":[{"href":"https:\/\/staging.nbg.eu\/lt\/wp-json\/wp\/v2\/media?parent=74258"}],"wp:term":[{"taxonomy":"product_brand","embeddable":true,"href":"https:\/\/staging.nbg.eu\/lt\/wp-json\/wp\/v2\/product_brand?post=74258"},{"taxonomy":"product_cat","embeddable":true,"href":"https:\/\/staging.nbg.eu\/lt\/wp-json\/wp\/v2\/product_cat?post=74258"},{"taxonomy":"product_tag","embeddable":true,"href":"https:\/\/staging.nbg.eu\/lt\/wp-json\/wp\/v2\/product_tag?post=74258"}],"curies":[{"name":"wp","href":"https:\/\/api.w.org\/{rel}","templated":true}]}}