{"id":74236,"date":"2024-10-18T20:39:12","date_gmt":"2024-10-18T20:39:12","guid":{"rendered":"https:\/\/staging.nbg.eu\/product\/kmr-gun-oil-20ml\/"},"modified":"2024-10-30T08:59:58","modified_gmt":"2024-10-30T08:59:58","slug":"kmr-ginklo-alyva-20ml","status":"publish","type":"product","link":"https:\/\/staging.nbg.eu\/lt\/produktas\/kmr-ginklo-alyva-20ml\/","title":{"rendered":"KMR ginklo alyva 20ML"},"content":{"rendered":"<div class=\"product-description\">\n<h2>KMR GINKLO ALYVA 20ML<\/h2>\n<p>KMR GINKLO ALYVA 20ML yra skirta ginkl\u0173 prie\u017ei\u016brai ir apsaugai. \u0160i sintetin\u0117 alyva suma\u017eina trint\u012f ir nusid\u0117v\u0117jim\u0105, u\u017etikrindama skland\u0173 ginkl\u0173 veikim\u0105.<\/p>\n<ul>\n<li>Sintetin\u0117 formul\u0117<\/li>\n<li>Ma\u017eina trint\u012f ir nusid\u0117v\u0117jim\u0105<\/li>\n<li>Prailgina ginklo tarnavimo laik\u0105<\/li>\n<li>Gerina bendr\u0105 veikim\u0105<\/li>\n<li>Tinka vis\u0173 tip\u0173 ginklams<\/li>\n<\/ul>\n<p>KMR GINKLO ALYVA tiekiama 20 ml pakuot\u0117je, kuri yra patogi naudoti ir ne\u0161iotis. \u0160i kompakti\u0161ka buteliuko talpa u\u017etikrina, kad tur\u0117site pakankamai alyvos greitam ginklo prie\u017ei\u016brai.<\/p>\n<p>KMR GINKLO ALYVA 20ML padeda pri\u017ei\u016br\u0117ti ir i\u0161laikyti ginklus geros b\u016bkl\u0117s.<\/p>\n<\/div>\n","protected":false},"excerpt":{"rendered":"<p>Speciali KMR sintetin\u0117 ginkl\u0173 alyva, skirta suma\u017einti trint\u012f ir nusid\u0117v\u0117jim\u0105.<\/p>\n","protected":false},"featured_media":72874,"template":"","meta":{"_acf_changed":false},"product_brand":[11496],"product_cat":[13722,13710],"product_tag":[],"class_list":{"0":"post-74236","1":"product","2":"type-product","3":"status-publish","4":"has-post-thumbnail","6":"product_brand-kmr-precision","7":"product_cat-ginklu-valymas","8":"product_cat-tepalai","10":"first","11":"instock","12":"taxable","13":"shipping-taxable","14":"purchasable","15":"product-type-simple"},"acf":[],"_links":{"self":[{"href":"https:\/\/staging.nbg.eu\/lt\/wp-json\/wp\/v2\/product\/74236","targetHints":{"allow":["GET"]}}],"collection":[{"href":"https:\/\/staging.nbg.eu\/lt\/wp-json\/wp\/v2\/product"}],"about":[{"href":"https:\/\/staging.nbg.eu\/lt\/wp-json\/wp\/v2\/types\/product"}],"wp:featuredmedia":[{"embeddable":true,"href":"https:\/\/staging.nbg.eu\/lt\/wp-json\/wp\/v2\/media\/72874"}],"wp:attachment":[{"href":"https:\/\/staging.nbg.eu\/lt\/wp-json\/wp\/v2\/media?parent=74236"}],"wp:term":[{"taxonomy":"product_brand","embeddable":true,"href":"https:\/\/staging.nbg.eu\/lt\/wp-json\/wp\/v2\/product_brand?post=74236"},{"taxonomy":"product_cat","embeddable":true,"href":"https:\/\/staging.nbg.eu\/lt\/wp-json\/wp\/v2\/product_cat?post=74236"},{"taxonomy":"product_tag","embeddable":true,"href":"https:\/\/staging.nbg.eu\/lt\/wp-json\/wp\/v2\/product_tag?post=74236"}],"curies":[{"name":"wp","href":"https:\/\/api.w.org\/{rel}","templated":true}]}}