{"id":74214,"date":"2024-10-18T20:28:40","date_gmt":"2024-10-30T08:48:14","guid":{"rendered":"https:\/\/staging.nbg.eu\/product\/extractor-l-02-40sw-kmr\/"},"modified":"2024-10-30T08:49:51","modified_gmt":"2024-10-30T08:49:51","slug":"istraukiklis-l-02-40sw-kmr","status":"publish","type":"product","link":"https:\/\/staging.nbg.eu\/lt\/produktas\/istraukiklis-l-02-40sw-kmr\/","title":{"rendered":"I\u0161traukiklis L-02 .40SW &#8211; KMR"},"content":{"rendered":"<div class=\"product-description\">\n<h2>I\u0161traukiklis L-02 .40SW &#8211; KMR<\/h2>\n<p>\u0160is i\u0161traukiklis skirtas KMR L-02 pistoletui, .40 S&amp;W kalibro. Jis u\u017etikrina patikim\u0105 t\u016bteli\u0173 i\u0161traukim\u0105 ir skland\u0173 veikim\u0105. Pagamintas i\u0161 tvirt\u0173 med\u017eiag\u0173, tinka intensyviam naudojimui. \u0160is komponentas pagerina ginklo tikslum\u0105 ir patikimum\u0105.<\/p>\n<\/div>\n","protected":false},"excerpt":{"rendered":"<p>Precizi\u0161kas 40 S&amp;W i\u0161traukiklis KMR L-02 pistoletui.<\/p>\n","protected":false},"featured_media":72593,"template":"","meta":{"_acf_changed":false},"product_brand":[],"product_cat":[13693],"product_tag":[],"class_list":{"0":"post-74214","1":"product","2":"type-product","3":"status-publish","4":"has-post-thumbnail","6":"product_cat-kmr-dalys","8":"first","9":"instock","10":"taxable","11":"shipping-taxable","12":"purchasable","13":"product-type-simple"},"acf":[],"_links":{"self":[{"href":"https:\/\/staging.nbg.eu\/lt\/wp-json\/wp\/v2\/product\/74214","targetHints":{"allow":["GET"]}}],"collection":[{"href":"https:\/\/staging.nbg.eu\/lt\/wp-json\/wp\/v2\/product"}],"about":[{"href":"https:\/\/staging.nbg.eu\/lt\/wp-json\/wp\/v2\/types\/product"}],"wp:featuredmedia":[{"embeddable":true,"href":"https:\/\/staging.nbg.eu\/lt\/wp-json\/wp\/v2\/media\/72593"}],"wp:attachment":[{"href":"https:\/\/staging.nbg.eu\/lt\/wp-json\/wp\/v2\/media?parent=74214"}],"wp:term":[{"taxonomy":"product_brand","embeddable":true,"href":"https:\/\/staging.nbg.eu\/lt\/wp-json\/wp\/v2\/product_brand?post=74214"},{"taxonomy":"product_cat","embeddable":true,"href":"https:\/\/staging.nbg.eu\/lt\/wp-json\/wp\/v2\/product_cat?post=74214"},{"taxonomy":"product_tag","embeddable":true,"href":"https:\/\/staging.nbg.eu\/lt\/wp-json\/wp\/v2\/product_tag?post=74214"}],"curies":[{"name":"wp","href":"https:\/\/api.w.org\/{rel}","templated":true}]}}