{"id":74192,"date":"2024-10-20T09:56:58","date_gmt":"2024-10-20T09:56:58","guid":{"rendered":"https:\/\/staging.nbg.eu\/product\/holosun-hs-mount-aems-low\/"},"modified":"2025-10-01T16:07:43","modified_gmt":"2025-10-01T13:07:43","slug":"holosun-hs-mount-aems-low","status":"publish","type":"product","link":"https:\/\/staging.nbg.eu\/lt\/produktas\/holosun-hs-mount-aems-low\/","title":{"rendered":"Holosun HS-MOUNT-AEMS-LOW"},"content":{"rendered":"<h2>Holosun HS-MOUNT-AEMS-LOW<\/h2>\n<p>Holosun HS-MOUNT-AEMS-LOW yra \u017eemo profilio laikiklis, skirtas AEMS raudonojo ta\u0161ko taikikliui. \u0160is aliuminio laikiklis yra tvirtas ir lengvai naudojamas, tinkamas \u0161autuvams su \u012fprastomis buo\u017e\u0117mis.<\/p>\n<h2>Pagrindin\u0117s savyb\u0117s:<\/h2>\n<ul>\n<li>Suderinamas su Picatinny\/Weaver b\u0117geliais<\/li>\n<li>\u017demo profilio dizainas optimaliam taikymui<\/li>\n<li>Greitas montavimas naudojant Torx rakt\u0105<\/li>\n<li>Lengvas ir tvirtas aliuminio konstrukcija<\/li>\n<li>Pakartotinas tikslumas<\/li>\n<\/ul>\n<h2>Specifikacijos:<\/h2>\n<ul>\n<li>Matmenys: 50x35x11 mm<\/li>\n<li>Svoris: 34g<\/li>\n<li>Spalva: Juoda<\/li>\n<li>Darbin\u0117 temperat\u016bra: nuo -30\u00b0C iki 60\u00b0C<\/li>\n<li>Laikymo temperat\u016bra: nuo -40\u00b0C iki 70\u00b0C<\/li>\n<\/ul>\n<p>Holosun HS-MOUNT-AEMS-LOW skirtas tikslumui ir patikimumui bet kokiomis s\u0105lygomis.<\/p>\n","protected":false},"excerpt":{"rendered":"<p>Ypatingai patvarus aliuminio laikiklis Holosun AEMS raudonojo ta\u0161ko taikikliams.<\/p>\n","protected":false},"featured_media":73338,"template":"","meta":{"_acf_changed":false},"product_brand":[11433],"product_cat":[13718,13717],"product_tag":[],"class_list":{"0":"post-74192","1":"product","2":"type-product","3":"status-publish","4":"has-post-thumbnail","6":"product_brand-holosun","7":"product_cat-raudoni-taskai","8":"product_cat-taikymas","10":"first","11":"instock","12":"taxable","13":"shipping-taxable","14":"purchasable","15":"product-type-simple"},"acf":[],"_links":{"self":[{"href":"https:\/\/staging.nbg.eu\/lt\/wp-json\/wp\/v2\/product\/74192","targetHints":{"allow":["GET"]}}],"collection":[{"href":"https:\/\/staging.nbg.eu\/lt\/wp-json\/wp\/v2\/product"}],"about":[{"href":"https:\/\/staging.nbg.eu\/lt\/wp-json\/wp\/v2\/types\/product"}],"wp:featuredmedia":[{"embeddable":true,"href":"https:\/\/staging.nbg.eu\/lt\/wp-json\/wp\/v2\/media\/73338"}],"wp:attachment":[{"href":"https:\/\/staging.nbg.eu\/lt\/wp-json\/wp\/v2\/media?parent=74192"}],"wp:term":[{"taxonomy":"product_brand","embeddable":true,"href":"https:\/\/staging.nbg.eu\/lt\/wp-json\/wp\/v2\/product_brand?post=74192"},{"taxonomy":"product_cat","embeddable":true,"href":"https:\/\/staging.nbg.eu\/lt\/wp-json\/wp\/v2\/product_cat?post=74192"},{"taxonomy":"product_tag","embeddable":true,"href":"https:\/\/staging.nbg.eu\/lt\/wp-json\/wp\/v2\/product_tag?post=74192"}],"curies":[{"name":"wp","href":"https:\/\/api.w.org\/{rel}","templated":true}]}}