{"id":74170,"date":"2024-10-18T20:15:25","date_gmt":"2024-10-30T08:38:46","guid":{"rendered":"https:\/\/staging.nbg.eu\/product\/nitehog-sight-spot-hog-red-dot\/"},"modified":"2024-10-30T08:40:41","modified_gmt":"2024-10-30T08:40:41","slug":"nitehog-sight-spot-hog-raudonas-taskas","status":"publish","type":"product","link":"https:\/\/staging.nbg.eu\/lt\/produktas\/nitehog-sight-spot-hog-raudonas-taskas\/","title":{"rendered":"NiteHog Sight Spot Hog raudonas ta\u0161kas"},"content":{"rendered":"<div class=\"product-description\">\n<h2>NiteHog Sight Spot Hog raudonojo ta\u0161ko taikiklis<\/h2>\n<p>Spot Hog raudonojo ta\u0161ko taikiklis yra 1x17x24 optika be paralakso. Jis turi 3MOA ta\u0161k\u0105 su 8 ry\u0161kumo lygiais ir 2 naktinio matymo nustatymais.<\/p>\n<ul>\n<li>Atsparus sm\u016bgiams ir vandeniui (IPX6)<\/li>\n<li>Suderinamas su 9mm, 45ACP, 12GA ir Lapua Magnum 338 \u0161oviniais<\/li>\n<li>Plonas, \u017eemo profilio dizainas<\/li>\n<li>Automati\u0161kai i\u0161sijungia po 2 minu\u010di\u0173 neveiklumo<\/li>\n<li>50 000 valand\u0173 baterijos veikimo laikas \u017eemiausiu nustatymu (CR2032 baterija, nepridedama)<\/li>\n<li>Weaver tvirtinimas<\/li>\n<\/ul>\n<p>Spot Hog yra kompakti\u0161kas ir patikimas taikiklis.<\/p>\n<\/div>\n","protected":false},"excerpt":{"rendered":"<p>Patvarus, be paralakso 1x17x24 raudonojo ta\u0161ko taikiklis su 8 intensyvumo lygiais.<\/p>\n","protected":false},"featured_media":72546,"template":"","meta":{"_acf_changed":false},"product_brand":[11595],"product_cat":[13718,13751,13717],"product_tag":[],"class_list":{"0":"post-74170","1":"product","2":"type-product","3":"status-publish","4":"has-post-thumbnail","6":"product_brand-nitehog","7":"product_cat-raudoni-taskai","8":"product_cat-sautuvu-taikikliai","9":"product_cat-taikymas","11":"first","12":"instock","13":"taxable","14":"shipping-taxable","15":"purchasable","16":"product-type-simple"},"acf":[],"_links":{"self":[{"href":"https:\/\/staging.nbg.eu\/lt\/wp-json\/wp\/v2\/product\/74170","targetHints":{"allow":["GET"]}}],"collection":[{"href":"https:\/\/staging.nbg.eu\/lt\/wp-json\/wp\/v2\/product"}],"about":[{"href":"https:\/\/staging.nbg.eu\/lt\/wp-json\/wp\/v2\/types\/product"}],"wp:featuredmedia":[{"embeddable":true,"href":"https:\/\/staging.nbg.eu\/lt\/wp-json\/wp\/v2\/media\/72546"}],"wp:attachment":[{"href":"https:\/\/staging.nbg.eu\/lt\/wp-json\/wp\/v2\/media?parent=74170"}],"wp:term":[{"taxonomy":"product_brand","embeddable":true,"href":"https:\/\/staging.nbg.eu\/lt\/wp-json\/wp\/v2\/product_brand?post=74170"},{"taxonomy":"product_cat","embeddable":true,"href":"https:\/\/staging.nbg.eu\/lt\/wp-json\/wp\/v2\/product_cat?post=74170"},{"taxonomy":"product_tag","embeddable":true,"href":"https:\/\/staging.nbg.eu\/lt\/wp-json\/wp\/v2\/product_tag?post=74170"}],"curies":[{"name":"wp","href":"https:\/\/api.w.org\/{rel}","templated":true}]}}