{"id":74148,"date":"2024-10-18T19:52:52","date_gmt":"2024-10-30T08:31:14","guid":{"rendered":"https:\/\/staging.nbg.eu\/product\/mag-release-button-kmr-black\/"},"modified":"2024-10-30T08:32:59","modified_gmt":"2024-10-30T08:32:59","slug":"detuves-isemimo-mygtukas-kmr-juodas","status":"publish","type":"product","link":"https:\/\/staging.nbg.eu\/lt\/produktas\/detuves-isemimo-mygtukas-kmr-juodas\/","title":{"rendered":"D\u0117tuv\u0117s i\u0161\u0117mimo mygtukas KMR, juodas"},"content":{"rendered":"<dl class=\"data-sheet\">\n<dt class=\"name\">Ginklams KMR<\/dt>\n<dd class=\"value\">KMR L-02 EMIQ<br \/>\nKMR L-02 EMIQ (OR)<br \/>\nKMR L-02 ORCA IKI 2023<br \/>\nKMR L-02 SPECTRA NUO 2024<br \/>\nKMR L-02 SPECTRA IKI 2023<br \/>\nKMR L-02 UMBRA NUO 2024<br \/>\nKMR L-02 UMBRA IKI 2023<br \/>\nKMR S-01 LANCE (OR)<br \/>\nKMR S-02 IKI 2023<br \/>\nKMR W-02 CUDA NUO 2024<br \/>\nKMR W-02 CUDA IKI 2023<br \/>\nKMR W-02 UMBRA<br \/>\nKMR W-02 UMBRA (OR)<\/dd>\n<dt class=\"name\">Pasirinkimas pagal ginklus CZ<\/dt>\n<dd class=\"value\">CZ SHADOW 2<br \/>\nCZ SHADOW 2 (OR)<\/dd>\n<\/dl>\n","protected":false},"excerpt":{"rendered":"<p>0180-00801-0101<\/p>\n<p>Note: This is a product code or number which typically remains the same across languages, so no translation is necessary.<\/p>\n","protected":false},"featured_media":72244,"template":"","meta":{"_acf_changed":false},"product_brand":[],"product_cat":[13693],"product_tag":[],"class_list":{"0":"post-74148","1":"product","2":"type-product","3":"status-publish","4":"has-post-thumbnail","6":"product_cat-kmr-dalys","8":"first","9":"instock","10":"taxable","11":"shipping-taxable","12":"purchasable","13":"product-type-simple"},"acf":[],"_links":{"self":[{"href":"https:\/\/staging.nbg.eu\/lt\/wp-json\/wp\/v2\/product\/74148","targetHints":{"allow":["GET"]}}],"collection":[{"href":"https:\/\/staging.nbg.eu\/lt\/wp-json\/wp\/v2\/product"}],"about":[{"href":"https:\/\/staging.nbg.eu\/lt\/wp-json\/wp\/v2\/types\/product"}],"wp:featuredmedia":[{"embeddable":true,"href":"https:\/\/staging.nbg.eu\/lt\/wp-json\/wp\/v2\/media\/72244"}],"wp:attachment":[{"href":"https:\/\/staging.nbg.eu\/lt\/wp-json\/wp\/v2\/media?parent=74148"}],"wp:term":[{"taxonomy":"product_brand","embeddable":true,"href":"https:\/\/staging.nbg.eu\/lt\/wp-json\/wp\/v2\/product_brand?post=74148"},{"taxonomy":"product_cat","embeddable":true,"href":"https:\/\/staging.nbg.eu\/lt\/wp-json\/wp\/v2\/product_cat?post=74148"},{"taxonomy":"product_tag","embeddable":true,"href":"https:\/\/staging.nbg.eu\/lt\/wp-json\/wp\/v2\/product_tag?post=74148"}],"curies":[{"name":"wp","href":"https:\/\/api.w.org\/{rel}","templated":true}]}}