{"id":74124,"date":"2024-10-18T19:20:25","date_gmt":"2024-10-29T10:06:40","guid":{"rendered":"https:\/\/staging.nbg.eu\/product\/casio-prw-61y-3er\/"},"modified":"2024-10-29T10:08:16","modified_gmt":"2024-10-29T10:08:16","slug":"casio-prw-61y-3er","status":"publish","type":"product","link":"https:\/\/staging.nbg.eu\/lt\/produktas\/casio-prw-61y-3er\/","title":{"rendered":"Casio PRW-61Y-3ER"},"content":{"rendered":"<div class=\"product-description\">\n<h2>Casio PRW-61Y-3ER: Lauko laikrodis i\u0161 ekologi\u0161k\u0173 med\u017eiag\u0173<\/h2>\n<p>PRO TREK PRW-61Y-3ER yra pirmasis Casio laikrodis, kurio korpusas ir dir\u017eelis pagaminti i\u0161 ekologi\u0161k\u0173 bioplastik\u0173. \u0160is laikrodis yra tvirtas ir patogus ne\u0161ioti.<\/p>\n<ul>\n<li>Ekologi\u0161ki bioplastikai i\u0161 ricinmed\u017eio s\u0117kl\u0173 ir kukur\u016bz\u0173<\/li>\n<li>Kontrastingas ciferblat\u0105 su baltais indeksais<\/li>\n<li>Trigubas jutiklis: skaitmeninis kompasas, barometras\/altimetras ir termometras<\/li>\n<li>Multi Band 6 radijo bangomis valdomas laiko nustatymas<\/li>\n<li>Saul\u0117s energijos maitinimo sistema<\/li>\n<li>Dvigubas LED ap\u0161vietimas<\/li>\n<li>Mink\u0161tas uretano dir\u017eelis<\/li>\n<li>Ner\u016bdijan\u010dio plieno apvadas su miest\u0173 kodais<\/li>\n<li>Kompakti\u0161kas dizainas<\/li>\n<\/ul>\n<p>PRW-61Y-3ER tinka lauko entuziastams, vertinantiems funkcionalum\u0105 ir aplinkos apsaug\u0105.<\/p>\n<\/div>\n","protected":false},"excerpt":{"rendered":"<p>\u201eEkologi\u0161kas PRO TREK laikrodis su bioplastikais ir lauko funkcijomis.&#8221;<\/p>\n","protected":false},"featured_media":71873,"template":"","meta":{"_acf_changed":false},"product_brand":[11209],"product_cat":[13731],"product_tag":[],"class_list":{"0":"post-74124","1":"product","2":"type-product","3":"status-publish","4":"has-post-thumbnail","6":"product_brand-casio","7":"product_cat-edc","9":"first","10":"instock","11":"taxable","12":"shipping-taxable","13":"purchasable","14":"product-type-simple"},"acf":[],"_links":{"self":[{"href":"https:\/\/staging.nbg.eu\/lt\/wp-json\/wp\/v2\/product\/74124","targetHints":{"allow":["GET"]}}],"collection":[{"href":"https:\/\/staging.nbg.eu\/lt\/wp-json\/wp\/v2\/product"}],"about":[{"href":"https:\/\/staging.nbg.eu\/lt\/wp-json\/wp\/v2\/types\/product"}],"wp:featuredmedia":[{"embeddable":true,"href":"https:\/\/staging.nbg.eu\/lt\/wp-json\/wp\/v2\/media\/71873"}],"wp:attachment":[{"href":"https:\/\/staging.nbg.eu\/lt\/wp-json\/wp\/v2\/media?parent=74124"}],"wp:term":[{"taxonomy":"product_brand","embeddable":true,"href":"https:\/\/staging.nbg.eu\/lt\/wp-json\/wp\/v2\/product_brand?post=74124"},{"taxonomy":"product_cat","embeddable":true,"href":"https:\/\/staging.nbg.eu\/lt\/wp-json\/wp\/v2\/product_cat?post=74124"},{"taxonomy":"product_tag","embeddable":true,"href":"https:\/\/staging.nbg.eu\/lt\/wp-json\/wp\/v2\/product_tag?post=74124"}],"curies":[{"name":"wp","href":"https:\/\/api.w.org\/{rel}","templated":true}]}}