{"id":74102,"date":"2024-10-18T19:05:21","date_gmt":"2024-10-29T10:03:50","guid":{"rendered":"https:\/\/staging.nbg.eu\/product\/casio-prg-340t-7er\/"},"modified":"2024-10-29T10:05:29","modified_gmt":"2024-10-29T10:05:29","slug":"casio-prg-340t-7er","status":"publish","type":"product","link":"https:\/\/staging.nbg.eu\/lt\/produktas\/casio-prg-340t-7er\/","title":{"rendered":"Casio PRG-340T-7ER"},"content":{"rendered":"<h2>Casio PRG-340T-7ER<\/h2>\n<p>Casio PRG-340T-7ER laikrodis turi \u0161ias funkcijas:<\/p>\n<ul>\n<li>Skaitmeninis kompasas<\/li>\n<li>Altimetras ir barometras<\/li>\n<li>Termometras<\/li>\n<li>Dvigubas LCD ekranas<\/li>\n<li>Pagamintas i\u0161 biomas\u0117s plastiko<\/li>\n<li>Tiesiogin\u0117s funkcij\u0173 mygtukai<\/li>\n<li>Saul\u0117s energijos maitinimas<\/li>\n<li>Ap\u0161vietimas tamsoje<\/li>\n<\/ul>\n<p>Laikrodis turi 10 bar\u0173 atsparum\u0105 vandeniui, atsparum\u0105 \u017eemai temperat\u016brai, pasaulio laiko funkcij\u0105 ir saul\u0117tekio\/saul\u0117lyd\u017eio rodym\u0105.<\/p>\n","protected":false},"excerpt":{"rendered":"<p>Tvirtas lauko laikrodis su kompasu, altimetru ir ekologi\u0161ku dizainu.<\/p>\n","protected":false},"featured_media":71757,"template":"","meta":{"_acf_changed":false},"product_brand":[11209],"product_cat":[13731],"product_tag":[],"class_list":{"0":"post-74102","1":"product","2":"type-product","3":"status-publish","4":"has-post-thumbnail","6":"product_brand-casio","7":"product_cat-edc","9":"first","10":"instock","11":"taxable","12":"shipping-taxable","13":"purchasable","14":"product-type-simple"},"acf":[],"_links":{"self":[{"href":"https:\/\/staging.nbg.eu\/lt\/wp-json\/wp\/v2\/product\/74102","targetHints":{"allow":["GET"]}}],"collection":[{"href":"https:\/\/staging.nbg.eu\/lt\/wp-json\/wp\/v2\/product"}],"about":[{"href":"https:\/\/staging.nbg.eu\/lt\/wp-json\/wp\/v2\/types\/product"}],"wp:featuredmedia":[{"embeddable":true,"href":"https:\/\/staging.nbg.eu\/lt\/wp-json\/wp\/v2\/media\/71757"}],"wp:attachment":[{"href":"https:\/\/staging.nbg.eu\/lt\/wp-json\/wp\/v2\/media?parent=74102"}],"wp:term":[{"taxonomy":"product_brand","embeddable":true,"href":"https:\/\/staging.nbg.eu\/lt\/wp-json\/wp\/v2\/product_brand?post=74102"},{"taxonomy":"product_cat","embeddable":true,"href":"https:\/\/staging.nbg.eu\/lt\/wp-json\/wp\/v2\/product_cat?post=74102"},{"taxonomy":"product_tag","embeddable":true,"href":"https:\/\/staging.nbg.eu\/lt\/wp-json\/wp\/v2\/product_tag?post=74102"}],"curies":[{"name":"wp","href":"https:\/\/api.w.org\/{rel}","templated":true}]}}