{"id":74080,"date":"2024-10-18T18:54:11","date_gmt":"2024-10-29T10:01:55","guid":{"rendered":"https:\/\/staging.nbg.eu\/product\/casio-prg-270-1er\/"},"modified":"2024-10-29T10:03:32","modified_gmt":"2024-10-29T10:03:32","slug":"casio-prg-270-1er","status":"publish","type":"product","link":"https:\/\/staging.nbg.eu\/lt\/produktas\/casio-prg-270-1er\/","title":{"rendered":"Casio PRG-270-1ER"},"content":{"rendered":"<div class=\"product-description\">\n<h2>Casio PRG-270-1ER: Lauko laikrodis<\/h2>\n<p>Casio PRG-270-1ER turi Triple Sensor Version 3 technologij\u0105. \u0160is PRO TREK modelis matuoja auk\u0161t\u012f, barometrin\u012f sl\u0117g\u012f ir krypt\u012f.<\/p>\n<ul>\n<li>Tough Solar maitinimas<\/li>\n<li>Triple Sensor: Kompasas, Barometras\/Termometras, Altimetras<\/li>\n<li>Atsparumas \u017eemai temperat\u016brai (-10\u00baC\/14\u00baF)<\/li>\n<li>100 metr\u0173 atsparumas vandeniui<\/li>\n<li>Barometrinio sl\u0117gio tendencijos \u012fsp\u0117jimas<\/li>\n<li>Dideli \u0161oniniai mygtukai<\/li>\n<li>Saul\u0117tekio\/saul\u0117lyd\u017eio laiko rodymas<\/li>\n<li>Automatinis ap\u0161vietimas prasto ap\u0161vietimo s\u0105lygomis<\/li>\n<\/ul>\n<p>\u0160is laikrodis skirtas lauko veikloms. Casio PRG-270-1ER yra naudingas \u012frankis gamtoje.<\/p>\n<\/div>\n","protected":false},"excerpt":{"rendered":"<p>Tvirtas lauko laikrodis su trigub\u0173 jutikli\u0173 sistema ir Tough Solar maitinimu.<\/p>\n","protected":false},"featured_media":71526,"template":"","meta":{"_acf_changed":false},"product_brand":[11209],"product_cat":[13731],"product_tag":[],"class_list":{"0":"post-74080","1":"product","2":"type-product","3":"status-publish","4":"has-post-thumbnail","6":"product_brand-casio","7":"product_cat-edc","9":"first","10":"instock","11":"taxable","12":"shipping-taxable","13":"purchasable","14":"product-type-simple"},"acf":[],"_links":{"self":[{"href":"https:\/\/staging.nbg.eu\/lt\/wp-json\/wp\/v2\/product\/74080","targetHints":{"allow":["GET"]}}],"collection":[{"href":"https:\/\/staging.nbg.eu\/lt\/wp-json\/wp\/v2\/product"}],"about":[{"href":"https:\/\/staging.nbg.eu\/lt\/wp-json\/wp\/v2\/types\/product"}],"wp:featuredmedia":[{"embeddable":true,"href":"https:\/\/staging.nbg.eu\/lt\/wp-json\/wp\/v2\/media\/71526"}],"wp:attachment":[{"href":"https:\/\/staging.nbg.eu\/lt\/wp-json\/wp\/v2\/media?parent=74080"}],"wp:term":[{"taxonomy":"product_brand","embeddable":true,"href":"https:\/\/staging.nbg.eu\/lt\/wp-json\/wp\/v2\/product_brand?post=74080"},{"taxonomy":"product_cat","embeddable":true,"href":"https:\/\/staging.nbg.eu\/lt\/wp-json\/wp\/v2\/product_cat?post=74080"},{"taxonomy":"product_tag","embeddable":true,"href":"https:\/\/staging.nbg.eu\/lt\/wp-json\/wp\/v2\/product_tag?post=74080"}],"curies":[{"name":"wp","href":"https:\/\/api.w.org\/{rel}","templated":true}]}}