{"id":74032,"date":"2024-10-16T20:26:30","date_gmt":"2024-10-25T14:29:41","guid":{"rendered":"https:\/\/staging.nbg.eu\/product\/casio-gbdh2000-1aer\/"},"modified":"2024-10-25T14:31:13","modified_gmt":"2024-10-25T14:31:13","slug":"casio-gbdh2000-1aer","status":"publish","type":"product","link":"https:\/\/staging.nbg.eu\/lt\/produktas\/casio-gbdh2000-1aer\/","title":{"rendered":"Casio GBDH2000-1AER"},"content":{"rendered":"<h2>Casio GBDH2000-1AER: Fizinio aktyvumo steb\u0117jimo laikrodis<\/h2>\n<p>Casio GBDH2000-1AER turi 6 jutiklius ir GPS funkcij\u0105. \u0160is laikrodis stebi fizin\u012f aktyvum\u0105 realiu laiku 8 skirtingose sporto \u0161akose, \u012fskaitant b\u0117gim\u0105, va\u017eiavim\u0105 dvira\u010diu ir plaukim\u0105.<\/p>\n<ul>\n<li>Matuoja atstum\u0105, greit\u012f, laik\u0105, temp\u0105, \u0161irdies ritm\u0105 ir sudegintas kalorijas<\/li>\n<li>Matuoja kraujo deguonies lyg\u012f<\/li>\n<li>Dviej\u0173 sluoksni\u0173 r\u0117mo konstrukcija<\/li>\n<li>Saul\u0117s energija papildoma baterija<\/li>\n<li>I\u0161maniosios funkcijos: prane\u0161imai ir pasaulio laikas 300 miest\u0173<\/li>\n<\/ul>\n<p>GBDH2000-1AER pagamintas i\u0161 ekologi\u0161k\u0173 bioplastik\u0173. \u0160is laikrodis tinka tiek patyrusiam sportininkui, tiek pradedan\u010diajam.<\/p>\n","protected":false},"excerpt":{"rendered":"<p>GPS funkcij\u0105 turintis sportinis laikrodis su 6 jutikliais, stebintis 8 veiklas.<\/p>\n","protected":false},"featured_media":71410,"template":"","meta":{"_acf_changed":false},"product_brand":[11209],"product_cat":[13731],"product_tag":[],"class_list":{"0":"post-74032","1":"product","2":"type-product","3":"status-publish","4":"has-post-thumbnail","6":"product_brand-casio","7":"product_cat-edc","9":"first","10":"instock","11":"taxable","12":"shipping-taxable","13":"purchasable","14":"product-type-simple"},"acf":[],"_links":{"self":[{"href":"https:\/\/staging.nbg.eu\/lt\/wp-json\/wp\/v2\/product\/74032","targetHints":{"allow":["GET"]}}],"collection":[{"href":"https:\/\/staging.nbg.eu\/lt\/wp-json\/wp\/v2\/product"}],"about":[{"href":"https:\/\/staging.nbg.eu\/lt\/wp-json\/wp\/v2\/types\/product"}],"wp:featuredmedia":[{"embeddable":true,"href":"https:\/\/staging.nbg.eu\/lt\/wp-json\/wp\/v2\/media\/71410"}],"wp:attachment":[{"href":"https:\/\/staging.nbg.eu\/lt\/wp-json\/wp\/v2\/media?parent=74032"}],"wp:term":[{"taxonomy":"product_brand","embeddable":true,"href":"https:\/\/staging.nbg.eu\/lt\/wp-json\/wp\/v2\/product_brand?post=74032"},{"taxonomy":"product_cat","embeddable":true,"href":"https:\/\/staging.nbg.eu\/lt\/wp-json\/wp\/v2\/product_cat?post=74032"},{"taxonomy":"product_tag","embeddable":true,"href":"https:\/\/staging.nbg.eu\/lt\/wp-json\/wp\/v2\/product_tag?post=74032"}],"curies":[{"name":"wp","href":"https:\/\/api.w.org\/{rel}","templated":true}]}}