{"id":73988,"date":"2024-10-18T20:01:13","date_gmt":"2024-10-18T20:01:13","guid":{"rendered":"https:\/\/staging.nbg.eu\/product\/holosun-hs515cm-red-dot-sight\/"},"modified":"2024-10-25T14:24:33","modified_gmt":"2024-10-25T14:24:33","slug":"holosun-hs515cm-raudonas-taskinis-taikinyje","status":"publish","type":"product","link":"https:\/\/staging.nbg.eu\/lt\/produktas\/holosun-hs515cm-raudonas-taskinis-taikinyje\/","title":{"rendered":"Holosun HS515CM &#8211; raudonas ta\u0161kinis taikinyje"},"content":{"rendered":"<div class=\"product-description\">\n<h2>Holosun HS515CM &#8211; Raudonojo ta\u0161ko taikiklis<\/h2>\n<p>HS515CM yra 20mm mikro taikiklis, skirtas \u0161autuvams ir karabinams. Pagamintas i\u0161 7075 aliuminio, jis turi:<\/p>\n<ul>\n<li>Skaidrius, nuimamus\/besisukan\u010dius l\u0119\u0161i\u0173 dangtelius<\/li>\n<li>QD apatin\u012f 1\/3 bendro matymo tvirtinim\u0105 (1.63&#8243;)<\/li>\n<li>IP68 atsparumo vandeniui ir dulk\u0117ms \u012fvertinim\u0105<\/li>\n<li>Saul\u0117s energijos atsargin\u0119 technologij\u0105<\/li>\n<li>Keli\u0173 taikikli\u0173 sistem\u0105 su raudonu Super LED<\/li>\n<li>10 dienos \u0161viesos ir 2 naktinio matymo nustatymus<\/li>\n<li>Pa\u017eadinimo nuo judesio technologij\u0105<\/li>\n<li>Iki 50,000 valand\u0173 baterijos veikimo laik\u0105<\/li>\n<li>Baterijos keitim\u0105 \u0161one be \u012franki\u0173<\/li>\n<\/ul>\n<p>Skirtas sportiniam ir profesionaliam naudojimui, HS515CM si\u016blo 0.5 MOA reguliavimus ir \u00b150 MOA reguliavimo diapazon\u0105. Jis sukurtas atlaikyti ekstremalias temperat\u016bras ir 1000G vibracijas.<\/p>\n<\/div>\n","protected":false},"excerpt":{"rendered":"<p>Patvarus 20 mm mikro raudonasis ta\u0161kinis taikinys \u0161autuvams, maitinamas saul\u0117s energija, atsparus vandeniui.<\/p>\n","protected":false},"featured_media":72407,"template":"","meta":{"_acf_changed":false},"product_brand":[11433],"product_cat":[13718,13751,13717],"product_tag":[],"class_list":{"0":"post-73988","1":"product","2":"type-product","3":"status-publish","4":"has-post-thumbnail","6":"product_brand-holosun","7":"product_cat-raudoni-taskai","8":"product_cat-sautuvu-taikikliai","9":"product_cat-taikymas","11":"first","12":"instock","13":"taxable","14":"shipping-taxable","15":"purchasable","16":"product-type-simple"},"acf":[],"_links":{"self":[{"href":"https:\/\/staging.nbg.eu\/lt\/wp-json\/wp\/v2\/product\/73988","targetHints":{"allow":["GET"]}}],"collection":[{"href":"https:\/\/staging.nbg.eu\/lt\/wp-json\/wp\/v2\/product"}],"about":[{"href":"https:\/\/staging.nbg.eu\/lt\/wp-json\/wp\/v2\/types\/product"}],"wp:featuredmedia":[{"embeddable":true,"href":"https:\/\/staging.nbg.eu\/lt\/wp-json\/wp\/v2\/media\/72407"}],"wp:attachment":[{"href":"https:\/\/staging.nbg.eu\/lt\/wp-json\/wp\/v2\/media?parent=73988"}],"wp:term":[{"taxonomy":"product_brand","embeddable":true,"href":"https:\/\/staging.nbg.eu\/lt\/wp-json\/wp\/v2\/product_brand?post=73988"},{"taxonomy":"product_cat","embeddable":true,"href":"https:\/\/staging.nbg.eu\/lt\/wp-json\/wp\/v2\/product_cat?post=73988"},{"taxonomy":"product_tag","embeddable":true,"href":"https:\/\/staging.nbg.eu\/lt\/wp-json\/wp\/v2\/product_tag?post=73988"}],"curies":[{"name":"wp","href":"https:\/\/api.w.org\/{rel}","templated":true}]}}