{"id":73944,"date":"2024-08-16T18:08:29","date_gmt":"2024-08-16T18:08:29","guid":{"rendered":"https:\/\/staging.nbg.eu\/product\/calypso-mini-mini-applied-ballistics-compatible\/"},"modified":"2024-10-25T07:34:57","modified_gmt":"2024-10-25T07:34:57","slug":"calypso-mini-mini-suderinamas-su-applied-ballistics","status":"publish","type":"product","link":"https:\/\/staging.nbg.eu\/lt\/produktas\/calypso-mini-mini-suderinamas-su-applied-ballistics\/","title":{"rendered":"Calypso Mini &#8211; Mini suderinamas su Applied Ballistics"},"content":{"rendered":"<h2>Calypso Mini &#8211; Mini suderinamas su taikom\u0105ja balistika<\/h2>\n<p>Calypso Mini yra kompakti\u0161kas ultragarsinis anemometras ir v\u0117jarod\u0117. \u0160is 43 mm skersmens prietaisas pasi\u017eymi pa\u017eangiomis funkcijomis ir tvirta konstrukcija.<\/p>\n<h3>Pagrindin\u0117s savyb\u0117s:<\/h3>\n<ul>\n<li>Ultragarsiniai jutikliai tiksliam v\u0117jo grei\u010dio ir krypties matavimui<\/li>\n<li>Bluetooth 5.1 ry\u0161ys iki 30 m atstumo<\/li>\n<li>Belaidis QI \u012fkrovimas su 150 valand\u0173 baterijos veikimo laiku<\/li>\n<li>IPX8 atsparumo vandeniui klas\u0117<\/li>\n<li>Suderinamas su Android, iOS ir Garmin \u012frenginiais<\/li>\n<li>1\/4&#8243; vidinis sriegis tvirtinimui ant trikojo<\/li>\n<li>Lengvas, sveriantis tik 78 gramus<\/li>\n<\/ul>\n<p>Calypso Mini matuoja v\u0117jo greit\u012f nuo 0,5 iki 25 m\/s ir krypt\u012f \u00b11\u00b0 tikslumu. Jo konstrukcija be judan\u010di\u0173 dali\u0173 u\u017etikrina patikimum\u0105 \u012fvairiomis s\u0105lygomis. Naudokite j\u012f su nemokama Anemotracker program\u0117le duomen\u0173 registravimui ir v\u0117jo informacijai realiuoju laiku gauti.<\/p>\n<p>Calypso Mini tinka j\u016brininkams, lauko entuziastams ir profesionaliems meteorologams kaip kompakti\u0161kas v\u0117jo matavimo sprendimas.<\/p>\n","protected":false},"excerpt":{"rendered":"<p>Kompakti\u0161kas ultragarsinis anemometras su \u201eBluetooth&#8221; ry\u0161iu, skirtas tiksliems v\u0117jo duomenims gauti.<\/p>\n","protected":false},"featured_media":23275,"template":"","meta":{"_acf_changed":false},"product_brand":[11187],"product_cat":[13744,13757,13683],"product_tag":[],"class_list":{"0":"post-73944","1":"product","2":"type-product","3":"status-publish","4":"has-post-thumbnail","6":"product_brand-calypso","7":"product_cat-irankiai","8":"product_cat-nekategorizuota","9":"product_cat-oro-salygu-matuokliai","11":"first","12":"instock","13":"taxable","14":"shipping-taxable","15":"purchasable","16":"product-type-simple"},"acf":[],"_links":{"self":[{"href":"https:\/\/staging.nbg.eu\/lt\/wp-json\/wp\/v2\/product\/73944","targetHints":{"allow":["GET"]}}],"collection":[{"href":"https:\/\/staging.nbg.eu\/lt\/wp-json\/wp\/v2\/product"}],"about":[{"href":"https:\/\/staging.nbg.eu\/lt\/wp-json\/wp\/v2\/types\/product"}],"wp:featuredmedia":[{"embeddable":true,"href":"https:\/\/staging.nbg.eu\/lt\/wp-json\/wp\/v2\/media\/23275"}],"wp:attachment":[{"href":"https:\/\/staging.nbg.eu\/lt\/wp-json\/wp\/v2\/media?parent=73944"}],"wp:term":[{"taxonomy":"product_brand","embeddable":true,"href":"https:\/\/staging.nbg.eu\/lt\/wp-json\/wp\/v2\/product_brand?post=73944"},{"taxonomy":"product_cat","embeddable":true,"href":"https:\/\/staging.nbg.eu\/lt\/wp-json\/wp\/v2\/product_cat?post=73944"},{"taxonomy":"product_tag","embeddable":true,"href":"https:\/\/staging.nbg.eu\/lt\/wp-json\/wp\/v2\/product_tag?post=73944"}],"curies":[{"name":"wp","href":"https:\/\/api.w.org\/{rel}","templated":true}]}}