{"id":73735,"date":"2024-10-16T19:50:15","date_gmt":"2024-10-21T08:19:48","guid":{"rendered":"https:\/\/staging.nbg.eu\/product\/casio-gba-800-1aer\/"},"modified":"2024-10-21T08:21:23","modified_gmt":"2024-10-21T08:21:23","slug":"casio-gba-800-1aer","status":"publish","type":"product","link":"https:\/\/staging.nbg.eu\/lt\/produktas\/casio-gba-800-1aer\/","title":{"rendered":"Casio GBA-800-1AER"},"content":{"rendered":"<h2>Casio GBA-800-1AER G-SQUAD laikrodis<\/h2>\n<p>Casio GBA-800-1AER G-SQUAD yra sportinis laikrodis. \u0160is laikrodis sujungia G-SHOCK atsparum\u0105 su fizinio aktyvumo steb\u0117jimo funkcijomis.<\/p>\n<ul>\n<li>Bluetooth ry\u0161ys integravimuisi su CASIO WATCHES program\u0117le<\/li>\n<li>3 a\u0161i\u0173 akselerometras \u017eingsni\u0173 skai\u010diavimui<\/li>\n<li>Reguliuojami atgalin\u0117s atskaitos laikma\u010diai ir 200 rat\u0173 atmintis<\/li>\n<li>\u017dingsni\u0173 skai\u010diavimo \u017eurnalas su penkiais fizinio kr\u016bvio lygiais<\/li>\n<li>Kalorij\u0173 skai\u010diavimas ir \u017eingsni\u0173 tikslo nustatymas<\/li>\n<li>Automatinis laiko koregavimas ir pasaulio laikas 300 miest\u0173<\/li>\n<li>Dvigubas LED ap\u0161vietimas matomumui prasto ap\u0161vietimo s\u0105lygomis<\/li>\n<\/ul>\n<p>GBA-800-1AER turi mink\u0161t\u0105 uretano dir\u017eel\u012f su patobulinta forma ir reguliavimo galimybe. Jo kompakti\u0161kas korpusas tinka sportui, b\u0117gimui, treniruot\u0117ms ir kasdieniam d\u0117v\u0117jimui.<\/p>\n","protected":false},"excerpt":{"rendered":"<p>Sporti\u0161kas i\u0161manusis laikrodis su \u017eingsni\u0173 skaitikliu ir program\u0117li\u0173 sinchronizavimu.<\/p>\n","protected":false},"featured_media":71106,"template":"","meta":{"_acf_changed":false},"product_brand":[11209],"product_cat":[13731],"product_tag":[],"class_list":{"0":"post-73735","1":"product","2":"type-product","3":"status-publish","4":"has-post-thumbnail","6":"product_brand-casio","7":"product_cat-edc","9":"first","10":"instock","11":"taxable","12":"shipping-taxable","13":"purchasable","14":"product-type-simple"},"acf":[],"_links":{"self":[{"href":"https:\/\/staging.nbg.eu\/lt\/wp-json\/wp\/v2\/product\/73735","targetHints":{"allow":["GET"]}}],"collection":[{"href":"https:\/\/staging.nbg.eu\/lt\/wp-json\/wp\/v2\/product"}],"about":[{"href":"https:\/\/staging.nbg.eu\/lt\/wp-json\/wp\/v2\/types\/product"}],"wp:featuredmedia":[{"embeddable":true,"href":"https:\/\/staging.nbg.eu\/lt\/wp-json\/wp\/v2\/media\/71106"}],"wp:attachment":[{"href":"https:\/\/staging.nbg.eu\/lt\/wp-json\/wp\/v2\/media?parent=73735"}],"wp:term":[{"taxonomy":"product_brand","embeddable":true,"href":"https:\/\/staging.nbg.eu\/lt\/wp-json\/wp\/v2\/product_brand?post=73735"},{"taxonomy":"product_cat","embeddable":true,"href":"https:\/\/staging.nbg.eu\/lt\/wp-json\/wp\/v2\/product_cat?post=73735"},{"taxonomy":"product_tag","embeddable":true,"href":"https:\/\/staging.nbg.eu\/lt\/wp-json\/wp\/v2\/product_tag?post=73735"}],"curies":[{"name":"wp","href":"https:\/\/api.w.org\/{rel}","templated":true}]}}