{"id":73713,"date":"2024-10-16T19:57:17","date_gmt":"2024-10-21T08:17:46","guid":{"rendered":"https:\/\/staging.nbg.eu\/product\/casio-gbd-800-1ber\/"},"modified":"2024-10-21T08:19:37","modified_gmt":"2024-10-21T08:19:37","slug":"casio-gbd-800-1ber","status":"publish","type":"product","link":"https:\/\/staging.nbg.eu\/lt\/produktas\/casio-gbd-800-1ber\/","title":{"rendered":"Casio GBD-800-1BER"},"content":{"rendered":"<h2>Casio GBD-800-1BER G-SQUAD sportinis laikrodis<\/h2>\n<p>Casio GBD-800-1BER yra G-SQUAD sportinis laikrodis, skirtas sportininkams ir kasdieniam naudojimui. \u0160is juodas laikrodis turi:<\/p>\n<ul>\n<li>Keli\u0173 segment\u0173 skaitmenin\u012f ekran\u0105<\/li>\n<li>Bluetooth ry\u0161\u012f su CASIO WATCHES program\u0117le<\/li>\n<li>3 a\u0161i\u0173 akcelerometr\u0105 \u017eingsni\u0173 skai\u010diavimui<\/li>\n<li>Keli\u0173 laikma\u010di\u0173 funkcij\u0105 su iki 20 laikma\u010di\u0173 kombinacij\u0173<\/li>\n<li>200 rat\u0173 atmint\u012f treniruo\u010di\u0173 steb\u0117jimui<\/li>\n<li>Automatin\u012f LED ap\u0161vietim\u0105<\/li>\n<li>Reguliuojam\u0105 dir\u017eel\u012f ir nugar\u0117l\u0117s sparnelius patogiam d\u0117v\u0117jimui<\/li>\n<\/ul>\n<p>GBD-800-1BER turi fitneso sekimo funkcijas. \u0160is G-SHOCK laikrodis tinka sporto sal\u0117je ir gatv\u0117je naudojimui, padeda sekti fitneso tikslus.<\/p>\n","protected":false},"excerpt":{"rendered":"<p>Eleganti\u0161kas G-SHOCK sportinis laikrodis su \u017eingsni\u0173 skai\u010diuotuvu ir galimybe prisijungti prie telefono program\u0117l\u0117s.<\/p>\n","protected":false},"featured_media":100956,"template":"","meta":{"_acf_changed":false},"product_brand":[11209],"product_cat":[13731],"product_tag":[],"class_list":{"0":"post-73713","1":"product","2":"type-product","3":"status-publish","4":"has-post-thumbnail","6":"product_brand-casio","7":"product_cat-edc","9":"first","10":"instock","11":"taxable","12":"shipping-taxable","13":"purchasable","14":"product-type-simple"},"acf":[],"_links":{"self":[{"href":"https:\/\/staging.nbg.eu\/lt\/wp-json\/wp\/v2\/product\/73713","targetHints":{"allow":["GET"]}}],"collection":[{"href":"https:\/\/staging.nbg.eu\/lt\/wp-json\/wp\/v2\/product"}],"about":[{"href":"https:\/\/staging.nbg.eu\/lt\/wp-json\/wp\/v2\/types\/product"}],"wp:featuredmedia":[{"embeddable":true,"href":"https:\/\/staging.nbg.eu\/lt\/wp-json\/wp\/v2\/media\/100956"}],"wp:attachment":[{"href":"https:\/\/staging.nbg.eu\/lt\/wp-json\/wp\/v2\/media?parent=73713"}],"wp:term":[{"taxonomy":"product_brand","embeddable":true,"href":"https:\/\/staging.nbg.eu\/lt\/wp-json\/wp\/v2\/product_brand?post=73713"},{"taxonomy":"product_cat","embeddable":true,"href":"https:\/\/staging.nbg.eu\/lt\/wp-json\/wp\/v2\/product_cat?post=73713"},{"taxonomy":"product_tag","embeddable":true,"href":"https:\/\/staging.nbg.eu\/lt\/wp-json\/wp\/v2\/product_tag?post=73713"}],"curies":[{"name":"wp","href":"https:\/\/api.w.org\/{rel}","templated":true}]}}