{"id":71028,"date":"2024-01-21T15:18:33","date_gmt":"2024-01-21T15:18:33","guid":{"rendered":"https:\/\/staging.nbg.eu\/product\/surefire-123a-batteries\/"},"modified":"2025-02-04T10:27:31","modified_gmt":"2025-02-04T10:27:31","slug":"surefire-123a-baterijos","status":"publish","type":"product","link":"https:\/\/staging.nbg.eu\/lt\/produktas\/surefire-123a-baterijos\/","title":{"rendered":"SureFire 123A baterijos"},"content":{"rendered":"<div class=\"product-description\">\n<h2>SureFire SF72-BB (123A baterija)<\/h2>\n<p>SureFire 123A li\u010dio baterija yra efektyvesn\u0117 nei \u0161armin\u0117s baterijos. \u0160ios baterijos savyb\u0117s:<\/p>\n<ul>\n<li>10 met\u0173 galiojimo laikas<\/li>\n<li>3V \u012ftampa ir 1 550 mAh talpa<\/li>\n<li>Lengva, sveria tik 17 gram\u0173<\/li>\n<li>Pritaikyta SureFire \u017eibintuv\u0117liams<\/li>\n<\/ul>\n<p>SureFire baterijos yra paruo\u0161tos naudoti, kai j\u0173 reikia. Jos tinka \u012fvairiems svarbiems pritaikymams.<\/p>\n<\/div>\n","protected":false},"excerpt":{"rendered":"<p>Auk\u0161tos kokyb\u0117s 123A li\u010dio baterija. 10 met\u0173 galiojimo laikas, 3V, 1550mAh.<\/p>\n","protected":false},"featured_media":71029,"template":"","meta":{"_acf_changed":false},"product_brand":[11872],"product_cat":[13680,13731,13700,13732],"product_tag":[],"class_list":{"0":"post-71028","1":"product","2":"type-product","3":"status-publish","4":"has-post-thumbnail","6":"product_brand-surefire","7":"product_cat-baterijos","8":"product_cat-edc","9":"product_cat-edc-zibintuveliai","10":"product_cat-zibintuveliai","12":"first","13":"instock","14":"taxable","15":"shipping-taxable","16":"purchasable","17":"product-type-simple"},"acf":[],"_links":{"self":[{"href":"https:\/\/staging.nbg.eu\/lt\/wp-json\/wp\/v2\/product\/71028","targetHints":{"allow":["GET"]}}],"collection":[{"href":"https:\/\/staging.nbg.eu\/lt\/wp-json\/wp\/v2\/product"}],"about":[{"href":"https:\/\/staging.nbg.eu\/lt\/wp-json\/wp\/v2\/types\/product"}],"wp:featuredmedia":[{"embeddable":true,"href":"https:\/\/staging.nbg.eu\/lt\/wp-json\/wp\/v2\/media\/71029"}],"wp:attachment":[{"href":"https:\/\/staging.nbg.eu\/lt\/wp-json\/wp\/v2\/media?parent=71028"}],"wp:term":[{"taxonomy":"product_brand","embeddable":true,"href":"https:\/\/staging.nbg.eu\/lt\/wp-json\/wp\/v2\/product_brand?post=71028"},{"taxonomy":"product_cat","embeddable":true,"href":"https:\/\/staging.nbg.eu\/lt\/wp-json\/wp\/v2\/product_cat?post=71028"},{"taxonomy":"product_tag","embeddable":true,"href":"https:\/\/staging.nbg.eu\/lt\/wp-json\/wp\/v2\/product_tag?post=71028"}],"curies":[{"name":"wp","href":"https:\/\/api.w.org\/{rel}","templated":true}]}}