{"id":68990,"date":"2023-01-30T18:17:49","date_gmt":"2023-01-30T18:17:49","guid":{"rendered":"https:\/\/staging.nbg.eu\/product\/geissele-super-duty-mod1-rifle-14-5-5-56mm-ddc\/"},"modified":"2024-09-27T10:24:11","modified_gmt":"2024-09-27T10:24:11","slug":"geissele-super-duty-sautuvas-145-coliu-556mm-ddc","status":"publish","type":"product","link":"https:\/\/staging.nbg.eu\/lt\/produktas\/geissele-super-duty-sautuvas-145-coliu-556mm-ddc\/","title":{"rendered":"Geissele Super Duty \u0160autuvas 14.5 coli\u0173 5.56MM DDC"},"content":{"rendered":"<h2>Geissele Super Duty &#8211; 14.5&#8243; 5.56MM<\/h2>\n<p>Geissele Super Duty yra 14.5&#8243; \u0161autuvas 5.56 NATO kalibro.<\/p>\n<h2>Pagrindin\u0117s savyb\u0117s:<\/h2>\n<ul>\n<li>14.5&#8243; \u0161alto kalimo, chromuotas vamzdis (1:7&#8243; \u017eingsnis)<\/li>\n<li>Pagaminta Geissele gamykloje North Wales, PA<\/li>\n<li>Karbino ilgio duj\u0173 sistema su kompakti\u0161ku duj\u0173 bloku<\/li>\n<li>14&#8243; SMR MK14.5 modulinis priekinis laikiklis su M-LOK suderinamumu<\/li>\n<li>7075-T6 aliuminio apatinis imtuvas su Ultra Duty dali\u0173 rinkiniu<\/li>\n<li>Abipusis saugiklis<\/li>\n<li>Super-42 spyruokl\u0117 ir H3 buferis<\/li>\n<\/ul>\n<h2>Specifikacijos:<\/h2>\n<ul>\n<li>Kalibras: 5.56 NATO<\/li>\n<li>Vamzdis: Geissele \u0161alto kalimo, chromuotas, 1\/7 \u017eingsnis<\/li>\n<li>Imtuvai: Kaltas 7075-T6, III tipo kietasis anodavimas<\/li>\n<li>Spynos grup\u0117: REBCG (Patobulinta patikimumo spynos grup\u0117)<\/li>\n<li>Nuleistukas: SSA-X su Lightning Bow<\/li>\n<li>Antgalis: Geissele Sparkout liepsnos slopintuvas<\/li>\n<li>U\u017etaisymo rankena: Airborne<\/li>\n<li>Spalva: DDC (Dykumos purvo spalva)*<\/li>\n<\/ul>\n<p><em>*Pastaba: DDC anodavimo atspalvis gali skirtis<\/em><\/p>\n<p>Geissele Super Duty \u0161autuvas yra kompakti\u0161kas ir efektyvus.<\/p>\n","protected":false},"excerpt":{"rendered":"<p>Geissele Super Duty: 14,5 colio 5,56 mm, pa\u017eangi technologija, precizi\u0161kai pagaminta.<\/p>\n","protected":false},"featured_media":68991,"template":"","meta":{"_acf_changed":false},"product_brand":[11386],"product_cat":[13738,13741],"product_tag":[],"class_list":{"0":"post-68990","1":"product","2":"type-product","3":"status-publish","4":"has-post-thumbnail","6":"product_brand-geissele","7":"product_cat-karabinai","8":"product_cat-sautuvas","10":"first","11":"outofstock","12":"taxable","13":"shipping-taxable","14":"product-type-simple"},"acf":[],"_links":{"self":[{"href":"https:\/\/staging.nbg.eu\/lt\/wp-json\/wp\/v2\/product\/68990","targetHints":{"allow":["GET"]}}],"collection":[{"href":"https:\/\/staging.nbg.eu\/lt\/wp-json\/wp\/v2\/product"}],"about":[{"href":"https:\/\/staging.nbg.eu\/lt\/wp-json\/wp\/v2\/types\/product"}],"wp:featuredmedia":[{"embeddable":true,"href":"https:\/\/staging.nbg.eu\/lt\/wp-json\/wp\/v2\/media\/68991"}],"wp:attachment":[{"href":"https:\/\/staging.nbg.eu\/lt\/wp-json\/wp\/v2\/media?parent=68990"}],"wp:term":[{"taxonomy":"product_brand","embeddable":true,"href":"https:\/\/staging.nbg.eu\/lt\/wp-json\/wp\/v2\/product_brand?post=68990"},{"taxonomy":"product_cat","embeddable":true,"href":"https:\/\/staging.nbg.eu\/lt\/wp-json\/wp\/v2\/product_cat?post=68990"},{"taxonomy":"product_tag","embeddable":true,"href":"https:\/\/staging.nbg.eu\/lt\/wp-json\/wp\/v2\/product_tag?post=68990"}],"curies":[{"name":"wp","href":"https:\/\/api.w.org\/{rel}","templated":true}]}}