{"id":68480,"date":"2023-11-29T10:10:20","date_gmt":"2024-09-20T12:30:03","guid":{"rendered":"https:\/\/staging.nbg.eu\/product\/geissele-super-duty-mod1-11-5-5-56mm-ddc\/"},"modified":"2024-09-27T10:07:27","modified_gmt":"2024-09-27T10:07:27","slug":"geissele-super-duty-115-coliu-556mm-ddc","status":"publish","type":"product","link":"https:\/\/staging.nbg.eu\/lt\/produktas\/geissele-super-duty-115-coliu-556mm-ddc\/","title":{"rendered":"Geissele Super Duty 11.5 coli\u0173 5.56MM DDC"},"content":{"rendered":"<h2>Geissele Super Duty Pistoletas &#8211; 11.5&#8243; 5.56MM<\/h2>\n<p>Geissele Super Duty yra 11,5&#8243; ilgio 5,56 NATO kalibro ginklas.<\/p>\n<h2>Pagrindin\u0117s savyb\u0117s:<\/h2>\n<ul>\n<li>11,5&#8243; \u0161alto kalimo, chromu dengtas vamzdis (1:7&#8243; \u017eingsnis)<\/li>\n<li>Pagamintas Geissele gamykloje North Wales, PA<\/li>\n<li>Karabino ilgio duj\u0173 sistema su kompakti\u0161ku duj\u0173 bloku<\/li>\n<li>10,5&#8243; SMR MK16 modulinis kreiptuvas su M-LOK suderinamumu<\/li>\n<li>7075-T6 aliuminio apatinis imtuvas su Ultra Duty dali\u0173 rinkiniu<\/li>\n<li>Abipusis konfig\u016bruojamas saugiklis<\/li>\n<li>Super-42 spyruokl\u0117 ir H3 buferis<\/li>\n<\/ul>\n<h2>Specifikacijos:<\/h2>\n<ul>\n<li>Kalibras: 5,56 NATO<\/li>\n<li>Vamzdis: Geissele \u0161alto kalimo, chromu dengtas, 1\/7 \u017eingsnis<\/li>\n<li>Imtuvai: Kaltas 7075-T6, kietai anoduotas III tipo<\/li>\n<li>Spynos laikiklis: REBCG (Patobulintas patikimumo spynos laikiklis)<\/li>\n<li>Gaidukas: SSA-X su Lightning Bow<\/li>\n<li>Antgalis: Geissele Sparkout liepsnos slopintuvas<\/li>\n<li>U\u017etaisymo rankena: Airborne<\/li>\n<li>Spalva: DDC (Dykumos purvo spalva)*<\/li>\n<\/ul>\n<p><em>*Pastaba: DDC anodavimo atspalvis gali skirtis<\/em><\/p>\n<p>Geissele Super Duty Pistoletas yra kompakti\u0161kas ir efektyvus ginklas.<\/p>\n","protected":false},"excerpt":{"rendered":"<p>Geissele Super Duty: 11,5 coli\u0173 5,56 mm, pa\u017eangi technologija, tiksliai pagamintas.<\/p>\n","protected":false},"featured_media":191255,"template":"","meta":{"_acf_changed":false},"product_brand":[11386],"product_cat":[13738,13726,13741],"product_tag":[],"class_list":{"0":"post-68480","1":"product","2":"type-product","3":"status-publish","4":"has-post-thumbnail","6":"product_brand-geissele","7":"product_cat-karabinai","8":"product_cat-licencijuotas","9":"product_cat-sautuvas","11":"first","12":"instock","13":"taxable","14":"shipping-taxable","15":"product-type-simple"},"acf":[],"_links":{"self":[{"href":"https:\/\/staging.nbg.eu\/lt\/wp-json\/wp\/v2\/product\/68480","targetHints":{"allow":["GET"]}}],"collection":[{"href":"https:\/\/staging.nbg.eu\/lt\/wp-json\/wp\/v2\/product"}],"about":[{"href":"https:\/\/staging.nbg.eu\/lt\/wp-json\/wp\/v2\/types\/product"}],"wp:featuredmedia":[{"embeddable":true,"href":"https:\/\/staging.nbg.eu\/lt\/wp-json\/wp\/v2\/media\/191255"}],"wp:attachment":[{"href":"https:\/\/staging.nbg.eu\/lt\/wp-json\/wp\/v2\/media?parent=68480"}],"wp:term":[{"taxonomy":"product_brand","embeddable":true,"href":"https:\/\/staging.nbg.eu\/lt\/wp-json\/wp\/v2\/product_brand?post=68480"},{"taxonomy":"product_cat","embeddable":true,"href":"https:\/\/staging.nbg.eu\/lt\/wp-json\/wp\/v2\/product_cat?post=68480"},{"taxonomy":"product_tag","embeddable":true,"href":"https:\/\/staging.nbg.eu\/lt\/wp-json\/wp\/v2\/product_tag?post=68480"}],"curies":[{"name":"wp","href":"https:\/\/api.w.org\/{rel}","templated":true}]}}